{"id":1187,"date":"2025-08-01T05:28:53","date_gmt":"2025-08-01T05:28:53","guid":{"rendered":"https:\/\/carlosa270.sg-host.com\/?page_id=1187"},"modified":"2026-03-20T23:34:33","modified_gmt":"2026-03-20T23:34:33","slug":"nosotros","status":"publish","type":"page","link":"https:\/\/latradi.pe\/en\/nosotros\/","title":{"rendered":"About Us"},"content":{"rendered":"<div class=\"wpb-content-wrapper\"><div id=\"nosotros-hero-container\" class=\"vc_row wpb_row row top-row vc_custom_1754406983110 wpb_custom_034b39d9bc6c6b310d69e39f0ccf274f\"><div class=\"hero-column vc_column_container col-md-12\"><div class=\"wpb_wrapper vc_column-inner\">\r\n\t<div class=\"wpb_single_image wpb_content_element vc_align_left wpb_content_element  wpb_custom_81a4f7ef9830bf958462581aa01150fb\"><div class=\"wpb_wrapper\">\r\n\t\t\t\r\n\t\t\t<div class=\"vc_single_image-wrapper   vc_box_border_grey\"><img loading=\"lazy\" decoding=\"async\" width=\"1921\" height=\"1001\" src=\"https:\/\/latradi.pe\/wp-content\/uploads\/2025\/08\/hero-nosotros.webp\" class=\"vc_single_image-img attachment-full\" alt=\"Personal de Tradici\u00f3n Arequipe\u00f1a\" title=\"hero-nosotros\" srcset=\"https:\/\/latradi.pe\/wp-content\/uploads\/2025\/08\/hero-nosotros.webp 1921w, https:\/\/latradi.pe\/wp-content\/uploads\/2025\/08\/hero-nosotros-1024x534.webp 1024w, https:\/\/latradi.pe\/wp-content\/uploads\/2025\/08\/hero-nosotros-768x400.webp 768w, https:\/\/latradi.pe\/wp-content\/uploads\/2025\/08\/hero-nosotros-1536x800.webp 1536w, https:\/\/latradi.pe\/wp-content\/uploads\/2025\/08\/hero-nosotros-640x333.webp 640w, https:\/\/latradi.pe\/wp-content\/uploads\/2025\/08\/hero-nosotros-400x208.webp 400w, https:\/\/latradi.pe\/wp-content\/uploads\/2025\/08\/hero-nosotros-393x205.webp 393w\" sizes=\"auto, (max-width: 1921px) 100vw, 1921px\" \/><\/div>\r\n\t\t<\/div>\r\n\t<\/div>\r\n\n\t<div class=\"wpb_raw_code wpb_raw_html wpb_content_element vc_custom_1754407408336\" >\n\t\t<div class=\"wpb_wrapper\">\n\t\t\t<div class=\"nosotros-hero-contenido\">\n    <div class=\"linea-img\">\n        <div class=\"punto\"><\/div>\n        <div class=\"linea\"><\/div>\n        <div class=\"punto\"><\/div>\n    <\/div>\n        \n    <h1 class=\"nosotros-hero-title\">We cook with the heart of Arequipa<\/h1>    \n    \n    <div class=\"linea-img\">\n        <div class=\"punto\"><\/div>\n        <div class=\"linea\"><\/div>\n        <div class=\"punto\"><\/div>\n    <\/div>\n<\/div>\n\t\t<\/div>\n\t<\/div>\n<\/div><\/div><\/div><div id=\"nosotros-medio-siglo-container\" class=\"vc_row wpb_row row top-row vc_custom_1754488472345 vc_row-has-fill wpb_custom_034b39d9bc6c6b310d69e39f0ccf274f\"><div class=\"vc_column_container col-md-12\"><div class=\"wpb_wrapper vc_column-inner\">\r\n\t<div class=\"wpb_text_column wpb_content_element vc_custom_1754885033651 wpb_custom_5392c419c8728f2eea2c9a5bddd865fd\" >\r\n\t\t<div class=\"wpb_wrapper\">\r\n\t\t\t<h2 style=\"text-align: center;\">Over half a century of tradition<\/h2>\n\r\n\t\t<\/div>\r\n\t<\/div>\r\n\r\n\t<div class=\"wpb_text_column wpb_content_element vc_custom_1754885601328 nosotros-medio-siglo-parrafo wpb_custom_db1417af99f3ff68752d7da287260c63\" >\r\n\t\t<div class=\"wpb_wrapper\">\r\n\t\t\t<p style=\"text-align: center;\">Founded in the heart of Arequipa, Tradici\u00f3n Arequipe\u00f1a was born with the mission of preserving and sharing the region\u2019s authentic recipes. With over 50 years of experience, our kitchen has become a meeting place for families, friends, and travelers looking to relive the flavors that define our heritage.<\/p>\n\r\n\t\t<\/div>\r\n\t<\/div>\r\n<div class=\"porto-btn-ctn-left nosotros-medio-siglo-btn\"><a class=\"porto-btn  vc_custom_1756490927497 porto-adjust-bottom-margin porto-btn-normal porto-btn-no-hover-bg   wpb_custom_8a303fab47f853d418f8efc06ced5666  porto-btn-left\"  rel='' href = \"https:\/\/api.whatsapp.com\/send?phone=51980810988&#038;text=%C2%A1Hola!%20Quiero%20hacer%20un%20pedido%20por%20delivery%20en%20la%20Tradi.\" target='_blank' data-hover=\"\" data-border-color=\"\" data-bg=\"#ed7515\" data-hover-bg=\"\" data-border-hover=\"\" data-shadow-click=\"none\" data-shadow=\"\" style=\"border:none;background: #ed7515;color: #f9b725;\"><span class=\"porto-btn-hover\"><\/span><span class=\"porto-btn-data porto-btn-text\" >Discover more<\/span><\/a><\/div><\/div><\/div><\/div><div id=\"nuestra-maestra-container\" class=\"vc_row wpb_row row top-row vc_custom_1754489260495 vc_row-has-fill vc_row-o-content-middle vc_row-flex wpb_custom_034b39d9bc6c6b310d69e39f0ccf274f\"><div class=\"vc_column_container col-md-6\"><div class=\"wpb_wrapper vc_column-inner\">\r\n\t<div class=\"wpb_single_image wpb_content_element vc_align_right wpb_content_element  vc_custom_1755100392141  nuestra-maestra-imagen wpb_custom_94224e794fd85b7eb3ac33cf7211800e\"><div class=\"wpb_wrapper\">\r\n\t\t\t\r\n\t\t\t<div class=\"vc_single_image-wrapper   vc_box_border_grey\" style=\"width: 100%;\"><img loading=\"lazy\" decoding=\"async\" width=\"500\" height=\"600\" src=\"https:\/\/latradi.pe\/wp-content\/uploads\/2025\/08\/sra-lula.webp\" class=\"vc_single_image-img attachment-full\" alt=\"Se\u00f1ora Lula\" title=\"sra-lula\" srcset=\"https:\/\/latradi.pe\/wp-content\/uploads\/2025\/08\/sra-lula.webp 500w, https:\/\/latradi.pe\/wp-content\/uploads\/2025\/08\/sra-lula-400x480.webp 400w\" sizes=\"auto, (max-width: 500px) 100vw, 500px\" \/><\/div>\r\n\t\t<\/div>\r\n\t<\/div>\r\n<\/div><\/div><div class=\"vc_column_container col-md-6\"><div class=\"wpb_wrapper vc_column-inner\">\n\t<div class=\"wpb_raw_code wpb_raw_html wpb_content_element vc_custom_1755629426344\" >\n\t\t<div class=\"wpb_wrapper\">\n\t\t\t<div class=\"nuestra-maestra-contenido\">\n    <img decoding=\"async\" class=\"marco-izquierdo\" src=\"https:\/\/latradi.pe\/wp-content\/uploads\/2025\/08\/marco-derecho-maestra.png\" \/>\n    <div class=\"contenido-interno\">\n        <img decoding=\"async\" class=\"contenido-interno--logo\"  src=\"https:\/\/latradi.pe\/wp-content\/uploads\/2025\/07\/gorro-icono.png\" \/>\n        <div class=\"contenido-interno--texto\">\n            <span class=\"titulo\">Our Master Chef<\/span>\n            <span class=\"sra-lula\">Sra. Lula<\/span>\n        <\/div>\n    <\/div>\n    <img decoding=\"async\" class=\"marco-derecho\"  src=\"https:\/\/latradi.pe\/wp-content\/uploads\/2025\/08\/marco-izquierdo-maestra.png\" \/>\n<\/div>\n\t\t<\/div>\n\t<\/div>\n<\/div><\/div><\/div><div id=\"nosotros-equipo-container\" class=\"vc_row wpb_row row top-row vc_custom_1754490715432 vc_row-has-fill vc_row-o-content-middle vc_row-flex wpb_custom_034b39d9bc6c6b310d69e39f0ccf274f\"><div class=\"equipo-contenido vc_column_container col-md-6\"><div class=\"wpb_wrapper vc_column-inner\">\r\n\t<div class=\"wpb_single_image wpb_content_element vc_align_left wpb_content_element  vc_custom_1754073452021  corazon-logo wpb_custom_81a4f7ef9830bf958462581aa01150fb\"><div class=\"wpb_wrapper\">\r\n\t\t\t\r\n\t\t\t<div class=\"vc_single_image-wrapper   vc_box_border_grey\"><img loading=\"lazy\" decoding=\"async\" width=\"81\" height=\"81\" src=\"https:\/\/latradi.pe\/wp-content\/uploads\/2025\/07\/corazon-icono.png\" class=\"vc_single_image-img attachment-full\" alt=\"logo coraz\u00f3n\" title=\"corazon-icono\" \/><\/div>\r\n\t\t<\/div>\r\n\t<\/div>\r\n\r\n\t<div class=\"wpb_text_column wpb_content_element vc_custom_1754886959570 equipo-contenido--titulo wpb_custom_a56e9b2104f2c8910ae766992131a2d0\" >\r\n\t\t<div class=\"wpb_wrapper\">\r\n\t\t\t<h3>The heart of Tradici\u00f3n Arequipe\u00f1a<\/h3>\n\r\n\t\t<\/div>\r\n\t<\/div>\r\n\r\n\t<div class=\"wpb_text_column wpb_content_element vc_custom_1754887461935 equipo-contenido--parrafo wpb_custom_e7065d8a0d0529d8b9b3c03d49aba8fc\" >\r\n\t\t<div class=\"wpb_wrapper\">\r\n\t\t\t<p>Behind every dish is a team passionate about Arequipa\u2019s gastronomy. Our chefs, servers, and staff work every day to deliver the best possible experience. We are a family that continues to serve with the same love and dedication as our founders.<\/p>\n\r\n\t\t<\/div>\r\n\t<\/div>\r\n<div class=\"porto-btn-ctn-left equipo-contenido--btn\"><a class=\"porto-btn  vc_custom_1754541850174 porto-adjust-bottom-margin porto-btn-normal porto-btn-no-hover-bg   wpb_custom_8a303fab47f853d418f8efc06ced5666  porto-btn-left\"  rel='' href = \"https:\/\/docs.google.com\/forms\/d\/e\/1FAIpQLSeogHgkysNLb9b091zuGHwRUDTTCCQdYYxJv4JCRAnDIjuF3A\/viewform\" target='_blank' data-hover=\"\" data-border-color=\"\" data-bg=\"#ed7515\" data-hover-bg=\"\" data-border-hover=\"\" data-shadow-click=\"none\" data-shadow=\"\" style=\"border:none;background: #ed7515;color: #f9b725;\"><span class=\"porto-btn-hover\"><\/span><span class=\"porto-btn-data porto-btn-text\" >Work with us<\/span><\/a><\/div><\/div><\/div><div class=\"image-container vc_column_container col-md-6\"><div class=\"wpb_wrapper vc_column-inner\">\r\n\t<div class=\"wpb_single_image wpb_content_element vc_align_right wpb_content_element  vc_custom_1754074360085  equipo-cocinero-img wpb_custom_81a4f7ef9830bf958462581aa01150fb\"><div class=\"wpb_wrapper\">\r\n\t\t\t\r\n\t\t\t<div class=\"vc_single_image-wrapper   vc_box_border_grey\"><img loading=\"lazy\" decoding=\"async\" width=\"781\" height=\"551\" src=\"https:\/\/latradi.pe\/wp-content\/uploads\/2025\/08\/nosotros-cocinero.webp\" class=\"vc_single_image-img attachment-full\" alt=\"cocinero de Tradicion Arequipe\u00f1a\" title=\"nosotros-cocinero\" srcset=\"https:\/\/latradi.pe\/wp-content\/uploads\/2025\/08\/nosotros-cocinero.webp 781w, https:\/\/latradi.pe\/wp-content\/uploads\/2025\/08\/nosotros-cocinero-768x542.webp 768w, https:\/\/latradi.pe\/wp-content\/uploads\/2025\/08\/nosotros-cocinero-640x452.webp 640w, https:\/\/latradi.pe\/wp-content\/uploads\/2025\/08\/nosotros-cocinero-400x282.webp 400w\" sizes=\"auto, (max-width: 781px) 100vw, 781px\" \/><\/div>\r\n\t\t<\/div>\r\n\t<\/div>\r\n<\/div><\/div><\/div><div id=\"nosotros-clientes-dicen-container\" class=\"vc_row wpb_row row top-row vc_custom_1754492195915 vc_row-has-fill vc_row-o-content-middle vc_row-flex wpb_custom_034b39d9bc6c6b310d69e39f0ccf274f\"><div class=\"equipo-contenido vc_column_container col-md-6\"><div class=\"wpb_wrapper vc_column-inner\">\r\n\t<div class=\"wpb_single_image wpb_content_element vc_align_left wpb_content_element  vc_custom_1754256658009  logo wpb_custom_81a4f7ef9830bf958462581aa01150fb\"><div class=\"wpb_wrapper\">\r\n\t\t\t\r\n\t\t\t<div class=\"vc_single_image-wrapper   vc_box_border_grey\"><img loading=\"lazy\" decoding=\"async\" width=\"81\" height=\"81\" src=\"https:\/\/latradi.pe\/wp-content\/uploads\/2025\/07\/clientes-icono.png\" class=\"vc_single_image-img attachment-full\" alt=\"\u00cdcono comentarios de clientes\" title=\"clientes-icono\" \/><\/div>\r\n\t\t<\/div>\r\n\t<\/div>\r\n\r\n\t<div class=\"wpb_text_column wpb_content_element vc_custom_1754928503897 equipo-contenido--titulo wpb_custom_a56e9b2104f2c8910ae766992131a2d0\" >\r\n\t\t<div class=\"wpb_wrapper\">\r\n\t\t\t<h3>Your opinion helps build our tradition<\/h3>\n\r\n\t\t<\/div>\r\n\t<\/div>\r\n\r\n\t<div class=\"wpb_text_column wpb_content_element vc_custom_1754887389591 equipo-contenido--parrafo wpb_custom_db1417af99f3ff68752d7da287260c63\" >\r\n\t\t<div class=\"wpb_wrapper\">\r\n\t\t\t<p>Every opinion matters, and we\u2019re proud to have been part of so many people\u2019s special moments.<\/p>\n\r\n\t\t<\/div>\r\n\t<\/div>\r\n<div class=\"porto-btn-ctn-left equipo-contenido--btn\"><a class=\"porto-btn  vc_custom_1754541868485 porto-adjust-bottom-margin porto-btn-normal porto-btn-no-hover-bg   wpb_custom_8a303fab47f853d418f8efc06ced5666  porto-btn-left\"  rel='' href = \"https:\/\/docs.google.com\/forms\/d\/e\/1FAIpQLSe0YV63QL4u5_ojNpd2GjB1EWq3EgLeMjYdmXFMuHg6ddt0lA\/viewform\" target='_blank' data-hover=\"\" data-border-color=\"\" data-bg=\"#ed7515\" data-hover-bg=\"\" data-border-hover=\"\" data-shadow-click=\"none\" data-shadow=\"\" style=\"border:none;background: #ed7515;color: #f9b725;\"><span class=\"porto-btn-hover\"><\/span><span class=\"porto-btn-data porto-btn-text\" >Your opinion matters<\/span><\/a><\/div><\/div><\/div><div class=\"image-container vc_column_container col-md-6\"><div class=\"wpb_wrapper vc_column-inner\">\r\n\t<div class=\"wpb_single_image wpb_content_element vc_align_left wpb_content_element  vc_custom_1754258516937  clientes-img wpb_custom_81a4f7ef9830bf958462581aa01150fb\"><div class=\"wpb_wrapper\">\r\n\t\t\t\r\n\t\t\t<div class=\"vc_single_image-wrapper   vc_box_border_grey\"><img loading=\"lazy\" decoding=\"async\" width=\"501\" height=\"591\" src=\"https:\/\/latradi.pe\/wp-content\/uploads\/2025\/08\/nosotros-clientes.webp\" class=\"vc_single_image-img attachment-full\" alt=\"Clientes de la Tradici\u00f3n Arequipe\u00f1a\" title=\"nosotros-clientes\" srcset=\"https:\/\/latradi.pe\/wp-content\/uploads\/2025\/08\/nosotros-clientes.webp 501w, https:\/\/latradi.pe\/wp-content\/uploads\/2025\/08\/nosotros-clientes-400x472.webp 400w\" sizes=\"auto, (max-width: 501px) 100vw, 501px\" \/><\/div>\r\n\t\t<\/div>\r\n\t<\/div>\r\n<\/div><\/div><\/div><div id=\"nosotros-nuestra-carta\" class=\"vc_row wpb_row row top-row vc_custom_1754261143823 vc_row-has-fill wpb_custom_034b39d9bc6c6b310d69e39f0ccf274f\"><div class=\"vc_column_container col-md-12\"><div class=\"wpb_wrapper vc_column-inner\">\r\n\t<div class=\"wpb_text_column wpb_content_element vc_custom_1754261655010 nuestra-carta--titulo wpb_custom_abfea94d64a89794ee3e188f4631e019\" >\r\n\t\t<div class=\"wpb_wrapper\">\r\n\t\t\t<h3>If you haven\u2019t experienced Tradi yet, now is the time!<\/h3>\n\r\n\t\t<\/div>\r\n\t<\/div>\r\n<div class=\"porto-btn-ctn-center nuestra-carta--btn\"><a class=\"porto-btn  vc_custom_1774049672099 porto-adjust-bottom-margin porto-btn-normal porto-btn-no-hover-bg   wpb_custom_8a303fab47f853d418f8efc06ced5666  porto-btn-center\"  rel='' href = \"https:\/\/drive.google.com\/file\/d\/1Wgz3vUHWJm2jC5JFdp79xI_JC2Spmr0q\/view?usp=sharing\" target='_blank' data-hover=\"\" data-border-color=\"\" data-bg=\"#f9b725\" data-hover-bg=\"\" data-border-hover=\"\" data-shadow-click=\"none\" data-shadow=\"\" style=\"border:none;background: #f9b725;color: #b31c18;\"><span class=\"porto-btn-hover\"><\/span><span class=\"porto-btn-data porto-btn-text\" >Explore our menu<\/span><\/a><\/div><\/div><\/div><\/div>\n<\/div>","protected":false},"excerpt":{"rendered":"Cocinamos con coraz\u00f3n characato M\u00e1s de medio siglo de tradici\u00f3n Fundado en el coraz\u00f3n de Arequipa, Tradici\u00f3n Arequipe\u00f1a nace con la misi\u00f3n de preservar y compartir las recetas aut\u00e9nticas de la regi\u00f3n. Con m\u00e1s de 50 a\u00f1os de experiencia, nuestra cocina ha sido el lugar de encuentro para familias, amigos y turistas que buscan revivir [...]","protected":false},"author":1,"featured_media":0,"parent":0,"menu_order":0,"comment_status":"closed","ping_status":"closed","template":"","meta":{"_acf_changed":false,"_joinchat":[],"footnotes":""},"class_list":["post-1187","page","type-page","status-publish","hentry"],"acf":[],"yoast_head":"<!-- This site is optimized with the Yoast SEO plugin v27.5 - https:\/\/yoast.com\/product\/yoast-seo-wordpress\/ -->\n<title>Nosotros - Tradici\u00f3n Arequipe\u00f1a<\/title>\n<meta name=\"description\" content=\"Conoce la historia de la picanter\u00eda Tradici\u00f3n Arequipe\u00f1a. M\u00e1s de 50 a\u00f1os compartiendo recetas aut\u00e9nticas de Arequipa, con un equipo que cocina con pasi\u00f3n y tradici\u00f3n.\" \/>\n<meta name=\"robots\" content=\"index, follow, max-snippet:-1, max-image-preview:large, max-video-preview:-1\" \/>\n<link rel=\"canonical\" href=\"https:\/\/latradi.pe\/en\/nosotros\/\" \/>\n<meta property=\"og:locale\" content=\"en_US\" \/>\n<meta property=\"og:type\" content=\"article\" \/>\n<meta property=\"og:title\" content=\"Nosotros - Tradici\u00f3n Arequipe\u00f1a\" \/>\n<meta property=\"og:description\" content=\"Conoce la historia de la picanter\u00eda Tradici\u00f3n Arequipe\u00f1a. M\u00e1s de 50 a\u00f1os compartiendo recetas aut\u00e9nticas de Arequipa, con un equipo que cocina con pasi\u00f3n y tradici\u00f3n.\" \/>\n<meta property=\"og:url\" content=\"https:\/\/latradi.pe\/en\/nosotros\/\" \/>\n<meta property=\"og:site_name\" content=\"Tradici\u00f3n Arequipe\u00f1a\" \/>\n<meta property=\"article:publisher\" content=\"https:\/\/www.facebook.com\/latradi\/?locale=es_LA\" \/>\n<meta property=\"article:modified_time\" content=\"2026-03-20T23:34:33+00:00\" \/>\n<meta name=\"twitter:card\" content=\"summary_large_image\" \/>\n<meta name=\"twitter:label1\" content=\"Est. reading time\" \/>\n\t<meta name=\"twitter:data1\" content=\"4 minutes\" \/>\n<script type=\"application\/ld+json\" class=\"yoast-schema-graph\">{\"@context\":\"https:\\\/\\\/schema.org\",\"@graph\":[{\"@type\":\"WebPage\",\"@id\":\"https:\\\/\\\/latradi.pe\\\/nosotros\\\/\",\"url\":\"https:\\\/\\\/latradi.pe\\\/nosotros\\\/\",\"name\":\"Nosotros - Tradici\u00f3n Arequipe\u00f1a\",\"isPartOf\":{\"@id\":\"https:\\\/\\\/latradi.pe\\\/#website\"},\"datePublished\":\"2025-08-01T05:28:53+00:00\",\"dateModified\":\"2026-03-20T23:34:33+00:00\",\"description\":\"Conoce la historia de la picanter\u00eda Tradici\u00f3n Arequipe\u00f1a. M\u00e1s de 50 a\u00f1os compartiendo recetas aut\u00e9nticas de Arequipa, con un equipo que cocina con pasi\u00f3n y tradici\u00f3n.\",\"breadcrumb\":{\"@id\":\"https:\\\/\\\/latradi.pe\\\/nosotros\\\/#breadcrumb\"},\"inLanguage\":\"en-US\",\"potentialAction\":[{\"@type\":\"ReadAction\",\"target\":[\"https:\\\/\\\/latradi.pe\\\/nosotros\\\/\"]}]},{\"@type\":\"BreadcrumbList\",\"@id\":\"https:\\\/\\\/latradi.pe\\\/nosotros\\\/#breadcrumb\",\"itemListElement\":[{\"@type\":\"ListItem\",\"position\":1,\"name\":\"Portada\",\"item\":\"https:\\\/\\\/latradi.pe\\\/\"},{\"@type\":\"ListItem\",\"position\":2,\"name\":\"Nosotros\"}]},{\"@type\":\"WebSite\",\"@id\":\"https:\\\/\\\/latradi.pe\\\/#website\",\"url\":\"https:\\\/\\\/latradi.pe\\\/\",\"name\":\"Tradici\u00f3n Arequipe\u00f1a\",\"description\":\"Somos parte de la m\u00e1s pura tradici\u00f3n arequipe\u00f1a, en #LaTradi conservamos los sabores de anta\u00f1o. \u00a1Ven a disfrutar de nuestros deliciosos platos arequipe\u00f1os ...\",\"publisher\":{\"@id\":\"https:\\\/\\\/latradi.pe\\\/#organization\"},\"potentialAction\":[{\"@type\":\"SearchAction\",\"target\":{\"@type\":\"EntryPoint\",\"urlTemplate\":\"https:\\\/\\\/latradi.pe\\\/?s={search_term_string}\"},\"query-input\":{\"@type\":\"PropertyValueSpecification\",\"valueRequired\":true,\"valueName\":\"search_term_string\"}}],\"inLanguage\":\"en-US\"},{\"@type\":\"Organization\",\"@id\":\"https:\\\/\\\/latradi.pe\\\/#organization\",\"name\":\"Tradici\u00f3n Arequipe\u00f1a\",\"url\":\"https:\\\/\\\/latradi.pe\\\/\",\"logo\":{\"@type\":\"ImageObject\",\"inLanguage\":\"en-US\",\"@id\":\"https:\\\/\\\/latradi.pe\\\/#\\\/schema\\\/logo\\\/image\\\/\",\"url\":\"https:\\\/\\\/latradi.pe\\\/wp-content\\\/uploads\\\/2025\\\/07\\\/logo-tradi.png\",\"contentUrl\":\"https:\\\/\\\/latradi.pe\\\/wp-content\\\/uploads\\\/2025\\\/07\\\/logo-tradi.png\",\"width\":301,\"height\":131,\"caption\":\"Tradici\u00f3n Arequipe\u00f1a\"},\"image\":{\"@id\":\"https:\\\/\\\/latradi.pe\\\/#\\\/schema\\\/logo\\\/image\\\/\"},\"sameAs\":[\"https:\\\/\\\/www.facebook.com\\\/latradi\\\/?locale=es_LA\",\"https:\\\/\\\/www.instagram.com\\\/tradicionarequipena\\\/?hl=es\",\"https:\\\/\\\/www.tiktok.com\\\/@tradicionarequipena\",\"https:\\\/\\\/www.youtube.com\\\/channel\\\/UCRac_-jicMVpKKSbvDgqSdw\"]}]}<\/script>\n<!-- \/ Yoast SEO plugin. -->","yoast_head_json":{"title":"Nosotros - Tradici\u00f3n Arequipe\u00f1a","description":"Conoce la historia de la picanter\u00eda Tradici\u00f3n Arequipe\u00f1a. M\u00e1s de 50 a\u00f1os compartiendo recetas aut\u00e9nticas de Arequipa, con un equipo que cocina con pasi\u00f3n y tradici\u00f3n.","robots":{"index":"index","follow":"follow","max-snippet":"max-snippet:-1","max-image-preview":"max-image-preview:large","max-video-preview":"max-video-preview:-1"},"canonical":"https:\/\/latradi.pe\/en\/nosotros\/","og_locale":"en_US","og_type":"article","og_title":"Nosotros - Tradici\u00f3n Arequipe\u00f1a","og_description":"Conoce la historia de la picanter\u00eda Tradici\u00f3n Arequipe\u00f1a. M\u00e1s de 50 a\u00f1os compartiendo recetas aut\u00e9nticas de Arequipa, con un equipo que cocina con pasi\u00f3n y tradici\u00f3n.","og_url":"https:\/\/latradi.pe\/en\/nosotros\/","og_site_name":"Tradici\u00f3n Arequipe\u00f1a","article_publisher":"https:\/\/www.facebook.com\/latradi\/?locale=es_LA","article_modified_time":"2026-03-20T23:34:33+00:00","twitter_card":"summary_large_image","twitter_misc":{"Est. reading time":"4 minutes"},"schema":{"@context":"https:\/\/schema.org","@graph":[{"@type":"WebPage","@id":"https:\/\/latradi.pe\/nosotros\/","url":"https:\/\/latradi.pe\/nosotros\/","name":"Nosotros - Tradici\u00f3n Arequipe\u00f1a","isPartOf":{"@id":"https:\/\/latradi.pe\/#website"},"datePublished":"2025-08-01T05:28:53+00:00","dateModified":"2026-03-20T23:34:33+00:00","description":"Conoce la historia de la picanter\u00eda Tradici\u00f3n Arequipe\u00f1a. M\u00e1s de 50 a\u00f1os compartiendo recetas aut\u00e9nticas de Arequipa, con un equipo que cocina con pasi\u00f3n y tradici\u00f3n.","breadcrumb":{"@id":"https:\/\/latradi.pe\/nosotros\/#breadcrumb"},"inLanguage":"en-US","potentialAction":[{"@type":"ReadAction","target":["https:\/\/latradi.pe\/nosotros\/"]}]},{"@type":"BreadcrumbList","@id":"https:\/\/latradi.pe\/nosotros\/#breadcrumb","itemListElement":[{"@type":"ListItem","position":1,"name":"Portada","item":"https:\/\/latradi.pe\/"},{"@type":"ListItem","position":2,"name":"Nosotros"}]},{"@type":"WebSite","@id":"https:\/\/latradi.pe\/#website","url":"https:\/\/latradi.pe\/","name":"Tradici\u00f3n Arequipe\u00f1a","description":"Somos parte de la m\u00e1s pura tradici\u00f3n arequipe\u00f1a, en #LaTradi conservamos los sabores de anta\u00f1o. \u00a1Ven a disfrutar de nuestros deliciosos platos arequipe\u00f1os ...","publisher":{"@id":"https:\/\/latradi.pe\/#organization"},"potentialAction":[{"@type":"SearchAction","target":{"@type":"EntryPoint","urlTemplate":"https:\/\/latradi.pe\/?s={search_term_string}"},"query-input":{"@type":"PropertyValueSpecification","valueRequired":true,"valueName":"search_term_string"}}],"inLanguage":"en-US"},{"@type":"Organization","@id":"https:\/\/latradi.pe\/#organization","name":"Tradici\u00f3n Arequipe\u00f1a","url":"https:\/\/latradi.pe\/","logo":{"@type":"ImageObject","inLanguage":"en-US","@id":"https:\/\/latradi.pe\/#\/schema\/logo\/image\/","url":"https:\/\/latradi.pe\/wp-content\/uploads\/2025\/07\/logo-tradi.png","contentUrl":"https:\/\/latradi.pe\/wp-content\/uploads\/2025\/07\/logo-tradi.png","width":301,"height":131,"caption":"Tradici\u00f3n Arequipe\u00f1a"},"image":{"@id":"https:\/\/latradi.pe\/#\/schema\/logo\/image\/"},"sameAs":["https:\/\/www.facebook.com\/latradi\/?locale=es_LA","https:\/\/www.instagram.com\/tradicionarequipena\/?hl=es","https:\/\/www.tiktok.com\/@tradicionarequipena","https:\/\/www.youtube.com\/channel\/UCRac_-jicMVpKKSbvDgqSdw"]}]}},"_links":{"self":[{"href":"https:\/\/latradi.pe\/en\/wp-json\/wp\/v2\/pages\/1187","targetHints":{"allow":["GET"]}}],"collection":[{"href":"https:\/\/latradi.pe\/en\/wp-json\/wp\/v2\/pages"}],"about":[{"href":"https:\/\/latradi.pe\/en\/wp-json\/wp\/v2\/types\/page"}],"author":[{"embeddable":true,"href":"https:\/\/latradi.pe\/en\/wp-json\/wp\/v2\/users\/1"}],"replies":[{"embeddable":true,"href":"https:\/\/latradi.pe\/en\/wp-json\/wp\/v2\/comments?post=1187"}],"version-history":[{"count":106,"href":"https:\/\/latradi.pe\/en\/wp-json\/wp\/v2\/pages\/1187\/revisions"}],"predecessor-version":[{"id":1919,"href":"https:\/\/latradi.pe\/en\/wp-json\/wp\/v2\/pages\/1187\/revisions\/1919"}],"wp:attachment":[{"href":"https:\/\/latradi.pe\/en\/wp-json\/wp\/v2\/media?parent=1187"}],"curies":[{"name":"wp","href":"https:\/\/api.w.org\/{rel}","templated":true}]}}