{"id":1391,"date":"2025-08-07T05:25:13","date_gmt":"2025-08-07T05:25:13","guid":{"rendered":"https:\/\/latradi.pe\/?page_id=1391"},"modified":"2026-03-20T23:33:43","modified_gmt":"2026-03-20T23:33:43","slug":"servicios","status":"publish","type":"page","link":"https:\/\/latradi.pe\/en\/servicios\/","title":{"rendered":"Services"},"content":{"rendered":"<div class=\"wpb-content-wrapper\"><div id=\"servicios-hero-container\" class=\"vc_row wpb_row row top-row vc_custom_1754544435381 vc_row-has-fill wpb_custom_034b39d9bc6c6b310d69e39f0ccf274f\"><div class=\"hero-column vc_column_container col-md-12 vc_custom_1754542891305\"><div class=\"wpb_wrapper vc_column-inner\">\r\n\t<div class=\"wpb_single_image wpb_content_element vc_align_center wpb_content_element  vc_custom_1754544658019 wpb_custom_86ad44f3c99568ec2749b5cdfa83ddc0\"><div class=\"wpb_wrapper\">\r\n\t\t\t\r\n\t\t\t<div class=\"vc_single_image-wrapper   vc_box_border_grey\"><img loading=\"lazy\" decoding=\"async\" width=\"1921\" height=\"1001\" src=\"https:\/\/latradi.pe\/wp-content\/uploads\/2025\/08\/hero-servicios.webp\" class=\"vc_single_image-img attachment-full\" alt=\"Cocineros de Tradici\u00f3n Arequipe\u00f1a\" title=\"hero-servicios\" srcset=\"https:\/\/latradi.pe\/wp-content\/uploads\/2025\/08\/hero-servicios.webp 1921w, https:\/\/latradi.pe\/wp-content\/uploads\/2025\/08\/hero-servicios-1024x534.webp 1024w, https:\/\/latradi.pe\/wp-content\/uploads\/2025\/08\/hero-servicios-768x400.webp 768w, https:\/\/latradi.pe\/wp-content\/uploads\/2025\/08\/hero-servicios-1536x800.webp 1536w, https:\/\/latradi.pe\/wp-content\/uploads\/2025\/08\/hero-servicios-640x333.webp 640w, https:\/\/latradi.pe\/wp-content\/uploads\/2025\/08\/hero-servicios-400x208.webp 400w, https:\/\/latradi.pe\/wp-content\/uploads\/2025\/08\/hero-servicios-393x205.webp 393w\" sizes=\"auto, (max-width: 1921px) 100vw, 1921px\" \/><\/div>\r\n\t\t<\/div>\r\n\t<\/div>\r\n\n\t<div class=\"wpb_raw_code wpb_raw_html wpb_content_element vc_custom_1754544643430\" >\n\t\t<div class=\"wpb_wrapper\">\n\t\t\t<div class=\"inicio-hero-contenido\">\n    <div class=\"linea-img\">\n        <div class=\"punto\"><\/div>\n        <div class=\"linea\"><\/div>\n        <div class=\"punto\"><\/div>\n    <\/div>\n        \n    <h1 class=\"inicio-hero-title\">Flavors that reach wherever you are<\/h1>    \n    \n    <div class=\"linea-img\">\n        <div class=\"punto\"><\/div>\n        <div class=\"linea\"><\/div>\n        <div class=\"punto\"><\/div>\n    <\/div>\n<\/div>\n\t\t<\/div>\n\t<\/div>\n<\/div><\/div><\/div><div id=\"servicios-mensaje-container\" class=\"vc_row wpb_row row top-row vc_custom_1755102182243 vc_row-has-fill wpb_custom_034b39d9bc6c6b310d69e39f0ccf274f\"><div class=\"vc_column_container col-md-12\"><div class=\"wpb_wrapper vc_column-inner\">\r\n\t<div class=\"wpb_text_column wpb_content_element vc_custom_1754928228832 wpb_custom_5392c419c8728f2eea2c9a5bddd865fd\" >\r\n\t\t<div class=\"wpb_wrapper\">\r\n\t\t\t<h2 style=\"text-align: center;\">Much more than a restaurant<\/h2>\n\r\n\t\t<\/div>\r\n\t<\/div>\r\n\r\n\t<div class=\"wpb_text_column wpb_content_element vc_custom_1754928237735 nosotros-medio-siglo-parrafo wpb_custom_e7065d8a0d0529d8b9b3c03d49aba8fc\" >\r\n\t\t<div class=\"wpb_wrapper\">\r\n\t\t\t<p style=\"text-align: center;\">At Tradici\u00f3n Arequipe\u00f1a, we don\u2019t just serve food, we create experiences filled with history, flavor, and warmth.<\/p>\n\r\n\t\t<\/div>\r\n\t<\/div>\r\n<\/div><\/div><\/div><div id=\"servicios-grid-container\" class=\"vc_row wpb_row row top-row vc_custom_1755109097894 wpb_custom_034b39d9bc6c6b310d69e39f0ccf274f\"><div class=\"vc_column_container col-md-12\"><div class=\"wpb_wrapper vc_column-inner\">\n\t<div class=\"wpb_raw_code wpb_raw_html wpb_content_element vc_custom_1756490796265\" >\n\t\t<div class=\"wpb_wrapper\">\n\t\t\t <div class=\"card\">\r\n    <img decoding=\"async\" src=\"https:\/\/latradi.pe\/wp-content\/uploads\/2025\/08\/servicios-desayunos-1.webp\" alt=\"Desayuno corporativo\">\r\n    <div class=\"card-content\">\r\n      <div class=\"icon\">\r\n        <img decoding=\"async\" src=\"https:\/\/latradi.pe\/wp-content\/uploads\/2025\/07\/desayuno-icono.png\" alt=\"Icono Desayuno\">\r\n      <\/div>\r\n      <h2>Corporate breakfasts<\/h2>\r\n      <p>Bring your team or clients together in an authentic setting, with local flavors that energize your day.<\/p>\r\n      <a target=\"_blank\" href=\"https:\/\/api.whatsapp.com\/send?phone=51974700636&text=%C2%A1Hola!%20Quiero%20hacer%20una%20reserva%20en%20la%20Tradi.\" class=\"btn\">Reserve a table<\/a>\r\n    <\/div>\r\n<\/div>\n\t\t<\/div>\n\t<\/div>\n\n\t<div class=\"wpb_raw_code wpb_raw_html wpb_content_element vc_custom_1756490812784\" >\n\t\t<div class=\"wpb_wrapper\">\n\t\t\t <div class=\"card\">\r\n    <img decoding=\"async\" src=\"https:\/\/latradi.pe\/wp-content\/uploads\/2025\/08\/servicios-desayunos-2.webp\" alt=\"Desayuno familiar\">\r\n    <div class=\"card-content\">\r\n      <div class=\"icon\">\r\n        <img decoding=\"async\" src=\"https:\/\/latradi.pe\/wp-content\/uploads\/2025\/07\/desayuno-icono.png\" alt=\"Icono Desayuno\">\r\n      <\/div>\r\n      <h2>Family breakfasts<\/h2>\r\n      <p>Start the day with your family, enjoying homemade flavors, fresh bread, and hot coffee.<\/p>\r\n      <a target=\"_blank\" href=\"https:\/\/api.whatsapp.com\/send?phone=51974700636&text=%C2%A1Hola!%20Quiero%20hacer%20una%20reserva%20en%20la%20Tradi.\" class=\"btn\">Reserve a table<\/a>\r\n    <\/div>\r\n<\/div>\n\t\t<\/div>\n\t<\/div>\n\n\t<div class=\"wpb_raw_code wpb_raw_html wpb_content_element vc_custom_1756490823632\" >\n\t\t<div class=\"wpb_wrapper\">\n\t\t\t <div class=\"card\">\r\n    <img decoding=\"async\" src=\"https:\/\/latradi.pe\/wp-content\/uploads\/2025\/08\/servicios-almuerzos-1.webp\" alt=\"Almuesrzo tradicional\">\r\n    <div class=\"card-content\">\r\n      <div class=\"icon\">\r\n        <img decoding=\"async\" src=\"https:\/\/latradi.pe\/wp-content\/uploads\/2025\/07\/almuerzo-icono.png\" alt=\"Icono Almuerzo\">\r\n      <\/div>\r\n      <h2>Traditional lunches from Arequipa and Peru<\/h2>\r\n      <p>Enjoy the best of our cuisine: typical dishes from Arequipa, beloved Peruvian recipes, and that special touch only Tradici\u00f3n Arequipe\u00f1a can offer.<\/p>\r\n      <a target=\"_blank\" href=\"https:\/\/api.whatsapp.com\/send?phone=51974700636&text=%C2%A1Hola!%20Quiero%20hacer%20una%20reserva%20en%20la%20Tradi.\" class=\"btn\">Reserve a table<\/a>\r\n    <\/div>\r\n<\/div>\n\t\t<\/div>\n\t<\/div>\n\n\t<div class=\"wpb_raw_code wpb_raw_html wpb_content_element vc_custom_1756490832304\" >\n\t\t<div class=\"wpb_wrapper\">\n\t\t\t <div class=\"card\">\r\n    <img decoding=\"async\" src=\"https:\/\/latradi.pe\/wp-content\/uploads\/2025\/08\/servicios-almuerzos-2.webp\" alt=\"Almuerzos familiares\">\r\n    <div class=\"card-content\">\r\n      <div class=\"icon\">\r\n        <img decoding=\"async\" src=\"https:\/\/latradi.pe\/wp-content\/uploads\/2025\/07\/almuerzo-icono.png\" alt=\"Icono Almuerzo\">\r\n      <\/div>\r\n      <h2>Family lunches<\/h2>\r\n      <p>A lunch full of flavor and tradition, designed to be shared across generations.<\/p>\r\n      <a target=\"_blank\" href=\"https:\/\/api.whatsapp.com\/send?phone=51974700636&text=%C2%A1Hola!%20Quiero%20hacer%20una%20reserva%20en%20la%20Tradi.\" class=\"btn\">Reserve a table<\/a>\r\n    <\/div>\r\n<\/div>\n\t\t<\/div>\n\t<\/div>\n\n\t<div class=\"wpb_raw_code wpb_raw_html wpb_content_element vc_custom_1756490841922\" >\n\t\t<div class=\"wpb_wrapper\">\n\t\t\t <div class=\"card\">\r\n    <img decoding=\"async\" src=\"https:\/\/latradi.pe\/wp-content\/uploads\/2025\/08\/servicios-almuerzos-3.webp\" alt=\"Almuerzos corporativos\">\r\n    <div class=\"card-content\">\r\n      <div class=\"icon\">\r\n        <img decoding=\"async\" src=\"https:\/\/latradi.pe\/wp-content\/uploads\/2025\/07\/almuerzo-icono.png\" alt=\"Icono Almuerzo\">\r\n      <\/div>\r\n      <h2>Corporate lunches<\/h2>\r\n      <p>Bring your team together in a warm and welcoming space, with dishes that blend tradition and professionalism.<\/p>\r\n      <a target=\"_blank\" href=\"https:\/\/api.whatsapp.com\/send?phone=51974700636&text=%C2%A1Hola!%20Quiero%20hacer%20una%20reserva%20en%20la%20Tradi.\" class=\"btn\">Reserve a table<\/a>\r\n    <\/div>\r\n<\/div>\n\t\t<\/div>\n\t<\/div>\n\n\t<div class=\"wpb_raw_code wpb_raw_html wpb_content_element vc_custom_1756490850368\" >\n\t\t<div class=\"wpb_wrapper\">\n\t\t\t <div class=\"card\">\r\n    <img decoding=\"async\" src=\"https:\/\/latradi.pe\/wp-content\/uploads\/2025\/08\/servicios-cenas-1.webp\" alt=\"Cenas corporativas\">\r\n    <div class=\"card-content\">\r\n      <div class=\"icon\">\r\n        <img decoding=\"async\" src=\"https:\/\/latradi.pe\/wp-content\/uploads\/2025\/07\/cena-icono.png\" alt=\"Icono Cena\">\r\n      <\/div>\r\n      <h2>Corporate dinners<\/h2>\r\n      <p>End the day with a special dinner: a private setting, personalized service, and unforgettable flavors.<\/p>\r\n      <a target=\"_blank\" href=\"https:\/\/api.whatsapp.com\/send?phone=51974700636&text=%C2%A1Hola!%20Quiero%20hacer%20una%20reserva%20en%20la%20Tradi.\" class=\"btn\">Reserve a table<\/a>\r\n    <\/div>\r\n<\/div>\n\t\t<\/div>\n\t<\/div>\n<\/div><\/div><\/div><div id=\"servicios-banner-container\" class=\"vc_row wpb_row row top-row vc_custom_1754871124776 vc_row-has-fill wpb_custom_034b39d9bc6c6b310d69e39f0ccf274f\"><div class=\"vc_column_container col-md-12\"><div class=\"wpb_wrapper vc_column-inner\">\r\n\t<div class=\"wpb_text_column wpb_content_element vc_custom_1754871147979 nuestra-carta--titulo wpb_custom_d0cd2749332746d005349453c4c81de7\" >\r\n\t\t<div class=\"wpb_wrapper\">\r\n\t\t\t<h3>Wherever you are, we are ready to share the best of our tradition with you<\/h3>\n\r\n\t\t<\/div>\r\n\t<\/div>\r\n<div class=\"porto-btn-ctn-center nuestra-carta--btn\"><a class=\"porto-btn  vc_custom_1774049622080 porto-adjust-bottom-margin porto-btn-normal porto-btn-no-hover-bg   wpb_custom_8a303fab47f853d418f8efc06ced5666  porto-btn-center\"  rel='' href = \"https:\/\/drive.google.com\/file\/d\/1Wgz3vUHWJm2jC5JFdp79xI_JC2Spmr0q\/view?usp=sharing\" target='_blank' data-hover=\"\" data-border-color=\"\" data-bg=\"#ed7515\" data-hover-bg=\"\" data-border-hover=\"\" data-shadow-click=\"none\" data-shadow=\"\" style=\"border:none;background: #ed7515;color: #f9b725;\"><span class=\"porto-btn-hover\"><\/span><span class=\"porto-btn-data porto-btn-text\" >View full menu<\/span><\/a><\/div><\/div><\/div><\/div>\n<\/div>","protected":false},"excerpt":{"rendered":"Sabores que llegan a donde est\u00e9s Mucho m\u00e1s que un restaurante En Tradici\u00f3n Arequipe\u00f1a no solo servimos platos, ofrecemos experiencias llenas de historia, sabor y calidez. Desayunos corporativos Re\u00fane a tu equipo o clientes en un ambiente aut\u00e9ntico, con sabores locales que dan energ\u00eda al d\u00eda. Reserva tu mesa Desayunos familiares Comienza el d\u00eda con [...]","protected":false},"author":1,"featured_media":0,"parent":0,"menu_order":0,"comment_status":"closed","ping_status":"closed","template":"","meta":{"_acf_changed":false,"_joinchat":[],"footnotes":""},"class_list":["post-1391","page","type-page","status-publish","hentry"],"acf":[],"yoast_head":"<!-- This site is optimized with the Yoast SEO plugin v27.5 - https:\/\/yoast.com\/product\/yoast-seo-wordpress\/ -->\n<title>Servicios - Tradici\u00f3n Arequipe\u00f1a<\/title>\n<meta name=\"description\" content=\"Descubre los servicios de la picanter\u00eda Tradici\u00f3n Arequipe\u00f1a: desayunos, almuerzos y cenas familiares o corporativas con el aut\u00e9ntico sabor de la cocina arequipe\u00f1a.\" \/>\n<meta name=\"robots\" content=\"index, follow, max-snippet:-1, max-image-preview:large, max-video-preview:-1\" \/>\n<link rel=\"canonical\" href=\"https:\/\/latradi.pe\/en\/servicios\/\" \/>\n<meta property=\"og:locale\" content=\"en_US\" \/>\n<meta property=\"og:type\" content=\"article\" \/>\n<meta property=\"og:title\" content=\"Servicios - Tradici\u00f3n Arequipe\u00f1a\" \/>\n<meta property=\"og:description\" content=\"Descubre los servicios de la picanter\u00eda Tradici\u00f3n Arequipe\u00f1a: desayunos, almuerzos y cenas familiares o corporativas con el aut\u00e9ntico sabor de la cocina arequipe\u00f1a.\" \/>\n<meta property=\"og:url\" content=\"https:\/\/latradi.pe\/en\/servicios\/\" \/>\n<meta property=\"og:site_name\" content=\"Tradici\u00f3n Arequipe\u00f1a\" \/>\n<meta property=\"article:publisher\" content=\"https:\/\/www.facebook.com\/latradi\/?locale=es_LA\" \/>\n<meta property=\"article:modified_time\" content=\"2026-03-20T23:33:43+00:00\" \/>\n<meta name=\"twitter:card\" content=\"summary_large_image\" \/>\n<meta name=\"twitter:label1\" content=\"Est. reading time\" \/>\n\t<meta name=\"twitter:data1\" content=\"2 minutes\" \/>\n<script type=\"application\/ld+json\" class=\"yoast-schema-graph\">{\"@context\":\"https:\\\/\\\/schema.org\",\"@graph\":[{\"@type\":\"WebPage\",\"@id\":\"https:\\\/\\\/latradi.pe\\\/servicios\\\/\",\"url\":\"https:\\\/\\\/latradi.pe\\\/servicios\\\/\",\"name\":\"Servicios - Tradici\u00f3n Arequipe\u00f1a\",\"isPartOf\":{\"@id\":\"https:\\\/\\\/latradi.pe\\\/#website\"},\"datePublished\":\"2025-08-07T05:25:13+00:00\",\"dateModified\":\"2026-03-20T23:33:43+00:00\",\"description\":\"Descubre los servicios de la picanter\u00eda Tradici\u00f3n Arequipe\u00f1a: desayunos, almuerzos y cenas familiares o corporativas con el aut\u00e9ntico sabor de la cocina arequipe\u00f1a.\",\"breadcrumb\":{\"@id\":\"https:\\\/\\\/latradi.pe\\\/servicios\\\/#breadcrumb\"},\"inLanguage\":\"en-US\",\"potentialAction\":[{\"@type\":\"ReadAction\",\"target\":[\"https:\\\/\\\/latradi.pe\\\/servicios\\\/\"]}]},{\"@type\":\"BreadcrumbList\",\"@id\":\"https:\\\/\\\/latradi.pe\\\/servicios\\\/#breadcrumb\",\"itemListElement\":[{\"@type\":\"ListItem\",\"position\":1,\"name\":\"Portada\",\"item\":\"https:\\\/\\\/latradi.pe\\\/\"},{\"@type\":\"ListItem\",\"position\":2,\"name\":\"Servicios\"}]},{\"@type\":\"WebSite\",\"@id\":\"https:\\\/\\\/latradi.pe\\\/#website\",\"url\":\"https:\\\/\\\/latradi.pe\\\/\",\"name\":\"Tradici\u00f3n Arequipe\u00f1a\",\"description\":\"Somos parte de la m\u00e1s pura tradici\u00f3n arequipe\u00f1a, en #LaTradi conservamos los sabores de anta\u00f1o. \u00a1Ven a disfrutar de nuestros deliciosos platos arequipe\u00f1os ...\",\"publisher\":{\"@id\":\"https:\\\/\\\/latradi.pe\\\/#organization\"},\"potentialAction\":[{\"@type\":\"SearchAction\",\"target\":{\"@type\":\"EntryPoint\",\"urlTemplate\":\"https:\\\/\\\/latradi.pe\\\/?s={search_term_string}\"},\"query-input\":{\"@type\":\"PropertyValueSpecification\",\"valueRequired\":true,\"valueName\":\"search_term_string\"}}],\"inLanguage\":\"en-US\"},{\"@type\":\"Organization\",\"@id\":\"https:\\\/\\\/latradi.pe\\\/#organization\",\"name\":\"Tradici\u00f3n Arequipe\u00f1a\",\"url\":\"https:\\\/\\\/latradi.pe\\\/\",\"logo\":{\"@type\":\"ImageObject\",\"inLanguage\":\"en-US\",\"@id\":\"https:\\\/\\\/latradi.pe\\\/#\\\/schema\\\/logo\\\/image\\\/\",\"url\":\"https:\\\/\\\/latradi.pe\\\/wp-content\\\/uploads\\\/2025\\\/07\\\/logo-tradi.png\",\"contentUrl\":\"https:\\\/\\\/latradi.pe\\\/wp-content\\\/uploads\\\/2025\\\/07\\\/logo-tradi.png\",\"width\":301,\"height\":131,\"caption\":\"Tradici\u00f3n Arequipe\u00f1a\"},\"image\":{\"@id\":\"https:\\\/\\\/latradi.pe\\\/#\\\/schema\\\/logo\\\/image\\\/\"},\"sameAs\":[\"https:\\\/\\\/www.facebook.com\\\/latradi\\\/?locale=es_LA\",\"https:\\\/\\\/www.instagram.com\\\/tradicionarequipena\\\/?hl=es\",\"https:\\\/\\\/www.tiktok.com\\\/@tradicionarequipena\",\"https:\\\/\\\/www.youtube.com\\\/channel\\\/UCRac_-jicMVpKKSbvDgqSdw\"]}]}<\/script>\n<!-- \/ Yoast SEO plugin. -->","yoast_head_json":{"title":"Servicios - Tradici\u00f3n Arequipe\u00f1a","description":"Descubre los servicios de la picanter\u00eda Tradici\u00f3n Arequipe\u00f1a: desayunos, almuerzos y cenas familiares o corporativas con el aut\u00e9ntico sabor de la cocina arequipe\u00f1a.","robots":{"index":"index","follow":"follow","max-snippet":"max-snippet:-1","max-image-preview":"max-image-preview:large","max-video-preview":"max-video-preview:-1"},"canonical":"https:\/\/latradi.pe\/en\/servicios\/","og_locale":"en_US","og_type":"article","og_title":"Servicios - Tradici\u00f3n Arequipe\u00f1a","og_description":"Descubre los servicios de la picanter\u00eda Tradici\u00f3n Arequipe\u00f1a: desayunos, almuerzos y cenas familiares o corporativas con el aut\u00e9ntico sabor de la cocina arequipe\u00f1a.","og_url":"https:\/\/latradi.pe\/en\/servicios\/","og_site_name":"Tradici\u00f3n Arequipe\u00f1a","article_publisher":"https:\/\/www.facebook.com\/latradi\/?locale=es_LA","article_modified_time":"2026-03-20T23:33:43+00:00","twitter_card":"summary_large_image","twitter_misc":{"Est. reading time":"2 minutes"},"schema":{"@context":"https:\/\/schema.org","@graph":[{"@type":"WebPage","@id":"https:\/\/latradi.pe\/servicios\/","url":"https:\/\/latradi.pe\/servicios\/","name":"Servicios - Tradici\u00f3n Arequipe\u00f1a","isPartOf":{"@id":"https:\/\/latradi.pe\/#website"},"datePublished":"2025-08-07T05:25:13+00:00","dateModified":"2026-03-20T23:33:43+00:00","description":"Descubre los servicios de la picanter\u00eda Tradici\u00f3n Arequipe\u00f1a: desayunos, almuerzos y cenas familiares o corporativas con el aut\u00e9ntico sabor de la cocina arequipe\u00f1a.","breadcrumb":{"@id":"https:\/\/latradi.pe\/servicios\/#breadcrumb"},"inLanguage":"en-US","potentialAction":[{"@type":"ReadAction","target":["https:\/\/latradi.pe\/servicios\/"]}]},{"@type":"BreadcrumbList","@id":"https:\/\/latradi.pe\/servicios\/#breadcrumb","itemListElement":[{"@type":"ListItem","position":1,"name":"Portada","item":"https:\/\/latradi.pe\/"},{"@type":"ListItem","position":2,"name":"Servicios"}]},{"@type":"WebSite","@id":"https:\/\/latradi.pe\/#website","url":"https:\/\/latradi.pe\/","name":"Tradici\u00f3n Arequipe\u00f1a","description":"Somos parte de la m\u00e1s pura tradici\u00f3n arequipe\u00f1a, en #LaTradi conservamos los sabores de anta\u00f1o. \u00a1Ven a disfrutar de nuestros deliciosos platos arequipe\u00f1os ...","publisher":{"@id":"https:\/\/latradi.pe\/#organization"},"potentialAction":[{"@type":"SearchAction","target":{"@type":"EntryPoint","urlTemplate":"https:\/\/latradi.pe\/?s={search_term_string}"},"query-input":{"@type":"PropertyValueSpecification","valueRequired":true,"valueName":"search_term_string"}}],"inLanguage":"en-US"},{"@type":"Organization","@id":"https:\/\/latradi.pe\/#organization","name":"Tradici\u00f3n Arequipe\u00f1a","url":"https:\/\/latradi.pe\/","logo":{"@type":"ImageObject","inLanguage":"en-US","@id":"https:\/\/latradi.pe\/#\/schema\/logo\/image\/","url":"https:\/\/latradi.pe\/wp-content\/uploads\/2025\/07\/logo-tradi.png","contentUrl":"https:\/\/latradi.pe\/wp-content\/uploads\/2025\/07\/logo-tradi.png","width":301,"height":131,"caption":"Tradici\u00f3n Arequipe\u00f1a"},"image":{"@id":"https:\/\/latradi.pe\/#\/schema\/logo\/image\/"},"sameAs":["https:\/\/www.facebook.com\/latradi\/?locale=es_LA","https:\/\/www.instagram.com\/tradicionarequipena\/?hl=es","https:\/\/www.tiktok.com\/@tradicionarequipena","https:\/\/www.youtube.com\/channel\/UCRac_-jicMVpKKSbvDgqSdw"]}]}},"_links":{"self":[{"href":"https:\/\/latradi.pe\/en\/wp-json\/wp\/v2\/pages\/1391","targetHints":{"allow":["GET"]}}],"collection":[{"href":"https:\/\/latradi.pe\/en\/wp-json\/wp\/v2\/pages"}],"about":[{"href":"https:\/\/latradi.pe\/en\/wp-json\/wp\/v2\/types\/page"}],"author":[{"embeddable":true,"href":"https:\/\/latradi.pe\/en\/wp-json\/wp\/v2\/users\/1"}],"replies":[{"embeddable":true,"href":"https:\/\/latradi.pe\/en\/wp-json\/wp\/v2\/comments?post=1391"}],"version-history":[{"count":44,"href":"https:\/\/latradi.pe\/en\/wp-json\/wp\/v2\/pages\/1391\/revisions"}],"predecessor-version":[{"id":1918,"href":"https:\/\/latradi.pe\/en\/wp-json\/wp\/v2\/pages\/1391\/revisions\/1918"}],"wp:attachment":[{"href":"https:\/\/latradi.pe\/en\/wp-json\/wp\/v2\/media?parent=1391"}],"curies":[{"name":"wp","href":"https:\/\/api.w.org\/{rel}","templated":true}]}}