{"id":1399,"date":"2025-08-07T05:32:46","date_gmt":"2025-08-07T05:32:46","guid":{"rendered":"https:\/\/latradi.pe\/?page_id=1399"},"modified":"2025-08-20T16:05:00","modified_gmt":"2025-08-20T16:05:00","slug":"trabaja-con-nosotros","status":"publish","type":"page","link":"https:\/\/latradi.pe\/en\/trabaja-con-nosotros\/","title":{"rendered":"Work with us"},"content":{"rendered":"<div class=\"wpb-content-wrapper\"><div id=\"trabaja-nosotros-hero-container\" class=\"vc_row wpb_row row top-row vc_custom_1754544926672 vc_row-has-fill wpb_custom_034b39d9bc6c6b310d69e39f0ccf274f\"><div class=\"hero-column vc_column_container col-md-12 vc_custom_1754542891305\"><div class=\"wpb_wrapper vc_column-inner\">\r\n\t<div class=\"wpb_single_image wpb_content_element vc_align_center wpb_content_element  vc_custom_1754544998988 wpb_custom_86ad44f3c99568ec2749b5cdfa83ddc0\"><div class=\"wpb_wrapper\">\r\n\t\t\t\r\n\t\t\t<div class=\"vc_single_image-wrapper   vc_box_border_grey\"><img loading=\"lazy\" decoding=\"async\" width=\"2021\" height=\"1001\" src=\"https:\/\/latradi.pe\/wp-content\/uploads\/2025\/08\/hero-trabaja-nosotros.webp\" class=\"vc_single_image-img attachment-full\" alt=\"Trabajadores de Tradici\u00f3n Arequipe\u00f1a\" title=\"hero-trabaja-nosotros\" srcset=\"https:\/\/latradi.pe\/wp-content\/uploads\/2025\/08\/hero-trabaja-nosotros.webp 2021w, https:\/\/latradi.pe\/wp-content\/uploads\/2025\/08\/hero-trabaja-nosotros-1024x507.webp 1024w, https:\/\/latradi.pe\/wp-content\/uploads\/2025\/08\/hero-trabaja-nosotros-768x380.webp 768w, https:\/\/latradi.pe\/wp-content\/uploads\/2025\/08\/hero-trabaja-nosotros-1536x761.webp 1536w, https:\/\/latradi.pe\/wp-content\/uploads\/2025\/08\/hero-trabaja-nosotros-640x317.webp 640w, https:\/\/latradi.pe\/wp-content\/uploads\/2025\/08\/hero-trabaja-nosotros-400x198.webp 400w\" sizes=\"auto, (max-width: 2021px) 100vw, 2021px\" \/><\/div>\r\n\t\t<\/div>\r\n\t<\/div>\r\n\n\t<div class=\"wpb_raw_code wpb_raw_html wpb_content_element vc_custom_1754545019908\" >\n\t\t<div class=\"wpb_wrapper\">\n\t\t\t<div class=\"inicio-hero-contenido\">\n    <div class=\"linea-img\">\n        <div class=\"punto\"><\/div>\n        <div class=\"linea\"><\/div>\n        <div class=\"punto\"><\/div>\n    <\/div>\n        \n    <h1 class=\"inicio-hero-title\">Be Part of the Tradition<\/h1>    \n    \n    <div class=\"linea-img\">\n        <div class=\"punto\"><\/div>\n        <div class=\"linea\"><\/div>\n        <div class=\"punto\"><\/div>\n    <\/div>\n<\/div>\n\t\t<\/div>\n\t<\/div>\n<\/div><\/div><\/div><div id=\"trabaja-nosotros-se-parte-container\" class=\"vc_row wpb_row row top-row vc_custom_1754585233117 vc_row-has-fill vc_row-o-content-middle vc_row-flex wpb_custom_034b39d9bc6c6b310d69e39f0ccf274f\"><div class=\"vc_column_container col-md-8\"><div class=\"wpb_wrapper vc_column-inner\">\r\n\t<div class=\"wpb_single_image wpb_content_element vc_align_left wpb_content_element  vc_custom_1754585148107  seccion-logo wpb_custom_30c8f640dcd3f6f4db397918fa47ad95\"><div class=\"wpb_wrapper\">\r\n\t\t\t\r\n\t\t\t<div class=\"vc_single_image-wrapper   vc_box_border_grey\"><img loading=\"lazy\" decoding=\"async\" width=\"81\" height=\"81\" src=\"https:\/\/latradi.pe\/wp-content\/uploads\/2025\/07\/rocoto-icono.png\" class=\"vc_single_image-img attachment-full\" alt=\"\u00edcono de rocoto\" title=\"rocoto-icono\" \/><\/div>\r\n\t\t<\/div>\r\n\t<\/div>\r\n\r\n\t<div class=\"wpb_text_column wpb_content_element vc_custom_1754585159091 wpb_custom_0f2b46a2a33320f27085aaf69bd6edba\" >\r\n\t\t<div class=\"wpb_wrapper\">\r\n\t\t\t<h2>Be Part of the Tradition<\/h2>\n\r\n\t\t<\/div>\r\n\t<\/div>\r\n\r\n\t<div class=\"wpb_text_column wpb_content_element vc_custom_1754585167834 parrafo-seccion wpb_custom_db1417af99f3ff68752d7da287260c63\" >\r\n\t\t<div class=\"wpb_wrapper\">\r\n\t\t\t<p>If you share our passion for gastronomy and service with Arequipa\u2019s true essence, we\u2019d love to meet you.<\/p>\n\r\n\t\t<\/div>\r\n\t<\/div>\r\n<\/div><\/div><div class=\"vc_column_container col-md-4\"><div class=\"wpb_wrapper vc_column-inner\">\r\n\t<div class=\"wpb_single_image wpb_content_element vc_align_right wpb_content_element  vc_custom_1754585072170  image-seccion wpb_custom_612995354a0105359879c062b7c5b794\"><div class=\"wpb_wrapper\">\r\n\t\t\t\r\n\t\t\t<div class=\"vc_single_image-wrapper   vc_box_border_grey\"><img loading=\"lazy\" decoding=\"async\" width=\"601\" height=\"691\" src=\"https:\/\/latradi.pe\/wp-content\/uploads\/2025\/08\/trabaja-nosotros-mozo.webp\" class=\"vc_single_image-img attachment-full\" alt=\"Mesero de Tradici\u00f3n Arequipe\u00f1a\" title=\"trabaja-nosotros-mozo\" srcset=\"https:\/\/latradi.pe\/wp-content\/uploads\/2025\/08\/trabaja-nosotros-mozo.webp 601w, https:\/\/latradi.pe\/wp-content\/uploads\/2025\/08\/trabaja-nosotros-mozo-400x460.webp 400w\" sizes=\"auto, (max-width: 601px) 100vw, 601px\" \/><\/div>\r\n\t\t<\/div>\r\n\t<\/div>\r\n<\/div><\/div><\/div><div id=\"trabaja-nosotros-tres-container\" class=\"vc_row wpb_row row top-row vc_custom_1755097496504 vc_row-has-fill wpb_custom_034b39d9bc6c6b310d69e39f0ccf274f\"><div class=\"vc_column_container col-md-12\"><div class=\"wpb_wrapper vc_column-inner\">\r\n\t<div class=\"wpb_text_column wpb_content_element vc_custom_1755097175423 items-titulo wpb_custom_c662a2bae9b848cb52223284da15671e\" >\r\n\t\t<div class=\"wpb_wrapper\">\r\n\t\t\t<h2 style=\"text-align: center; margin-top: 0px;\">Why Join Our Team?<\/h2>\n\r\n\t\t<\/div>\r\n\t<\/div>\r\n\n\t<div class=\"wpb_raw_code wpb_raw_html wpb_content_element vc_custom_1755094766230 linea-container\" >\n\t\t<div class=\"wpb_wrapper\">\n\t\t\t<div class=\"linea-img\">\n    <div class=\"punto\"><\/div>\n    <div class=\"linea\"><\/div>\n    <div class=\"punto\"><\/div>\n<\/div>\n\t\t<\/div>\n\t<\/div>\n<div class=\"vc_row wpb_row vc_inner row inicio-estrategias-cajas vc_custom_1753331839989 vc_row-o-content-bottom vc_row-flex\"><div class=\"estrategias-caja vc_column_container col-md-4\"><div class=\"wpb_wrapper vc_column-inner\">\r\n\t<div class=\"wpb_single_image wpb_content_element vc_align_center wpb_content_element  vc_custom_1755096599939  logo-olla logo wpb_custom_af0a8fc04b3aac72b85c65dc42d97a4f\"><div class=\"wpb_wrapper\">\r\n\t\t\t\r\n\t\t\t<div class=\"vc_single_image-wrapper   vc_box_border_grey\"><img loading=\"lazy\" decoding=\"async\" width=\"151\" height=\"151\" src=\"https:\/\/latradi.pe\/wp-content\/uploads\/2025\/07\/libro-icono-grande.png\" class=\"vc_single_image-img attachment-full\" alt=\"logo sabores de anta\u00f1o\" title=\"libro-icono-grande\" \/><\/div>\r\n\t\t<\/div>\r\n\t<\/div>\r\n\r\n\t<div class=\"wpb_text_column wpb_content_element vc_custom_1755097060496 estrategias-caja-nombre wpb_custom_d865013b3363eb15d6310dc2a5092d33\" >\r\n\t\t<div class=\"wpb_wrapper\">\r\n\t\t\t<p style=\"text-align: center;\">We preserve time-honored flavors<\/p>\n\r\n\t\t<\/div>\r\n\t<\/div>\r\n<\/div><\/div><div class=\"estrategias-caja vc_column_container col-md-4\"><div class=\"wpb_wrapper vc_column-inner\">\r\n\t<div class=\"wpb_single_image wpb_content_element vc_align_center wpb_content_element  vc_custom_1755097009448  logo-telf logo wpb_custom_af0a8fc04b3aac72b85c65dc42d97a4f\"><div class=\"wpb_wrapper\">\r\n\t\t\t\r\n\t\t\t<div class=\"vc_single_image-wrapper   vc_box_border_grey\"><img loading=\"lazy\" decoding=\"async\" width=\"151\" height=\"151\" src=\"https:\/\/latradi.pe\/wp-content\/uploads\/2025\/07\/manos-icono-grande.png\" class=\"vc_single_image-img attachment-full\" alt=\"logo familia\" title=\"manos-icono-grande\" \/><\/div>\r\n\t\t<\/div>\r\n\t<\/div>\r\n\r\n\t<div class=\"wpb_text_column wpb_content_element vc_custom_1755097071551 estrategias-caja-nombre wpb_custom_d865013b3363eb15d6310dc2a5092d33\" >\r\n\t\t<div class=\"wpb_wrapper\">\r\n\t\t\t<p style=\"text-align: center;\">We are a family that grows with you<\/p>\n\r\n\t\t<\/div>\r\n\t<\/div>\r\n<\/div><\/div><div class=\"estrategias-caja vc_column_container col-md-4\"><div class=\"wpb_wrapper vc_column-inner\">\r\n\t<div class=\"wpb_single_image wpb_content_element vc_align_center wpb_content_element  vc_custom_1755097036873  logo wpb_custom_786dfa5d08a53ed495eca3cc81c1d150\"><div class=\"wpb_wrapper\">\r\n\t\t\t\r\n\t\t\t<div class=\"vc_single_image-wrapper   vc_box_border_grey\"><img loading=\"lazy\" decoding=\"async\" width=\"151\" height=\"151\" src=\"https:\/\/latradi.pe\/wp-content\/uploads\/2025\/07\/corazon-icono-grande.png\" class=\"vc_single_image-img attachment-full\" alt=\"logo haciendo historia\" title=\"corazon-icono-grande\" \/><\/div>\r\n\t\t<\/div>\r\n\t<\/div>\r\n\r\n\t<div class=\"wpb_text_column wpb_content_element vc_custom_1755097080600 estrategias-caja-nombre wpb_custom_d865013b3363eb15d6310dc2a5092d33\" >\r\n\t\t<div class=\"wpb_wrapper\">\r\n\t\t\t<p style=\"text-align: center;\">Over 50 years making history together<\/p>\n\r\n\t\t<\/div>\r\n\t<\/div>\r\n<\/div><\/div><\/div><div class=\"porto-btn-ctn-center perfil--btn\"><a class=\"porto-btn  vc_custom_1755099327488 porto-adjust-bottom-margin porto-btn-normal porto-btn-no-hover-bg   wpb_custom_8a303fab47f853d418f8efc06ced5666  porto-btn-center\"  rel='' href = \"https:\/\/docs.google.com\/forms\/d\/e\/1FAIpQLSeogHgkysNLb9b091zuGHwRUDTTCCQdYYxJv4JCRAnDIjuF3A\/viewform\" target='_blank' data-hover=\"\" data-border-color=\"\" data-bg=\"#ed7515\" data-hover-bg=\"\" data-border-hover=\"\" data-shadow-click=\"none\" data-shadow=\"\" style=\"border:none;background: #ed7515;color: #f9b725;\"><span class=\"porto-btn-hover\"><\/span><span class=\"porto-btn-data porto-btn-text\" >Submit Your Profile<\/span><\/a><\/div><\/div><\/div><\/div><div id=\"trabaja-nosotros-cuatro-container\" class=\"vc_row wpb_row row top-row vc_custom_1755097646396 vc_row-has-fill wpb_custom_034b39d9bc6c6b310d69e39f0ccf274f\"><div class=\"vc_column_container col-md-12\"><div class=\"wpb_wrapper vc_column-inner\">\r\n\t<div class=\"wpb_text_column wpb_content_element vc_custom_1754944539657 items-titulo wpb_custom_5e4a24686bb79fa3c6319e124ed03ad8\" >\r\n\t\t<div class=\"wpb_wrapper\">\r\n\t\t\t<h2 style=\"text-align: center; margin-top: 0px;\">Where Could You Join Us?<\/h2>\n\r\n\t\t<\/div>\r\n\t<\/div>\r\n\n\t<div class=\"wpb_raw_code wpb_raw_html wpb_content_element vc_custom_1755094766230 linea-container\" >\n\t\t<div class=\"wpb_wrapper\">\n\t\t\t<div class=\"linea-img\">\n    <div class=\"punto\"><\/div>\n    <div class=\"linea\"><\/div>\n    <div class=\"punto\"><\/div>\n<\/div>\n\t\t<\/div>\n\t<\/div>\n<div class=\"vc_row wpb_row vc_inner row inicio-estrategias-cajas vc_custom_1753331839989 vc_row-o-content-bottom vc_row-flex\"><div class=\"estrategias-caja vc_column_container col-md-3\"><div class=\"wpb_wrapper vc_column-inner\">\r\n\t<div class=\"wpb_single_image wpb_content_element vc_align_center wpb_content_element  vc_custom_1754945893396  logo-olla logo wpb_custom_af0a8fc04b3aac72b85c65dc42d97a4f\"><div class=\"wpb_wrapper\">\r\n\t\t\t\r\n\t\t\t<div class=\"vc_single_image-wrapper   vc_box_border_grey\"><img loading=\"lazy\" decoding=\"async\" width=\"151\" height=\"151\" src=\"https:\/\/latradi.pe\/wp-content\/uploads\/2025\/07\/olla-icono-grande.png\" class=\"vc_single_image-img attachment-full\" alt=\"logo de cocina\" title=\"olla-icono-grande\" \/><\/div>\r\n\t\t<\/div>\r\n\t<\/div>\r\n\r\n\t<div class=\"wpb_text_column wpb_content_element vc_custom_1754943333156 estrategias-caja-nombre wpb_custom_d865013b3363eb15d6310dc2a5092d33\" >\r\n\t\t<div class=\"wpb_wrapper\">\r\n\t\t\t<p style=\"text-align: center;\">Kitchen<\/p>\n\r\n\t\t<\/div>\r\n\t<\/div>\r\n<\/div><\/div><div class=\"estrategias-caja vc_column_container col-md-3\"><div class=\"wpb_wrapper vc_column-inner\">\r\n\t<div class=\"wpb_single_image wpb_content_element vc_align_center wpb_content_element  vc_custom_1754945902245  logo-telf logo wpb_custom_af0a8fc04b3aac72b85c65dc42d97a4f\"><div class=\"wpb_wrapper\">\r\n\t\t\t\r\n\t\t\t<div class=\"vc_single_image-wrapper   vc_box_border_grey\"><img loading=\"lazy\" decoding=\"async\" width=\"151\" height=\"151\" src=\"https:\/\/latradi.pe\/wp-content\/uploads\/2025\/07\/llamada-icono-grande.png\" class=\"vc_single_image-img attachment-full\" alt=\"logo de atenci\u00f3n al cliente\" title=\"llamada-icono-grande\" \/><\/div>\r\n\t\t<\/div>\r\n\t<\/div>\r\n\r\n\t<div class=\"wpb_text_column wpb_content_element vc_custom_1754943345315 estrategias-caja-nombre wpb_custom_d865013b3363eb15d6310dc2a5092d33\" >\r\n\t\t<div class=\"wpb_wrapper\">\r\n\t\t\t<p style=\"text-align: center;\">Customer Service<\/p>\n\r\n\t\t<\/div>\r\n\t<\/div>\r\n<\/div><\/div><div class=\"estrategias-caja vc_column_container col-md-3\"><div class=\"wpb_wrapper vc_column-inner\">\r\n\t<div class=\"wpb_single_image wpb_content_element vc_align_center wpb_content_element  vc_custom_1754945909476  logo wpb_custom_786dfa5d08a53ed495eca3cc81c1d150\"><div class=\"wpb_wrapper\">\r\n\t\t\t\r\n\t\t\t<div class=\"vc_single_image-wrapper   vc_box_border_grey\"><img loading=\"lazy\" decoding=\"async\" width=\"151\" height=\"151\" src=\"https:\/\/latradi.pe\/wp-content\/uploads\/2025\/07\/logistica-icono-grande.png\" class=\"vc_single_image-img attachment-full\" alt=\"logo de log\u00edstica y almacen\" title=\"logistica-icono-grande\" \/><\/div>\r\n\t\t<\/div>\r\n\t<\/div>\r\n\r\n\t<div class=\"wpb_text_column wpb_content_element vc_custom_1754943357780 estrategias-caja-nombre wpb_custom_d865013b3363eb15d6310dc2a5092d33\" >\r\n\t\t<div class=\"wpb_wrapper\">\r\n\t\t\t<p style=\"text-align: center;\">Logistics &amp; Warehouse<\/p>\n\r\n\t\t<\/div>\r\n\t<\/div>\r\n<\/div><\/div><div class=\"estrategias-caja vc_column_container col-md-3\"><div class=\"wpb_wrapper vc_column-inner\">\r\n\t<div class=\"wpb_single_image wpb_content_element vc_align_center wpb_content_element  vc_custom_1754945914089  logo wpb_custom_786dfa5d08a53ed495eca3cc81c1d150\"><div class=\"wpb_wrapper\">\r\n\t\t\t\r\n\t\t\t<div class=\"vc_single_image-wrapper   vc_box_border_grey\"><img loading=\"lazy\" decoding=\"async\" width=\"151\" height=\"151\" src=\"https:\/\/latradi.pe\/wp-content\/uploads\/2025\/07\/admin-icono-grande.png\" class=\"vc_single_image-img attachment-full\" alt=\"logo de administraci\u00f3n\" title=\"admin-icono-grande\" \/><\/div>\r\n\t\t<\/div>\r\n\t<\/div>\r\n\r\n\t<div class=\"wpb_text_column wpb_content_element vc_custom_1754943390163 estrategias-caja-nombre wpb_custom_d865013b3363eb15d6310dc2a5092d33\" >\r\n\t\t<div class=\"wpb_wrapper\">\r\n\t\t\t<p style=\"text-align: center;\">Administration<\/p>\n\r\n\t\t<\/div>\r\n\t<\/div>\r\n<\/div><\/div><\/div><div class=\"porto-btn-ctn-center perfil--btn\"><a class=\"porto-btn  vc_custom_1755099335960 porto-adjust-bottom-margin porto-btn-normal porto-btn-no-hover-bg   wpb_custom_8a303fab47f853d418f8efc06ced5666  porto-btn-center\"  rel='' href = \"https:\/\/docs.google.com\/forms\/d\/e\/1FAIpQLSeogHgkysNLb9b091zuGHwRUDTTCCQdYYxJv4JCRAnDIjuF3A\/viewform\" target='_blank' data-hover=\"\" data-border-color=\"\" data-bg=\"#f9b725\" data-hover-bg=\"\" data-border-hover=\"\" data-shadow-click=\"none\" data-shadow=\"\" style=\"border:none;background: #f9b725;color: #b21d19;\"><span class=\"porto-btn-hover\"><\/span><span class=\"porto-btn-data porto-btn-text\" >Submit Your Profile<\/span><\/a><\/div><\/div><\/div><\/div><div id=\"trabaja-nosotros-banner-container\" class=\"vc_row wpb_row row top-row vc_custom_1754872316011 vc_row-has-fill wpb_custom_034b39d9bc6c6b310d69e39f0ccf274f\"><div class=\"vc_column_container col-md-12\"><div class=\"wpb_wrapper vc_column-inner\">\r\n\t<div class=\"wpb_text_column wpb_content_element vc_custom_1754872217669 nuestra-carta--titulo wpb_custom_d0cd2749332746d005349453c4c81de7\" >\r\n\t\t<div class=\"wpb_wrapper\">\r\n\t\t\t<h3>Would You Like to Work With Us?<\/h3>\n\r\n\t\t<\/div>\r\n\t<\/div>\r\n<div class=\"porto-btn-ctn-center nuestra-carta--btn\"><a class=\"porto-btn  vc_custom_1755099343864 porto-adjust-bottom-margin porto-btn-normal porto-btn-no-hover-bg   wpb_custom_8a303fab47f853d418f8efc06ced5666  porto-btn-center\"  rel='' href = \"https:\/\/docs.google.com\/forms\/d\/e\/1FAIpQLSeogHgkysNLb9b091zuGHwRUDTTCCQdYYxJv4JCRAnDIjuF3A\/viewform\" target='_blank' data-hover=\"\" data-border-color=\"\" data-bg=\"#ed7515\" data-hover-bg=\"\" data-border-hover=\"\" data-shadow-click=\"none\" data-shadow=\"\" style=\"border:none;background: #ed7515;color: #f9b725;\"><span class=\"porto-btn-hover\"><\/span><span class=\"porto-btn-data porto-btn-text\" >Send My Profile<\/span><\/a><\/div><\/div><\/div><\/div>\n<\/div>","protected":false},"excerpt":{"rendered":"S\u00e9 parte de la tradici\u00f3n S\u00e9 parte de la tradici\u00f3n Si compartes nuestra pasi\u00f3n por la gastronom\u00eda y el servicio con esencia arequipe\u00f1a, nos encantar\u00e1 conocerte. \u00bfPor qu\u00e9 ser parte de nuestro equipo? Conservamos los sabores de anta\u00f1o Somos una familia que crece contigo M\u00e1s de 50 a\u00f1os haciendo historia juntos Deja tu perfil \u00bfD\u00f3nde [...]","protected":false},"author":1,"featured_media":0,"parent":0,"menu_order":0,"comment_status":"closed","ping_status":"closed","template":"","meta":{"_acf_changed":false,"_joinchat":[],"footnotes":""},"class_list":["post-1399","page","type-page","status-publish","hentry"],"acf":[],"yoast_head":"<!-- This site is optimized with the Yoast SEO plugin v27.5 - https:\/\/yoast.com\/product\/yoast-seo-wordpress\/ -->\n<title>Trabaja con nosotros - Tradici\u00f3n Arequipe\u00f1a<\/title>\n<meta name=\"description\" content=\"\u00bfQuieres trabajar en Tradici\u00f3n Arequipe\u00f1a? \u00danete a nuestro equipo y comparte la pasi\u00f3n por la gastronom\u00eda arequipe\u00f1a en \u00e1reas de cocina, atenci\u00f3n al cliente y m\u00e1s.\" \/>\n<meta name=\"robots\" content=\"index, follow, max-snippet:-1, max-image-preview:large, max-video-preview:-1\" \/>\n<link rel=\"canonical\" href=\"https:\/\/latradi.pe\/en\/trabaja-con-nosotros\/\" \/>\n<meta property=\"og:locale\" content=\"en_US\" \/>\n<meta property=\"og:type\" content=\"article\" \/>\n<meta property=\"og:title\" content=\"Trabaja con nosotros - Tradici\u00f3n Arequipe\u00f1a\" \/>\n<meta property=\"og:description\" content=\"\u00bfQuieres trabajar en Tradici\u00f3n Arequipe\u00f1a? \u00danete a nuestro equipo y comparte la pasi\u00f3n por la gastronom\u00eda arequipe\u00f1a en \u00e1reas de cocina, atenci\u00f3n al cliente y m\u00e1s.\" \/>\n<meta property=\"og:url\" content=\"https:\/\/latradi.pe\/en\/trabaja-con-nosotros\/\" \/>\n<meta property=\"og:site_name\" content=\"Tradici\u00f3n Arequipe\u00f1a\" \/>\n<meta property=\"article:publisher\" content=\"https:\/\/www.facebook.com\/latradi\/?locale=es_LA\" \/>\n<meta property=\"article:modified_time\" content=\"2025-08-20T16:05:00+00:00\" \/>\n<meta name=\"twitter:card\" content=\"summary_large_image\" \/>\n<meta name=\"twitter:label1\" content=\"Est. reading time\" \/>\n\t<meta name=\"twitter:data1\" content=\"3 minutes\" \/>\n<script type=\"application\/ld+json\" class=\"yoast-schema-graph\">{\"@context\":\"https:\\\/\\\/schema.org\",\"@graph\":[{\"@type\":\"WebPage\",\"@id\":\"https:\\\/\\\/latradi.pe\\\/trabaja-con-nosotros\\\/\",\"url\":\"https:\\\/\\\/latradi.pe\\\/trabaja-con-nosotros\\\/\",\"name\":\"Trabaja con nosotros - Tradici\u00f3n Arequipe\u00f1a\",\"isPartOf\":{\"@id\":\"https:\\\/\\\/latradi.pe\\\/#website\"},\"datePublished\":\"2025-08-07T05:32:46+00:00\",\"dateModified\":\"2025-08-20T16:05:00+00:00\",\"description\":\"\u00bfQuieres trabajar en Tradici\u00f3n Arequipe\u00f1a? \u00danete a nuestro equipo y comparte la pasi\u00f3n por la gastronom\u00eda arequipe\u00f1a en \u00e1reas de cocina, atenci\u00f3n al cliente y m\u00e1s.\",\"breadcrumb\":{\"@id\":\"https:\\\/\\\/latradi.pe\\\/trabaja-con-nosotros\\\/#breadcrumb\"},\"inLanguage\":\"en-US\",\"potentialAction\":[{\"@type\":\"ReadAction\",\"target\":[\"https:\\\/\\\/latradi.pe\\\/trabaja-con-nosotros\\\/\"]}]},{\"@type\":\"BreadcrumbList\",\"@id\":\"https:\\\/\\\/latradi.pe\\\/trabaja-con-nosotros\\\/#breadcrumb\",\"itemListElement\":[{\"@type\":\"ListItem\",\"position\":1,\"name\":\"Portada\",\"item\":\"https:\\\/\\\/latradi.pe\\\/\"},{\"@type\":\"ListItem\",\"position\":2,\"name\":\"Trabaja con nosotros\"}]},{\"@type\":\"WebSite\",\"@id\":\"https:\\\/\\\/latradi.pe\\\/#website\",\"url\":\"https:\\\/\\\/latradi.pe\\\/\",\"name\":\"Tradici\u00f3n Arequipe\u00f1a\",\"description\":\"Somos parte de la m\u00e1s pura tradici\u00f3n arequipe\u00f1a, en #LaTradi conservamos los sabores de anta\u00f1o. \u00a1Ven a disfrutar de nuestros deliciosos platos arequipe\u00f1os ...\",\"publisher\":{\"@id\":\"https:\\\/\\\/latradi.pe\\\/#organization\"},\"potentialAction\":[{\"@type\":\"SearchAction\",\"target\":{\"@type\":\"EntryPoint\",\"urlTemplate\":\"https:\\\/\\\/latradi.pe\\\/?s={search_term_string}\"},\"query-input\":{\"@type\":\"PropertyValueSpecification\",\"valueRequired\":true,\"valueName\":\"search_term_string\"}}],\"inLanguage\":\"en-US\"},{\"@type\":\"Organization\",\"@id\":\"https:\\\/\\\/latradi.pe\\\/#organization\",\"name\":\"Tradici\u00f3n Arequipe\u00f1a\",\"url\":\"https:\\\/\\\/latradi.pe\\\/\",\"logo\":{\"@type\":\"ImageObject\",\"inLanguage\":\"en-US\",\"@id\":\"https:\\\/\\\/latradi.pe\\\/#\\\/schema\\\/logo\\\/image\\\/\",\"url\":\"https:\\\/\\\/latradi.pe\\\/wp-content\\\/uploads\\\/2025\\\/07\\\/logo-tradi.png\",\"contentUrl\":\"https:\\\/\\\/latradi.pe\\\/wp-content\\\/uploads\\\/2025\\\/07\\\/logo-tradi.png\",\"width\":301,\"height\":131,\"caption\":\"Tradici\u00f3n Arequipe\u00f1a\"},\"image\":{\"@id\":\"https:\\\/\\\/latradi.pe\\\/#\\\/schema\\\/logo\\\/image\\\/\"},\"sameAs\":[\"https:\\\/\\\/www.facebook.com\\\/latradi\\\/?locale=es_LA\",\"https:\\\/\\\/www.instagram.com\\\/tradicionarequipena\\\/?hl=es\",\"https:\\\/\\\/www.tiktok.com\\\/@tradicionarequipena\",\"https:\\\/\\\/www.youtube.com\\\/channel\\\/UCRac_-jicMVpKKSbvDgqSdw\"]}]}<\/script>\n<!-- \/ Yoast SEO plugin. -->","yoast_head_json":{"title":"Trabaja con nosotros - Tradici\u00f3n Arequipe\u00f1a","description":"\u00bfQuieres trabajar en Tradici\u00f3n Arequipe\u00f1a? \u00danete a nuestro equipo y comparte la pasi\u00f3n por la gastronom\u00eda arequipe\u00f1a en \u00e1reas de cocina, atenci\u00f3n al cliente y m\u00e1s.","robots":{"index":"index","follow":"follow","max-snippet":"max-snippet:-1","max-image-preview":"max-image-preview:large","max-video-preview":"max-video-preview:-1"},"canonical":"https:\/\/latradi.pe\/en\/trabaja-con-nosotros\/","og_locale":"en_US","og_type":"article","og_title":"Trabaja con nosotros - Tradici\u00f3n Arequipe\u00f1a","og_description":"\u00bfQuieres trabajar en Tradici\u00f3n Arequipe\u00f1a? \u00danete a nuestro equipo y comparte la pasi\u00f3n por la gastronom\u00eda arequipe\u00f1a en \u00e1reas de cocina, atenci\u00f3n al cliente y m\u00e1s.","og_url":"https:\/\/latradi.pe\/en\/trabaja-con-nosotros\/","og_site_name":"Tradici\u00f3n Arequipe\u00f1a","article_publisher":"https:\/\/www.facebook.com\/latradi\/?locale=es_LA","article_modified_time":"2025-08-20T16:05:00+00:00","twitter_card":"summary_large_image","twitter_misc":{"Est. reading time":"3 minutes"},"schema":{"@context":"https:\/\/schema.org","@graph":[{"@type":"WebPage","@id":"https:\/\/latradi.pe\/trabaja-con-nosotros\/","url":"https:\/\/latradi.pe\/trabaja-con-nosotros\/","name":"Trabaja con nosotros - Tradici\u00f3n Arequipe\u00f1a","isPartOf":{"@id":"https:\/\/latradi.pe\/#website"},"datePublished":"2025-08-07T05:32:46+00:00","dateModified":"2025-08-20T16:05:00+00:00","description":"\u00bfQuieres trabajar en Tradici\u00f3n Arequipe\u00f1a? \u00danete a nuestro equipo y comparte la pasi\u00f3n por la gastronom\u00eda arequipe\u00f1a en \u00e1reas de cocina, atenci\u00f3n al cliente y m\u00e1s.","breadcrumb":{"@id":"https:\/\/latradi.pe\/trabaja-con-nosotros\/#breadcrumb"},"inLanguage":"en-US","potentialAction":[{"@type":"ReadAction","target":["https:\/\/latradi.pe\/trabaja-con-nosotros\/"]}]},{"@type":"BreadcrumbList","@id":"https:\/\/latradi.pe\/trabaja-con-nosotros\/#breadcrumb","itemListElement":[{"@type":"ListItem","position":1,"name":"Portada","item":"https:\/\/latradi.pe\/"},{"@type":"ListItem","position":2,"name":"Trabaja con nosotros"}]},{"@type":"WebSite","@id":"https:\/\/latradi.pe\/#website","url":"https:\/\/latradi.pe\/","name":"Tradici\u00f3n Arequipe\u00f1a","description":"Somos parte de la m\u00e1s pura tradici\u00f3n arequipe\u00f1a, en #LaTradi conservamos los sabores de anta\u00f1o. \u00a1Ven a disfrutar de nuestros deliciosos platos arequipe\u00f1os ...","publisher":{"@id":"https:\/\/latradi.pe\/#organization"},"potentialAction":[{"@type":"SearchAction","target":{"@type":"EntryPoint","urlTemplate":"https:\/\/latradi.pe\/?s={search_term_string}"},"query-input":{"@type":"PropertyValueSpecification","valueRequired":true,"valueName":"search_term_string"}}],"inLanguage":"en-US"},{"@type":"Organization","@id":"https:\/\/latradi.pe\/#organization","name":"Tradici\u00f3n Arequipe\u00f1a","url":"https:\/\/latradi.pe\/","logo":{"@type":"ImageObject","inLanguage":"en-US","@id":"https:\/\/latradi.pe\/#\/schema\/logo\/image\/","url":"https:\/\/latradi.pe\/wp-content\/uploads\/2025\/07\/logo-tradi.png","contentUrl":"https:\/\/latradi.pe\/wp-content\/uploads\/2025\/07\/logo-tradi.png","width":301,"height":131,"caption":"Tradici\u00f3n Arequipe\u00f1a"},"image":{"@id":"https:\/\/latradi.pe\/#\/schema\/logo\/image\/"},"sameAs":["https:\/\/www.facebook.com\/latradi\/?locale=es_LA","https:\/\/www.instagram.com\/tradicionarequipena\/?hl=es","https:\/\/www.tiktok.com\/@tradicionarequipena","https:\/\/www.youtube.com\/channel\/UCRac_-jicMVpKKSbvDgqSdw"]}]}},"_links":{"self":[{"href":"https:\/\/latradi.pe\/en\/wp-json\/wp\/v2\/pages\/1399","targetHints":{"allow":["GET"]}}],"collection":[{"href":"https:\/\/latradi.pe\/en\/wp-json\/wp\/v2\/pages"}],"about":[{"href":"https:\/\/latradi.pe\/en\/wp-json\/wp\/v2\/types\/page"}],"author":[{"embeddable":true,"href":"https:\/\/latradi.pe\/en\/wp-json\/wp\/v2\/users\/1"}],"replies":[{"embeddable":true,"href":"https:\/\/latradi.pe\/en\/wp-json\/wp\/v2\/comments?post=1399"}],"version-history":[{"count":42,"href":"https:\/\/latradi.pe\/en\/wp-json\/wp\/v2\/pages\/1399\/revisions"}],"predecessor-version":[{"id":1784,"href":"https:\/\/latradi.pe\/en\/wp-json\/wp\/v2\/pages\/1399\/revisions\/1784"}],"wp:attachment":[{"href":"https:\/\/latradi.pe\/en\/wp-json\/wp\/v2\/media?parent=1399"}],"curies":[{"name":"wp","href":"https:\/\/api.w.org\/{rel}","templated":true}]}}