{"id":1406,"date":"2025-08-07T05:38:26","date_gmt":"2025-08-07T05:38:26","guid":{"rendered":"https:\/\/latradi.pe\/?page_id=1406"},"modified":"2026-03-20T23:36:01","modified_gmt":"2026-03-20T23:36:01","slug":"nuestra-historia","status":"publish","type":"page","link":"https:\/\/latradi.pe\/en\/nuestra-historia\/","title":{"rendered":"Nuestra historia"},"content":{"rendered":"<div class=\"wpb-content-wrapper\"><div id=\"nuestra-historia-hero-container\" class=\"vc_row wpb_row row top-row vc_custom_1754545301786 vc_row-has-fill wpb_custom_034b39d9bc6c6b310d69e39f0ccf274f\"><div class=\"hero-column vc_column_container col-md-12 vc_custom_1754542891305\"><div class=\"wpb_wrapper vc_column-inner\">\r\n\t<div class=\"wpb_single_image wpb_content_element vc_align_center wpb_content_element  vc_custom_1754545252778 wpb_custom_86ad44f3c99568ec2749b5cdfa83ddc0\"><div class=\"wpb_wrapper\">\r\n\t\t\t\r\n\t\t\t<div class=\"vc_single_image-wrapper   vc_box_border_grey\"><img loading=\"lazy\" decoding=\"async\" width=\"1921\" height=\"1001\" src=\"https:\/\/latradi.pe\/wp-content\/uploads\/2025\/08\/hero-nuestra-historia.webp\" class=\"vc_single_image-img attachment-full\" alt=\"Fundadoras de la Tradici\u00f3n Arequipe\u00f1a\" title=\"hero-nuestra-historia\" srcset=\"https:\/\/latradi.pe\/wp-content\/uploads\/2025\/08\/hero-nuestra-historia.webp 1921w, https:\/\/latradi.pe\/wp-content\/uploads\/2025\/08\/hero-nuestra-historia-1024x534.webp 1024w, https:\/\/latradi.pe\/wp-content\/uploads\/2025\/08\/hero-nuestra-historia-768x400.webp 768w, https:\/\/latradi.pe\/wp-content\/uploads\/2025\/08\/hero-nuestra-historia-1536x800.webp 1536w, https:\/\/latradi.pe\/wp-content\/uploads\/2025\/08\/hero-nuestra-historia-640x333.webp 640w, https:\/\/latradi.pe\/wp-content\/uploads\/2025\/08\/hero-nuestra-historia-400x208.webp 400w, https:\/\/latradi.pe\/wp-content\/uploads\/2025\/08\/hero-nuestra-historia-393x205.webp 393w\" sizes=\"auto, (max-width: 1921px) 100vw, 1921px\" \/><\/div>\r\n\t\t<\/div>\r\n\t<\/div>\r\n\n\t<div class=\"wpb_raw_code wpb_raw_html wpb_content_element vc_custom_1754545240323\" >\n\t\t<div class=\"wpb_wrapper\">\n\t\t\t<div class=\"inicio-hero-contenido\">\n    <div class=\"linea-img\">\n        <div class=\"punto\"><\/div>\n        <div class=\"linea\"><\/div>\n        <div class=\"punto\"><\/div>\n    <\/div>\n        \n    <h1 class=\"inicio-hero-title\">Every Dish Tells a Story<\/h1>    \n    \n    <div class=\"linea-img\">\n        <div class=\"punto\"><\/div>\n        <div class=\"linea\"><\/div>\n        <div class=\"punto\"><\/div>\n    <\/div>\n<\/div>\n\t\t<\/div>\n\t<\/div>\n<\/div><\/div><\/div><div id=\"nuestra-historia-timeline-container\" class=\"vc_row wpb_row row top-row vc_custom_1755145310512 wpb_custom_034b39d9bc6c6b310d69e39f0ccf274f\"><div class=\"vc_column_container col-md-12\"><div class=\"wpb_wrapper vc_column-inner\">\n\t<div class=\"wpb_raw_code wpb_raw_html wpb_content_element\" >\n\t\t<div class=\"wpb_wrapper\">\n\t\t\t <div class=\"timeline-container\">\r\n        <div class=\"timeline-event left event-1\">\r\n            <div class=\"event-content\">\r\n                <h3>1977<\/h3>\r\n                <h4>Birth of the Tradition<\/h4>\r\n                <p>After the passing of her mother, Do\u00f1a Hermelinda began her Arequipa cuisine business at home, later moving to Mariano Melgar, where she opened \u201cLa Fiera.\u201d<\/p>\r\n            <\/div>\r\n        <\/div>\r\n\r\n        <div class=\"timeline-event right event-2\">\r\n            <div class=\"event-content\">\r\n                <h3>1985<\/h3>\r\n                <h4>A Journey That Changed Everything<\/h4>\r\n                <p>Do\u00f1a Hermelinda was invited to a festival of Arequipa cuisine at Emilio Peschiera\u2019s restaurant \u201cEl Cerro Sito\u201d in Lima, which expanded her fame.<\/p>\r\n            <\/div>\r\n        <\/div>\r\n\r\n        <div class=\"timeline-event left event-3\">\r\n            <div class=\"event-content\">\r\n                <h3>1991<\/h3>\r\n                <h4>Opening the Doors<\/h4>\r\n                <p>Do\u00f1a Hermelinda opened her new picanter\u00eda, \u201cTradici\u00f3n Arequipe\u00f1a,\u201d blending Arequipa\u2019s culinary traditions with the service of top restaurants.<\/p>\r\n            <\/div>\r\n        <\/div>\r\n        \r\n        <div class=\"timeline-event right event-4\">\r\n            <div class=\"event-content\">\r\n                <h3>1995<\/h3>\r\n                <h4>Award for Tradici\u00f3n Arequipe\u00f1a<\/h4>\r\n                <p>Hermelinda Carpio received the XXI International Trophy for Tourism, Hospitality, and Gastronomy in Spain.<\/p>\r\n            <\/div>\r\n        <\/div>\r\n\r\n        <div class=\"timeline-event left event-5\">\r\n            <div class=\"event-content\">\r\n                <h3>2020<\/h3>\r\n                <h4>Do\u00f1a Hermelinda\u2019s Legacy Lives On<\/h4>\r\n                <p>After her passing on June 30, 2020, Lourdes Rodr\u00edguez took on the leadership and commitment to keep the tradition alive through the preparation of the finest time-honored recipes.<\/p>\r\n            <\/div>\r\n        <\/div>\r\n        \r\n        <div class=\"timeline-event right event-6\">\r\n            <div class=\"event-content\">\r\n                <h3>2023<\/h3>\r\n                <h4>Peruvian Company of the Year Award<\/h4>\r\n                <p>Tradici\u00f3n Arequipe\u00f1a won the Peruvian Company of the Year Award.<\/p>\r\n            <\/div>\r\n        <\/div>\r\n\r\n        <div class=\"timeline-event left event-7\">\r\n            <div class=\"event-content\">\r\n                <h3>2024<\/h3>\r\n                <h4>Recognized for Our Tradition<\/h4>\r\n                <p>In 2024, Tradici\u00f3n Arequipe\u00f1a received awards from the Latin American Quality Institute and Summum in the category of Best Restaurant in Arequipa.<\/p>\r\n            <\/div>\r\n        <\/div>\r\n    <\/div>\n\t\t<\/div>\n\t<\/div>\n<\/div><\/div><\/div><div id=\"nuestra-historia-reconocimientos-container\" class=\"vc_row wpb_row row top-row vc_custom_1755149280368 vc_row-has-fill wpb_custom_034b39d9bc6c6b310d69e39f0ccf274f\"><div class=\"vc_column_container col-md-12\"><div class=\"wpb_wrapper vc_column-inner\">\r\n\t<div class=\"wpb_text_column wpb_content_element vc_custom_1755147120507 items-titulo wpb_custom_b9328b2066e96df2ebfbf44493f00068\" >\r\n\t\t<div class=\"wpb_wrapper\">\r\n\t\t\t<h2 style=\"text-align: center; margin-top: 0px;\">Some of Our Awards<\/h2>\n\r\n\t\t<\/div>\r\n\t<\/div>\r\n\n\t<div class=\"wpb_raw_code wpb_raw_html wpb_content_element vc_custom_1755094766230 linea-container\" >\n\t\t<div class=\"wpb_wrapper\">\n\t\t\t<div class=\"linea-img\">\n    <div class=\"punto\"><\/div>\n    <div class=\"linea\"><\/div>\n    <div class=\"punto\"><\/div>\n<\/div>\n\t\t<\/div>\n\t<\/div>\n<div class=\"vc_row wpb_row vc_inner row inicio-reconocidos-por-reconocimientos vc_custom_1753330856784 vc_row-o-content-bottom vc_row-flex\"><div class=\"reconocidos-por-reconocimiento vc_column_container col-md-3\"><div class=\"wpb_wrapper vc_column-inner\">\r\n\t<div class=\"wpb_single_image wpb_content_element vc_align_center wpb_content_element  vc_custom_1753455425479  logo-reconocimiento-1 wpb_custom_7a67f069079fa5d3effa588504f954bc\"><div class=\"wpb_wrapper\">\r\n\t\t\t\r\n\t\t\t<div class=\"vc_single_image-wrapper   vc_box_border_grey\"><img loading=\"lazy\" decoding=\"async\" width=\"301\" height=\"151\" src=\"https:\/\/latradi.pe\/wp-content\/uploads\/2025\/07\/reconocimiento1-logo.png\" class=\"vc_single_image-img attachment-full\" alt=\"XXI Trofeo Internacional de Turismo, Hoteler\u00eda y Gastronom\u00eda 1995\" title=\"reconocimiento1-logo.\" \/><\/div>\r\n\t\t<\/div>\r\n\t<\/div>\r\n\r\n\t<div class=\"wpb_text_column wpb_content_element vc_custom_1754410727829 reconocimiento-nombre wpb_custom_4e8a612b0f08fcb166fc2ea633a60bff\" >\r\n\t\t<div class=\"wpb_wrapper\">\r\n\t\t\t<p style=\"text-align: center; width: 200px;\">21st International Trophy for Tourism, Hospitality and Gastronomy -<br \/>\n1995<\/p>\n\r\n\t\t<\/div>\r\n\t<\/div>\r\n<\/div><\/div><div class=\"reconocidos-por-reconocimiento vc_column_container col-md-3\"><div class=\"wpb_wrapper vc_column-inner\">\r\n\t<div class=\"wpb_single_image wpb_content_element vc_align_center wpb_content_element  vc_custom_1753451449513  logo-reconocimiento-2 wpb_custom_7a67f069079fa5d3effa588504f954bc\"><div class=\"wpb_wrapper\">\r\n\t\t\t\r\n\t\t\t<div class=\"vc_single_image-wrapper   vc_box_border_grey\"><img loading=\"lazy\" decoding=\"async\" width=\"301\" height=\"151\" src=\"https:\/\/latradi.pe\/wp-content\/uploads\/2025\/07\/reconocimiento2-logo.png\" class=\"vc_single_image-img attachment-full\" alt=\"Imagen Premio Empresa Peruana del A\u00f1o 2023\" title=\"reconocimiento2-logo.\" \/><\/div>\r\n\t\t<\/div>\r\n\t<\/div>\r\n\r\n\t<div class=\"wpb_text_column wpb_content_element vc_custom_1754410736261 reconocimiento-nombre wpb_custom_4e8a612b0f08fcb166fc2ea633a60bff\" >\r\n\t\t<div class=\"wpb_wrapper\">\r\n\t\t\t<p style=\"text-align: center; width: 160px;\">Peruvian Company of the Year Award - 2023<\/p>\n\r\n\t\t<\/div>\r\n\t<\/div>\r\n<\/div><\/div><div class=\"reconocidos-por-reconocimiento vc_column_container col-md-3\"><div class=\"wpb_wrapper vc_column-inner\">\r\n\t<div class=\"wpb_single_image wpb_content_element vc_align_center wpb_content_element  vc_custom_1753451431074  logo-reconocimiento-3 wpb_custom_63833bcbabb7082a3acf5b324c37d92b\"><div class=\"wpb_wrapper\">\r\n\t\t\t\r\n\t\t\t<div class=\"vc_single_image-wrapper   vc_box_border_grey\"><img loading=\"lazy\" decoding=\"async\" width=\"301\" height=\"151\" src=\"https:\/\/latradi.pe\/wp-content\/uploads\/2025\/07\/reconocimiento4-logo.png\" class=\"vc_single_image-img attachment-full\" alt=\"Latin American Quality Institute 2024\" title=\"reconocimiento4-logo.\" \/><\/div>\r\n\t\t<\/div>\r\n\t<\/div>\r\n\r\n\t<div class=\"wpb_text_column wpb_content_element vc_custom_1754410745830 reconocimiento-nombre wpb_custom_4e8a612b0f08fcb166fc2ea633a60bff\" >\r\n\t\t<div class=\"wpb_wrapper\">\r\n\t\t\t<p style=\"text-align: center; width: 200px;\">Latin American Quality Institute -<br \/>\n2024<\/p>\n\r\n\t\t<\/div>\r\n\t<\/div>\r\n<\/div><\/div><div class=\"reconocidos-por-reconocimiento vc_column_container col-md-3\"><div class=\"wpb_wrapper vc_column-inner\">\r\n\t<div class=\"wpb_single_image wpb_content_element vc_align_center wpb_content_element  vc_custom_1753451348570  logo-reconocimiento-4 wpb_custom_7a67f069079fa5d3effa588504f954bc\"><div class=\"wpb_wrapper\">\r\n\t\t\t\r\n\t\t\t<div class=\"vc_single_image-wrapper   vc_box_border_grey\"><img loading=\"lazy\" decoding=\"async\" width=\"301\" height=\"151\" src=\"https:\/\/latradi.pe\/wp-content\/uploads\/2025\/07\/reconocimiento3-logo.png\" class=\"vc_single_image-img attachment-full\" alt=\"Top 10 Mejor Restaurante de Arequipa - Summum 2024\" title=\"reconocimiento3-logo.\" \/><\/div>\r\n\t\t<\/div>\r\n\t<\/div>\r\n\r\n\t<div class=\"wpb_text_column wpb_content_element vc_custom_1754410753133 reconocimiento-nombre wpb_custom_4e8a612b0f08fcb166fc2ea633a60bff\" >\r\n\t\t<div class=\"wpb_wrapper\">\r\n\t\t\t<p style=\"text-align: center; width: 160px;\">Top 10 Best Restaurant in Arequipa \u2013 Summum -<br \/>\n2024<\/p>\n\r\n\t\t<\/div>\r\n\t<\/div>\r\n<\/div><\/div><\/div><\/div><\/div><\/div><div id=\"nuestra-historia-banner-container\" class=\"vc_row wpb_row row top-row vc_custom_1754873199385 vc_row-has-fill wpb_custom_034b39d9bc6c6b310d69e39f0ccf274f\"><div class=\"vc_column_container col-md-12\"><div class=\"wpb_wrapper vc_column-inner\">\r\n\t<div class=\"wpb_text_column wpb_content_element vc_custom_1754873249035 nuestra-carta--titulo wpb_custom_f30407624e8e63c063eb9d9461dc0907\" >\r\n\t\t<div class=\"wpb_wrapper\">\r\n\t\t\t<h3>Every Dish Tells a Story<\/h3>\n\r\n\t\t<\/div>\r\n\t<\/div>\r\n<div class=\"porto-btn-ctn-center nuestra-carta--btn\"><a class=\"porto-btn  vc_custom_1774049759506 porto-adjust-bottom-margin porto-btn-normal porto-btn-no-hover-bg   wpb_custom_8a303fab47f853d418f8efc06ced5666  porto-btn-center\"  rel='' href = \"https:\/\/drive.google.com\/file\/d\/1Wgz3vUHWJm2jC5JFdp79xI_JC2Spmr0q\/view?usp=sharing\" target='_blank' data-hover=\"\" data-border-color=\"\" data-bg=\"#b21d19\" data-hover-bg=\"\" data-border-hover=\"\" data-shadow-click=\"none\" data-shadow=\"\" style=\"border:none;background: #b21d19;color: #f9b725;\"><span class=\"porto-btn-hover\"><\/span><span class=\"porto-btn-data porto-btn-text\" >Explore our menu<\/span><\/a><\/div><\/div><\/div><\/div>\n<\/div>","protected":false},"excerpt":{"rendered":"Ra\u00edces que siguen vivas 1977 Nacimiento de la tradici\u00f3n arequipe\u00f1a Do\u00f1a Hermelinda, tras el fallecimiento de su madre, emprende el negocio de su comida arequipe\u00f1a en su propia casa. Para luego trasladarse a Mariano Melgar, inaugurando \"La Fiera\". 1985 Un viaje que cambi\u00f3 todo Do\u00f1a Hermelinda es invitada a un festival de comida arequipe\u00f1a en [...]","protected":false},"author":1,"featured_media":0,"parent":0,"menu_order":0,"comment_status":"closed","ping_status":"closed","template":"","meta":{"_acf_changed":false,"_joinchat":[],"footnotes":""},"class_list":["post-1406","page","type-page","status-publish","hentry"],"acf":[],"yoast_head":"<!-- This site is optimized with the Yoast SEO plugin v27.5 - https:\/\/yoast.com\/product\/yoast-seo-wordpress\/ -->\n<title>Nuestra historia - Tradici\u00f3n Arequipe\u00f1a<\/title>\n<meta name=\"description\" content=\"Conoce la historia de la Tradici\u00f3n Arequipe\u00f1a, fundada por Do\u00f1a Hermelinda. M\u00e1s de 50 a\u00f1os de tradici\u00f3n, premios y el legado vivo de la aut\u00e9ntica cocina arequipe\u00f1a.\" \/>\n<meta name=\"robots\" content=\"index, follow, max-snippet:-1, max-image-preview:large, max-video-preview:-1\" \/>\n<link rel=\"canonical\" href=\"https:\/\/latradi.pe\/en\/nuestra-historia\/\" \/>\n<meta property=\"og:locale\" content=\"en_US\" \/>\n<meta property=\"og:type\" content=\"article\" \/>\n<meta property=\"og:title\" content=\"Nuestra historia - Tradici\u00f3n Arequipe\u00f1a\" \/>\n<meta property=\"og:description\" content=\"Conoce la historia de la Tradici\u00f3n Arequipe\u00f1a, fundada por Do\u00f1a Hermelinda. M\u00e1s de 50 a\u00f1os de tradici\u00f3n, premios y el legado vivo de la aut\u00e9ntica cocina arequipe\u00f1a.\" \/>\n<meta property=\"og:url\" content=\"https:\/\/latradi.pe\/en\/nuestra-historia\/\" \/>\n<meta property=\"og:site_name\" content=\"Tradici\u00f3n Arequipe\u00f1a\" \/>\n<meta property=\"article:publisher\" content=\"https:\/\/www.facebook.com\/latradi\/?locale=es_LA\" \/>\n<meta property=\"article:modified_time\" content=\"2026-03-20T23:36:01+00:00\" \/>\n<meta name=\"twitter:card\" content=\"summary_large_image\" \/>\n<meta name=\"twitter:label1\" content=\"Est. reading time\" \/>\n\t<meta name=\"twitter:data1\" content=\"2 minutes\" \/>\n<script type=\"application\/ld+json\" class=\"yoast-schema-graph\">{\"@context\":\"https:\\\/\\\/schema.org\",\"@graph\":[{\"@type\":\"WebPage\",\"@id\":\"https:\\\/\\\/latradi.pe\\\/nuestra-historia\\\/\",\"url\":\"https:\\\/\\\/latradi.pe\\\/nuestra-historia\\\/\",\"name\":\"Nuestra historia - Tradici\u00f3n Arequipe\u00f1a\",\"isPartOf\":{\"@id\":\"https:\\\/\\\/latradi.pe\\\/#website\"},\"datePublished\":\"2025-08-07T05:38:26+00:00\",\"dateModified\":\"2026-03-20T23:36:01+00:00\",\"description\":\"Conoce la historia de la Tradici\u00f3n Arequipe\u00f1a, fundada por Do\u00f1a Hermelinda. M\u00e1s de 50 a\u00f1os de tradici\u00f3n, premios y el legado vivo de la aut\u00e9ntica cocina arequipe\u00f1a.\",\"breadcrumb\":{\"@id\":\"https:\\\/\\\/latradi.pe\\\/nuestra-historia\\\/#breadcrumb\"},\"inLanguage\":\"en-US\",\"potentialAction\":[{\"@type\":\"ReadAction\",\"target\":[\"https:\\\/\\\/latradi.pe\\\/nuestra-historia\\\/\"]}]},{\"@type\":\"BreadcrumbList\",\"@id\":\"https:\\\/\\\/latradi.pe\\\/nuestra-historia\\\/#breadcrumb\",\"itemListElement\":[{\"@type\":\"ListItem\",\"position\":1,\"name\":\"Portada\",\"item\":\"https:\\\/\\\/latradi.pe\\\/\"},{\"@type\":\"ListItem\",\"position\":2,\"name\":\"Nuestra historia\"}]},{\"@type\":\"WebSite\",\"@id\":\"https:\\\/\\\/latradi.pe\\\/#website\",\"url\":\"https:\\\/\\\/latradi.pe\\\/\",\"name\":\"Tradici\u00f3n Arequipe\u00f1a\",\"description\":\"Somos parte de la m\u00e1s pura tradici\u00f3n arequipe\u00f1a, en #LaTradi conservamos los sabores de anta\u00f1o. \u00a1Ven a disfrutar de nuestros deliciosos platos arequipe\u00f1os ...\",\"publisher\":{\"@id\":\"https:\\\/\\\/latradi.pe\\\/#organization\"},\"potentialAction\":[{\"@type\":\"SearchAction\",\"target\":{\"@type\":\"EntryPoint\",\"urlTemplate\":\"https:\\\/\\\/latradi.pe\\\/?s={search_term_string}\"},\"query-input\":{\"@type\":\"PropertyValueSpecification\",\"valueRequired\":true,\"valueName\":\"search_term_string\"}}],\"inLanguage\":\"en-US\"},{\"@type\":\"Organization\",\"@id\":\"https:\\\/\\\/latradi.pe\\\/#organization\",\"name\":\"Tradici\u00f3n Arequipe\u00f1a\",\"url\":\"https:\\\/\\\/latradi.pe\\\/\",\"logo\":{\"@type\":\"ImageObject\",\"inLanguage\":\"en-US\",\"@id\":\"https:\\\/\\\/latradi.pe\\\/#\\\/schema\\\/logo\\\/image\\\/\",\"url\":\"https:\\\/\\\/latradi.pe\\\/wp-content\\\/uploads\\\/2025\\\/07\\\/logo-tradi.png\",\"contentUrl\":\"https:\\\/\\\/latradi.pe\\\/wp-content\\\/uploads\\\/2025\\\/07\\\/logo-tradi.png\",\"width\":301,\"height\":131,\"caption\":\"Tradici\u00f3n Arequipe\u00f1a\"},\"image\":{\"@id\":\"https:\\\/\\\/latradi.pe\\\/#\\\/schema\\\/logo\\\/image\\\/\"},\"sameAs\":[\"https:\\\/\\\/www.facebook.com\\\/latradi\\\/?locale=es_LA\",\"https:\\\/\\\/www.instagram.com\\\/tradicionarequipena\\\/?hl=es\",\"https:\\\/\\\/www.tiktok.com\\\/@tradicionarequipena\",\"https:\\\/\\\/www.youtube.com\\\/channel\\\/UCRac_-jicMVpKKSbvDgqSdw\"]}]}<\/script>\n<!-- \/ Yoast SEO plugin. -->","yoast_head_json":{"title":"Nuestra historia - Tradici\u00f3n Arequipe\u00f1a","description":"Conoce la historia de la Tradici\u00f3n Arequipe\u00f1a, fundada por Do\u00f1a Hermelinda. M\u00e1s de 50 a\u00f1os de tradici\u00f3n, premios y el legado vivo de la aut\u00e9ntica cocina arequipe\u00f1a.","robots":{"index":"index","follow":"follow","max-snippet":"max-snippet:-1","max-image-preview":"max-image-preview:large","max-video-preview":"max-video-preview:-1"},"canonical":"https:\/\/latradi.pe\/en\/nuestra-historia\/","og_locale":"en_US","og_type":"article","og_title":"Nuestra historia - Tradici\u00f3n Arequipe\u00f1a","og_description":"Conoce la historia de la Tradici\u00f3n Arequipe\u00f1a, fundada por Do\u00f1a Hermelinda. M\u00e1s de 50 a\u00f1os de tradici\u00f3n, premios y el legado vivo de la aut\u00e9ntica cocina arequipe\u00f1a.","og_url":"https:\/\/latradi.pe\/en\/nuestra-historia\/","og_site_name":"Tradici\u00f3n Arequipe\u00f1a","article_publisher":"https:\/\/www.facebook.com\/latradi\/?locale=es_LA","article_modified_time":"2026-03-20T23:36:01+00:00","twitter_card":"summary_large_image","twitter_misc":{"Est. reading time":"2 minutes"},"schema":{"@context":"https:\/\/schema.org","@graph":[{"@type":"WebPage","@id":"https:\/\/latradi.pe\/nuestra-historia\/","url":"https:\/\/latradi.pe\/nuestra-historia\/","name":"Nuestra historia - Tradici\u00f3n Arequipe\u00f1a","isPartOf":{"@id":"https:\/\/latradi.pe\/#website"},"datePublished":"2025-08-07T05:38:26+00:00","dateModified":"2026-03-20T23:36:01+00:00","description":"Conoce la historia de la Tradici\u00f3n Arequipe\u00f1a, fundada por Do\u00f1a Hermelinda. M\u00e1s de 50 a\u00f1os de tradici\u00f3n, premios y el legado vivo de la aut\u00e9ntica cocina arequipe\u00f1a.","breadcrumb":{"@id":"https:\/\/latradi.pe\/nuestra-historia\/#breadcrumb"},"inLanguage":"en-US","potentialAction":[{"@type":"ReadAction","target":["https:\/\/latradi.pe\/nuestra-historia\/"]}]},{"@type":"BreadcrumbList","@id":"https:\/\/latradi.pe\/nuestra-historia\/#breadcrumb","itemListElement":[{"@type":"ListItem","position":1,"name":"Portada","item":"https:\/\/latradi.pe\/"},{"@type":"ListItem","position":2,"name":"Nuestra historia"}]},{"@type":"WebSite","@id":"https:\/\/latradi.pe\/#website","url":"https:\/\/latradi.pe\/","name":"Tradici\u00f3n Arequipe\u00f1a","description":"Somos parte de la m\u00e1s pura tradici\u00f3n arequipe\u00f1a, en #LaTradi conservamos los sabores de anta\u00f1o. \u00a1Ven a disfrutar de nuestros deliciosos platos arequipe\u00f1os ...","publisher":{"@id":"https:\/\/latradi.pe\/#organization"},"potentialAction":[{"@type":"SearchAction","target":{"@type":"EntryPoint","urlTemplate":"https:\/\/latradi.pe\/?s={search_term_string}"},"query-input":{"@type":"PropertyValueSpecification","valueRequired":true,"valueName":"search_term_string"}}],"inLanguage":"en-US"},{"@type":"Organization","@id":"https:\/\/latradi.pe\/#organization","name":"Tradici\u00f3n Arequipe\u00f1a","url":"https:\/\/latradi.pe\/","logo":{"@type":"ImageObject","inLanguage":"en-US","@id":"https:\/\/latradi.pe\/#\/schema\/logo\/image\/","url":"https:\/\/latradi.pe\/wp-content\/uploads\/2025\/07\/logo-tradi.png","contentUrl":"https:\/\/latradi.pe\/wp-content\/uploads\/2025\/07\/logo-tradi.png","width":301,"height":131,"caption":"Tradici\u00f3n Arequipe\u00f1a"},"image":{"@id":"https:\/\/latradi.pe\/#\/schema\/logo\/image\/"},"sameAs":["https:\/\/www.facebook.com\/latradi\/?locale=es_LA","https:\/\/www.instagram.com\/tradicionarequipena\/?hl=es","https:\/\/www.tiktok.com\/@tradicionarequipena","https:\/\/www.youtube.com\/channel\/UCRac_-jicMVpKKSbvDgqSdw"]}]}},"_links":{"self":[{"href":"https:\/\/latradi.pe\/en\/wp-json\/wp\/v2\/pages\/1406","targetHints":{"allow":["GET"]}}],"collection":[{"href":"https:\/\/latradi.pe\/en\/wp-json\/wp\/v2\/pages"}],"about":[{"href":"https:\/\/latradi.pe\/en\/wp-json\/wp\/v2\/types\/page"}],"author":[{"embeddable":true,"href":"https:\/\/latradi.pe\/en\/wp-json\/wp\/v2\/users\/1"}],"replies":[{"embeddable":true,"href":"https:\/\/latradi.pe\/en\/wp-json\/wp\/v2\/comments?post=1406"}],"version-history":[{"count":14,"href":"https:\/\/latradi.pe\/en\/wp-json\/wp\/v2\/pages\/1406\/revisions"}],"predecessor-version":[{"id":1921,"href":"https:\/\/latradi.pe\/en\/wp-json\/wp\/v2\/pages\/1406\/revisions\/1921"}],"wp:attachment":[{"href":"https:\/\/latradi.pe\/en\/wp-json\/wp\/v2\/media?parent=1406"}],"curies":[{"name":"wp","href":"https:\/\/api.w.org\/{rel}","templated":true}]}}