{"id":1412,"date":"2025-08-07T05:43:58","date_gmt":"2025-08-07T05:43:58","guid":{"rendered":"https:\/\/latradi.pe\/?page_id=1412"},"modified":"2025-08-29T18:13:48","modified_gmt":"2025-08-29T18:13:48","slug":"evaluaciones-y-opiniones","status":"publish","type":"page","link":"https:\/\/latradi.pe\/en\/evaluaciones-y-opiniones\/","title":{"rendered":"Evaluaciones y opiniones"},"content":{"rendered":"<div class=\"wpb-content-wrapper\"><div id=\"evaluaciones-hero-container\" class=\"vc_row wpb_row row top-row vc_custom_1754545536075 vc_row-has-fill wpb_custom_034b39d9bc6c6b310d69e39f0ccf274f\"><div class=\"hero-column vc_column_container col-md-12 vc_custom_1754542891305\"><div class=\"wpb_wrapper vc_column-inner\">\r\n\t<div class=\"wpb_single_image wpb_content_element vc_align_center wpb_content_element  vc_custom_1754545562648 wpb_custom_86ad44f3c99568ec2749b5cdfa83ddc0\"><div class=\"wpb_wrapper\">\r\n\t\t\t\r\n\t\t\t<div class=\"vc_single_image-wrapper   vc_box_border_grey\"><img loading=\"lazy\" decoding=\"async\" width=\"1921\" height=\"1001\" src=\"https:\/\/latradi.pe\/wp-content\/uploads\/2025\/08\/hero-evaluaciones.webp\" class=\"vc_single_image-img attachment-full\" alt=\"Clientes de Tradici\u00f3n Arequipe\u00f1a\" title=\"hero-evaluaciones\" srcset=\"https:\/\/latradi.pe\/wp-content\/uploads\/2025\/08\/hero-evaluaciones.webp 1921w, https:\/\/latradi.pe\/wp-content\/uploads\/2025\/08\/hero-evaluaciones-1024x534.webp 1024w, https:\/\/latradi.pe\/wp-content\/uploads\/2025\/08\/hero-evaluaciones-768x400.webp 768w, https:\/\/latradi.pe\/wp-content\/uploads\/2025\/08\/hero-evaluaciones-1536x800.webp 1536w, https:\/\/latradi.pe\/wp-content\/uploads\/2025\/08\/hero-evaluaciones-640x333.webp 640w, https:\/\/latradi.pe\/wp-content\/uploads\/2025\/08\/hero-evaluaciones-400x208.webp 400w, https:\/\/latradi.pe\/wp-content\/uploads\/2025\/08\/hero-evaluaciones-393x205.webp 393w\" sizes=\"auto, (max-width: 1921px) 100vw, 1921px\" \/><\/div>\r\n\t\t<\/div>\r\n\t<\/div>\r\n\n\t<div class=\"wpb_raw_code wpb_raw_html wpb_content_element vc_custom_1754545572147\" >\n\t\t<div class=\"wpb_wrapper\">\n\t\t\t<div class=\"inicio-hero-contenido\">\n    <div class=\"linea-img\">\n        <div class=\"punto\"><\/div>\n        <div class=\"linea\"><\/div>\n        <div class=\"punto\"><\/div>\n    <\/div>\n        \n    <h1 class=\"inicio-hero-title\">Your Voice Inspires Us<\/h1>    \n    \n    <div class=\"linea-img\">\n        <div class=\"punto\"><\/div>\n        <div class=\"linea\"><\/div>\n        <div class=\"punto\"><\/div>\n    <\/div>\n<\/div>\n\t\t<\/div>\n\t<\/div>\n<\/div><\/div><\/div><div id=\"evaluaciones-dicen-clientes-container\" class=\"vc_row wpb_row row top-row vc_custom_1754585751778 vc_row-has-fill vc_row-o-content-middle vc_row-flex wpb_custom_034b39d9bc6c6b310d69e39f0ccf274f\"><div class=\"vc_column_container col-md-8\"><div class=\"wpb_wrapper vc_column-inner\">\r\n\t<div class=\"wpb_single_image wpb_content_element vc_align_left wpb_content_element  vc_custom_1754585704090  seccion-logo wpb_custom_30c8f640dcd3f6f4db397918fa47ad95\"><div class=\"wpb_wrapper\">\r\n\t\t\t\r\n\t\t\t<div class=\"vc_single_image-wrapper   vc_box_border_grey\"><img loading=\"lazy\" decoding=\"async\" width=\"81\" height=\"81\" src=\"https:\/\/latradi.pe\/wp-content\/uploads\/2025\/07\/clientes-icono.png\" class=\"vc_single_image-img attachment-full\" alt=\"\u00cdcono comentarios de clientes\" title=\"clientes-icono\" \/><\/div>\r\n\t\t<\/div>\r\n\t<\/div>\r\n\r\n\t<div class=\"wpb_text_column wpb_content_element vc_custom_1754585840848 wpb_custom_0f2b46a2a33320f27085aaf69bd6edba\" >\r\n\t\t<div class=\"wpb_wrapper\">\r\n\t\t\t<h2>What Do Our Customers Say?<\/h2>\n\r\n\t\t<\/div>\r\n\t<\/div>\r\n\r\n\t<div class=\"wpb_text_column wpb_content_element vc_custom_1754585720344 parrafo-seccion wpb_custom_db1417af99f3ff68752d7da287260c63\" >\r\n\t\t<div class=\"wpb_wrapper\">\r\n\t\t\t<p>For over 50 years, we\u2019ve been receiving feedback from our guests. Each opinion helps us keep improving and offering the best possible experience.<\/p>\n\r\n\t\t<\/div>\r\n\t<\/div>\r\n<\/div><\/div><div class=\"vc_column_container col-md-4\"><div class=\"wpb_wrapper vc_column-inner\">\r\n\t<div class=\"wpb_single_image wpb_content_element vc_align_right wpb_content_element  vc_custom_1754585857794  image-seccion wpb_custom_612995354a0105359879c062b7c5b794\"><div class=\"wpb_wrapper\">\r\n\t\t\t\r\n\t\t\t<div class=\"vc_single_image-wrapper   vc_box_border_grey\"><img loading=\"lazy\" decoding=\"async\" width=\"601\" height=\"691\" src=\"https:\/\/latradi.pe\/wp-content\/uploads\/2025\/08\/evaluaciones-clientes-1.webp\" class=\"vc_single_image-img attachment-full\" alt=\"Clientes de Tradici\u00f3n Arequipe\u00f1a\" title=\"evaluaciones-clientes-1\" srcset=\"https:\/\/latradi.pe\/wp-content\/uploads\/2025\/08\/evaluaciones-clientes-1.webp 601w, https:\/\/latradi.pe\/wp-content\/uploads\/2025\/08\/evaluaciones-clientes-1-400x460.webp 400w\" sizes=\"auto, (max-width: 601px) 100vw, 601px\" \/><\/div>\r\n\t\t<\/div>\r\n\t<\/div>\r\n<\/div><\/div><\/div><div id=\"evaluaciones-testimonios-container\" class=\"vc_row wpb_row row top-row vc_custom_1755128633314 vc_row-has-fill wpb_custom_034b39d9bc6c6b310d69e39f0ccf274f\"><div class=\"vc_column_container col-md-12\"><div class=\"wpb_wrapper vc_column-inner\">\r\n\t<div class=\"wpb_text_column wpb_content_element vc_custom_1755129459989 testimonios-titulo wpb_custom_66010610912488da9c94025faf21f8f1\" >\r\n\t\t<div class=\"wpb_wrapper\">\r\n\t\t\t<h2 style=\"text-align: center;\">Stories from Those Who Enjoy Our Tradition<\/h2>\n\r\n\t\t<\/div>\r\n\t<\/div>\r\n\r\n\t<div class=\"wpb_text_column wpb_content_element vc_custom_1755129442773 testimonios-texto wpb_custom_5f9caf7b8590e0857253e4b6d970cde9\" >\r\n\t\t<div class=\"wpb_wrapper\">\r\n\t\t\t<p>These are some of the experiences that fill us with pride. We love knowing that every visit has become a unique and delicious moment.<\/p>\n\r\n\t\t<\/div>\r\n\t<\/div>\r\n\n\t<div class=\"wpb_raw_code wpb_raw_html wpb_content_element vc_custom_1755625943638 testimonio-codigo\" >\n\t\t<div class=\"wpb_wrapper\">\n\t\t\t<div class=\"testimonio-container\">\r\n  <a href=\"https:\/\/share.google\/un6f1kTwj8CrZSXh4\" target=\"_blank\" class=\"testimonio-card\">\r\n    <h3>Antje Baecker<\/h3>\r\n    <p> With all my heart, I want to thank you for giving me the privilege of savoring the true and authentic cuisine of Tradici\u00f3n Arequipe\u00f1a. Since my first visit in 1999, every return has been a gift for both palate and soul: an unforgettable culinary experience, always accompanied by warm, friendly, and professional service.\r\n    <\/p>\r\n    <span class=\"date\">ago. 2025<\/span>\r\n  <\/a>\r\n<\/div>\n\t\t<\/div>\n\t<\/div>\n\n\t<div class=\"wpb_raw_code wpb_raw_html wpb_content_element vc_custom_1756491228662 testimonio-codigo\" >\n\t\t<div class=\"wpb_wrapper\">\n\t\t\t<div class=\"testimonio-container\">\r\n  <a href=\"https:\/\/www.tripadvisor.co\/ShowUserReviews-g294313-d1070029-r997406887-Tradicion_Arequipena-Arequipa_Arequipa_Region.html\" target=\"_blank\" class=\"testimonio-card\">\r\n    <h3>Tatiana Aranibar<\/h3>\r\n    <p> The service is super friendly, the portions are generous, and every dish is full of the authentic flavors of Arequipa. If you\u2019re looking for a beautiful place with great food and an experience truly worth it, Tradici\u00f3n Arequipe\u00f1a is the perfect destination. Absolutely recommended!\r\n    <\/p>\r\n    <span class=\"date\">mar. 2025<\/span>\r\n  <\/a>\r\n<\/div>\n\t\t<\/div>\n\t<\/div>\n\n\t<div class=\"wpb_raw_code wpb_raw_html wpb_content_element vc_custom_1756491222582\" >\n\t\t<div class=\"wpb_wrapper\">\n\t\t\t<div class=\"testimonio-container\">\r\n  <a href=\"https:\/\/share.google\/Q239CfSz8IYZhoZ5X\" target=\"_blank\" class=\"testimonio-card\">\r\n    <h3>Edson Gogin<\/h3>\r\n    <p> An excellent place to enjoy lunch with family or friends. The dishes are delicious, the atmosphere is excellent, and the service is outstanding. Highly recommended in every way. A must-stop for both Peruvians and foreigners when visiting Arequipa.\r\n    <\/p>\r\n    <span class=\"date\">sept. 2024<\/span>\r\n  <\/a>\r\n<\/div>\n\t\t<\/div>\n\t<\/div>\n<\/div><\/div><\/div><div id=\"evaluaciones-compartexp-container\" class=\"vc_row wpb_row row top-row vc_custom_1754814883157 vc_row-has-fill vc_row-o-content-middle vc_row-flex wpb_custom_034b39d9bc6c6b310d69e39f0ccf274f\"><div class=\"seccion-contenido vc_column_container col-md-6\"><div class=\"wpb_wrapper vc_column-inner\">\r\n\t<div class=\"wpb_single_image wpb_content_element vc_align_left wpb_content_element  vc_custom_1754814691243  logo wpb_custom_81a4f7ef9830bf958462581aa01150fb\"><div class=\"wpb_wrapper\">\r\n\t\t\t\r\n\t\t\t<div class=\"vc_single_image-wrapper   vc_box_border_grey\"><img loading=\"lazy\" decoding=\"async\" width=\"81\" height=\"81\" src=\"https:\/\/latradi.pe\/wp-content\/uploads\/2025\/07\/clientes-icono.png\" class=\"vc_single_image-img attachment-full\" alt=\"\u00cdcono comentarios de clientes\" title=\"clientes-icono\" \/><\/div>\r\n\t\t<\/div>\r\n\t<\/div>\r\n\r\n\t<div class=\"wpb_text_column wpb_content_element vc_custom_1754814699194 seccion-titulo wpb_custom_bb7ee2c669de168392a9d3ac38760bd1\" >\r\n\t\t<div class=\"wpb_wrapper\">\r\n\t\t\t<h3>Share Your Experience with Us<\/h3>\n\r\n\t\t<\/div>\r\n\t<\/div>\r\n\r\n\t<div class=\"wpb_text_column wpb_content_element vc_custom_1754814717867 seccion-parrafo wpb_custom_e7065d8a0d0529d8b9b3c03d49aba8fc\" >\r\n\t\t<div class=\"wpb_wrapper\">\r\n\t\t\t<p>We\u2019d love to hear about your experience at Tradici\u00f3n Arequipe\u00f1a. Every opinion helps us keep improving and ensures that each visit is even better than the last.<\/p>\n\r\n\t\t<\/div>\r\n\t<\/div>\r\n<div class=\"porto-btn-ctn-left seccion-btn\"><a class=\"porto-btn  vc_custom_1755142705154 porto-adjust-bottom-margin porto-btn-normal porto-btn-no-hover-bg   wpb_custom_8a303fab47f853d418f8efc06ced5666  porto-btn-left\"  rel='' href = \"https:\/\/docs.google.com\/forms\/d\/e\/1FAIpQLSe0YV63QL4u5_ojNpd2GjB1EWq3EgLeMjYdmXFMuHg6ddt0lA\/viewform\" target='_blank' data-hover=\"\" data-border-color=\"\" data-bg=\"#ed7515\" data-hover-bg=\"\" data-border-hover=\"\" data-shadow-click=\"none\" data-shadow=\"\" style=\"border:none;background: #ed7515;color: #f9b725;\"><span class=\"porto-btn-hover\"><\/span><span class=\"porto-btn-data porto-btn-text\" >Send My Review<\/span><\/a><\/div><\/div><\/div><div class=\"image-container vc_column_container col-md-6\"><div class=\"wpb_wrapper vc_column-inner\">\r\n\t<div class=\"wpb_single_image wpb_content_element vc_align_left wpb_content_element  vc_custom_1754814901089  seccion-img wpb_custom_81a4f7ef9830bf958462581aa01150fb\"><div class=\"wpb_wrapper\">\r\n\t\t\t\r\n\t\t\t<div class=\"vc_single_image-wrapper   vc_box_border_grey\"><img loading=\"lazy\" decoding=\"async\" width=\"601\" height=\"691\" src=\"https:\/\/latradi.pe\/wp-content\/uploads\/2025\/08\/evaluaciones-clientes-2.webp\" class=\"vc_single_image-img attachment-full\" alt=\"Clientes de Tradici\u00f3n Arequipe\u00f1a\" title=\"evaluaciones-clientes-2\" srcset=\"https:\/\/latradi.pe\/wp-content\/uploads\/2025\/08\/evaluaciones-clientes-2.webp 601w, https:\/\/latradi.pe\/wp-content\/uploads\/2025\/08\/evaluaciones-clientes-2-400x460.webp 400w\" sizes=\"auto, (max-width: 601px) 100vw, 601px\" \/><\/div>\r\n\t\t<\/div>\r\n\t<\/div>\r\n<\/div><\/div><\/div><div id=\"evaluaciones-banner-container\" class=\"vc_row wpb_row row top-row vc_custom_1754882710850 vc_row-has-fill wpb_custom_034b39d9bc6c6b310d69e39f0ccf274f\"><div class=\"vc_column_container col-md-12\"><div class=\"wpb_wrapper vc_column-inner\">\r\n\t<div class=\"wpb_text_column wpb_content_element vc_custom_1754883143008 nuestra-carta--titulo wpb_custom_d0cd2749332746d005349453c4c81de7\" >\r\n\t\t<div class=\"wpb_wrapper\">\r\n\t\t\t<h3>Did You Also Enjoy Our Tradition?<\/h3>\n\r\n\t\t<\/div>\r\n\t<\/div>\r\n\r\n\t<div class=\"wpb_text_column wpb_content_element vc_custom_1754883203874 banner-parrafo wpb_custom_fbabc3c583e733e5fa3137fe469baf4e\" >\r\n\t\t<div class=\"wpb_wrapper\">\r\n\t\t\t<p>Your feedback helps us keep growing and sharing the very best of Arequipa.<\/p>\n\r\n\t\t<\/div>\r\n\t<\/div>\r\n<div class=\"porto-btn-ctn-center nuestra-carta--btn\"><a class=\"porto-btn  vc_custom_1755142714118 porto-adjust-bottom-margin porto-btn-normal porto-btn-no-hover-bg   wpb_custom_8a303fab47f853d418f8efc06ced5666  porto-btn-center\"  rel='' href = \"https:\/\/docs.google.com\/forms\/d\/e\/1FAIpQLSe0YV63QL4u5_ojNpd2GjB1EWq3EgLeMjYdmXFMuHg6ddt0lA\/viewform\" target='_blank' data-hover=\"\" data-border-color=\"\" data-bg=\"#f9b725\" data-hover-bg=\"\" data-border-hover=\"\" data-shadow-click=\"none\" data-shadow=\"\" style=\"border:none;background: #f9b725;color: #b21d19;\"><span class=\"porto-btn-hover\"><\/span><span class=\"porto-btn-data porto-btn-text\" >Share Your Opinion<\/span><\/a><\/div><\/div><\/div><\/div>\n<\/div>","protected":false},"excerpt":{"rendered":"Tu voz nos impulsa \u00bfQu\u00e9 dicen nuestros clientes? A lo largo de m\u00e1s de 50 a\u00f1os, hemos recibido opiniones de nuestros comensales. Cada una nos ayuda a seguir mejorando y a ofrecer la mejor experiencia posible. Historias de quienes disfrutan nuestra tradici\u00f3n Estas son algunas de las experiencias que nos llenan de orgullo. Nos encanta [...]","protected":false},"author":1,"featured_media":0,"parent":0,"menu_order":0,"comment_status":"closed","ping_status":"closed","template":"","meta":{"_acf_changed":false,"_joinchat":[],"footnotes":""},"class_list":["post-1412","page","type-page","status-publish","hentry"],"acf":[],"yoast_head":"<!-- This site is optimized with the Yoast SEO plugin v27.5 - https:\/\/yoast.com\/product\/yoast-seo-wordpress\/ -->\n<title>Evaluaciones y opiniones - Tradici\u00f3n Arequipe\u00f1a<\/title>\n<meta name=\"description\" content=\"Descubre las opiniones de la Tradici\u00f3n Arequipe\u00f1a. Nuestros clientes comparten sus experiencias en m\u00e1s de 50 a\u00f1os de sabor y tradici\u00f3n gastron\u00f3mica en Arequipa.\" \/>\n<meta name=\"robots\" content=\"index, follow, max-snippet:-1, max-image-preview:large, max-video-preview:-1\" \/>\n<link rel=\"canonical\" href=\"https:\/\/latradi.pe\/en\/evaluaciones-y-opiniones\/\" \/>\n<meta property=\"og:locale\" content=\"en_US\" \/>\n<meta property=\"og:type\" content=\"article\" \/>\n<meta property=\"og:title\" content=\"Evaluaciones y opiniones - Tradici\u00f3n Arequipe\u00f1a\" \/>\n<meta property=\"og:description\" content=\"Descubre las opiniones de la Tradici\u00f3n Arequipe\u00f1a. Nuestros clientes comparten sus experiencias en m\u00e1s de 50 a\u00f1os de sabor y tradici\u00f3n gastron\u00f3mica en Arequipa.\" \/>\n<meta property=\"og:url\" content=\"https:\/\/latradi.pe\/en\/evaluaciones-y-opiniones\/\" \/>\n<meta property=\"og:site_name\" content=\"Tradici\u00f3n Arequipe\u00f1a\" \/>\n<meta property=\"article:publisher\" content=\"https:\/\/www.facebook.com\/latradi\/?locale=es_LA\" \/>\n<meta property=\"article:modified_time\" content=\"2025-08-29T18:13:48+00:00\" \/>\n<meta name=\"twitter:card\" content=\"summary_large_image\" \/>\n<meta name=\"twitter:label1\" content=\"Est. reading time\" \/>\n\t<meta name=\"twitter:data1\" content=\"3 minutes\" \/>\n<script type=\"application\/ld+json\" class=\"yoast-schema-graph\">{\"@context\":\"https:\\\/\\\/schema.org\",\"@graph\":[{\"@type\":\"WebPage\",\"@id\":\"https:\\\/\\\/latradi.pe\\\/evaluaciones-y-opiniones\\\/\",\"url\":\"https:\\\/\\\/latradi.pe\\\/evaluaciones-y-opiniones\\\/\",\"name\":\"Evaluaciones y opiniones - Tradici\u00f3n Arequipe\u00f1a\",\"isPartOf\":{\"@id\":\"https:\\\/\\\/latradi.pe\\\/#website\"},\"datePublished\":\"2025-08-07T05:43:58+00:00\",\"dateModified\":\"2025-08-29T18:13:48+00:00\",\"description\":\"Descubre las opiniones de la Tradici\u00f3n Arequipe\u00f1a. Nuestros clientes comparten sus experiencias en m\u00e1s de 50 a\u00f1os de sabor y tradici\u00f3n gastron\u00f3mica en Arequipa.\",\"breadcrumb\":{\"@id\":\"https:\\\/\\\/latradi.pe\\\/evaluaciones-y-opiniones\\\/#breadcrumb\"},\"inLanguage\":\"en-US\",\"potentialAction\":[{\"@type\":\"ReadAction\",\"target\":[\"https:\\\/\\\/latradi.pe\\\/evaluaciones-y-opiniones\\\/\"]}]},{\"@type\":\"BreadcrumbList\",\"@id\":\"https:\\\/\\\/latradi.pe\\\/evaluaciones-y-opiniones\\\/#breadcrumb\",\"itemListElement\":[{\"@type\":\"ListItem\",\"position\":1,\"name\":\"Portada\",\"item\":\"https:\\\/\\\/latradi.pe\\\/\"},{\"@type\":\"ListItem\",\"position\":2,\"name\":\"Evaluaciones y opiniones\"}]},{\"@type\":\"WebSite\",\"@id\":\"https:\\\/\\\/latradi.pe\\\/#website\",\"url\":\"https:\\\/\\\/latradi.pe\\\/\",\"name\":\"Tradici\u00f3n Arequipe\u00f1a\",\"description\":\"Somos parte de la m\u00e1s pura tradici\u00f3n arequipe\u00f1a, en #LaTradi conservamos los sabores de anta\u00f1o. \u00a1Ven a disfrutar de nuestros deliciosos platos arequipe\u00f1os ...\",\"publisher\":{\"@id\":\"https:\\\/\\\/latradi.pe\\\/#organization\"},\"potentialAction\":[{\"@type\":\"SearchAction\",\"target\":{\"@type\":\"EntryPoint\",\"urlTemplate\":\"https:\\\/\\\/latradi.pe\\\/?s={search_term_string}\"},\"query-input\":{\"@type\":\"PropertyValueSpecification\",\"valueRequired\":true,\"valueName\":\"search_term_string\"}}],\"inLanguage\":\"en-US\"},{\"@type\":\"Organization\",\"@id\":\"https:\\\/\\\/latradi.pe\\\/#organization\",\"name\":\"Tradici\u00f3n Arequipe\u00f1a\",\"url\":\"https:\\\/\\\/latradi.pe\\\/\",\"logo\":{\"@type\":\"ImageObject\",\"inLanguage\":\"en-US\",\"@id\":\"https:\\\/\\\/latradi.pe\\\/#\\\/schema\\\/logo\\\/image\\\/\",\"url\":\"https:\\\/\\\/latradi.pe\\\/wp-content\\\/uploads\\\/2025\\\/07\\\/logo-tradi.png\",\"contentUrl\":\"https:\\\/\\\/latradi.pe\\\/wp-content\\\/uploads\\\/2025\\\/07\\\/logo-tradi.png\",\"width\":301,\"height\":131,\"caption\":\"Tradici\u00f3n Arequipe\u00f1a\"},\"image\":{\"@id\":\"https:\\\/\\\/latradi.pe\\\/#\\\/schema\\\/logo\\\/image\\\/\"},\"sameAs\":[\"https:\\\/\\\/www.facebook.com\\\/latradi\\\/?locale=es_LA\",\"https:\\\/\\\/www.instagram.com\\\/tradicionarequipena\\\/?hl=es\",\"https:\\\/\\\/www.tiktok.com\\\/@tradicionarequipena\",\"https:\\\/\\\/www.youtube.com\\\/channel\\\/UCRac_-jicMVpKKSbvDgqSdw\"]}]}<\/script>\n<!-- \/ Yoast SEO plugin. -->","yoast_head_json":{"title":"Evaluaciones y opiniones - Tradici\u00f3n Arequipe\u00f1a","description":"Descubre las opiniones de la Tradici\u00f3n Arequipe\u00f1a. Nuestros clientes comparten sus experiencias en m\u00e1s de 50 a\u00f1os de sabor y tradici\u00f3n gastron\u00f3mica en Arequipa.","robots":{"index":"index","follow":"follow","max-snippet":"max-snippet:-1","max-image-preview":"max-image-preview:large","max-video-preview":"max-video-preview:-1"},"canonical":"https:\/\/latradi.pe\/en\/evaluaciones-y-opiniones\/","og_locale":"en_US","og_type":"article","og_title":"Evaluaciones y opiniones - Tradici\u00f3n Arequipe\u00f1a","og_description":"Descubre las opiniones de la Tradici\u00f3n Arequipe\u00f1a. Nuestros clientes comparten sus experiencias en m\u00e1s de 50 a\u00f1os de sabor y tradici\u00f3n gastron\u00f3mica en Arequipa.","og_url":"https:\/\/latradi.pe\/en\/evaluaciones-y-opiniones\/","og_site_name":"Tradici\u00f3n Arequipe\u00f1a","article_publisher":"https:\/\/www.facebook.com\/latradi\/?locale=es_LA","article_modified_time":"2025-08-29T18:13:48+00:00","twitter_card":"summary_large_image","twitter_misc":{"Est. reading time":"3 minutes"},"schema":{"@context":"https:\/\/schema.org","@graph":[{"@type":"WebPage","@id":"https:\/\/latradi.pe\/evaluaciones-y-opiniones\/","url":"https:\/\/latradi.pe\/evaluaciones-y-opiniones\/","name":"Evaluaciones y opiniones - Tradici\u00f3n Arequipe\u00f1a","isPartOf":{"@id":"https:\/\/latradi.pe\/#website"},"datePublished":"2025-08-07T05:43:58+00:00","dateModified":"2025-08-29T18:13:48+00:00","description":"Descubre las opiniones de la Tradici\u00f3n Arequipe\u00f1a. Nuestros clientes comparten sus experiencias en m\u00e1s de 50 a\u00f1os de sabor y tradici\u00f3n gastron\u00f3mica en Arequipa.","breadcrumb":{"@id":"https:\/\/latradi.pe\/evaluaciones-y-opiniones\/#breadcrumb"},"inLanguage":"en-US","potentialAction":[{"@type":"ReadAction","target":["https:\/\/latradi.pe\/evaluaciones-y-opiniones\/"]}]},{"@type":"BreadcrumbList","@id":"https:\/\/latradi.pe\/evaluaciones-y-opiniones\/#breadcrumb","itemListElement":[{"@type":"ListItem","position":1,"name":"Portada","item":"https:\/\/latradi.pe\/"},{"@type":"ListItem","position":2,"name":"Evaluaciones y opiniones"}]},{"@type":"WebSite","@id":"https:\/\/latradi.pe\/#website","url":"https:\/\/latradi.pe\/","name":"Tradici\u00f3n Arequipe\u00f1a","description":"Somos parte de la m\u00e1s pura tradici\u00f3n arequipe\u00f1a, en #LaTradi conservamos los sabores de anta\u00f1o. \u00a1Ven a disfrutar de nuestros deliciosos platos arequipe\u00f1os ...","publisher":{"@id":"https:\/\/latradi.pe\/#organization"},"potentialAction":[{"@type":"SearchAction","target":{"@type":"EntryPoint","urlTemplate":"https:\/\/latradi.pe\/?s={search_term_string}"},"query-input":{"@type":"PropertyValueSpecification","valueRequired":true,"valueName":"search_term_string"}}],"inLanguage":"en-US"},{"@type":"Organization","@id":"https:\/\/latradi.pe\/#organization","name":"Tradici\u00f3n Arequipe\u00f1a","url":"https:\/\/latradi.pe\/","logo":{"@type":"ImageObject","inLanguage":"en-US","@id":"https:\/\/latradi.pe\/#\/schema\/logo\/image\/","url":"https:\/\/latradi.pe\/wp-content\/uploads\/2025\/07\/logo-tradi.png","contentUrl":"https:\/\/latradi.pe\/wp-content\/uploads\/2025\/07\/logo-tradi.png","width":301,"height":131,"caption":"Tradici\u00f3n Arequipe\u00f1a"},"image":{"@id":"https:\/\/latradi.pe\/#\/schema\/logo\/image\/"},"sameAs":["https:\/\/www.facebook.com\/latradi\/?locale=es_LA","https:\/\/www.instagram.com\/tradicionarequipena\/?hl=es","https:\/\/www.tiktok.com\/@tradicionarequipena","https:\/\/www.youtube.com\/channel\/UCRac_-jicMVpKKSbvDgqSdw"]}]}},"_links":{"self":[{"href":"https:\/\/latradi.pe\/en\/wp-json\/wp\/v2\/pages\/1412","targetHints":{"allow":["GET"]}}],"collection":[{"href":"https:\/\/latradi.pe\/en\/wp-json\/wp\/v2\/pages"}],"about":[{"href":"https:\/\/latradi.pe\/en\/wp-json\/wp\/v2\/types\/page"}],"author":[{"embeddable":true,"href":"https:\/\/latradi.pe\/en\/wp-json\/wp\/v2\/users\/1"}],"replies":[{"embeddable":true,"href":"https:\/\/latradi.pe\/en\/wp-json\/wp\/v2\/comments?post=1412"}],"version-history":[{"count":33,"href":"https:\/\/latradi.pe\/en\/wp-json\/wp\/v2\/pages\/1412\/revisions"}],"predecessor-version":[{"id":1840,"href":"https:\/\/latradi.pe\/en\/wp-json\/wp\/v2\/pages\/1412\/revisions\/1840"}],"wp:attachment":[{"href":"https:\/\/latradi.pe\/en\/wp-json\/wp\/v2\/media?parent=1412"}],"curies":[{"name":"wp","href":"https:\/\/api.w.org\/{rel}","templated":true}]}}