{"id":1704,"date":"2025-08-14T14:13:44","date_gmt":"2025-08-14T14:13:44","guid":{"rendered":"https:\/\/latradi.pe\/?page_id=1704"},"modified":"2025-08-20T15:54:01","modified_gmt":"2025-08-20T15:54:01","slug":"reto-del-rocoto","status":"publish","type":"page","link":"https:\/\/latradi.pe\/en\/reto-del-rocoto\/","title":{"rendered":"Rocoto Challenge"},"content":{"rendered":"<div class=\"wpb-content-wrapper\"><div id=\"reto-logo-container\" class=\"vc_row wpb_row row top-row vc_custom_1755182348207 vc_row-has-fill wpb_custom_034b39d9bc6c6b310d69e39f0ccf274f\"><div class=\"vc_column_container col-md-12\"><div class=\"wpb_wrapper vc_column-inner\">\r\n\t<div class=\"wpb_single_image wpb_content_element vc_align_left wpb_content_element  vc_custom_1755182249343  logo-img wpb_custom_81a4f7ef9830bf958462581aa01150fb\"><div class=\"wpb_wrapper\">\r\n\t\t\t\r\n\t\t\t<div class=\"vc_single_image-wrapper   vc_box_border_grey\"><img loading=\"lazy\" decoding=\"async\" width=\"1201\" height=\"331\" src=\"https:\/\/latradi.pe\/wp-content\/uploads\/2025\/08\/reto-rocoto-logo-grande.webp\" class=\"vc_single_image-img attachment-full\" alt=\"logo del juego del rocoto\" title=\"reto-rocoto-logo-grande\" srcset=\"https:\/\/latradi.pe\/wp-content\/uploads\/2025\/08\/reto-rocoto-logo-grande.webp 1201w, https:\/\/latradi.pe\/wp-content\/uploads\/2025\/08\/reto-rocoto-logo-grande-1024x282.webp 1024w, https:\/\/latradi.pe\/wp-content\/uploads\/2025\/08\/reto-rocoto-logo-grande-768x212.webp 768w, https:\/\/latradi.pe\/wp-content\/uploads\/2025\/08\/reto-rocoto-logo-grande-640x176.webp 640w, https:\/\/latradi.pe\/wp-content\/uploads\/2025\/08\/reto-rocoto-logo-grande-400x110.webp 400w\" sizes=\"auto, (max-width: 1201px) 100vw, 1201px\" \/><\/div>\r\n\t\t<\/div>\r\n\t<\/div>\r\n<div class=\"vc_row wpb_row vc_inner row banner-intro-juego vc_custom_1755195511243\"><div class=\"vc_column_container col-md-12\"><div class=\"wpb_wrapper vc_column-inner\">\r\n\t<div class=\"wpb_single_image wpb_content_element vc_align_left wpb_content_element  vc_custom_1755194751568  banner-intro-img wpb_custom_81a4f7ef9830bf958462581aa01150fb\"><div class=\"wpb_wrapper\">\r\n\t\t\t\r\n\t\t\t<div class=\"vc_single_image-wrapper   vc_box_border_grey\"><img loading=\"lazy\" decoding=\"async\" width=\"901\" height=\"301\" src=\"https:\/\/latradi.pe\/wp-content\/uploads\/2025\/08\/reto-rocoto-fondo-1.webp\" class=\"vc_single_image-img attachment-full\" alt=\"Banner del juego del rocoto\" title=\"reto-rocoto-fondo-1\" srcset=\"https:\/\/latradi.pe\/wp-content\/uploads\/2025\/08\/reto-rocoto-fondo-1.webp 901w, https:\/\/latradi.pe\/wp-content\/uploads\/2025\/08\/reto-rocoto-fondo-1-768x257.webp 768w, https:\/\/latradi.pe\/wp-content\/uploads\/2025\/08\/reto-rocoto-fondo-1-640x214.webp 640w, https:\/\/latradi.pe\/wp-content\/uploads\/2025\/08\/reto-rocoto-fondo-1-400x134.webp 400w\" sizes=\"auto, (max-width: 901px) 100vw, 901px\" \/><\/div>\r\n\t\t<\/div>\r\n\t<\/div>\r\n<\/div><\/div><\/div><\/div><\/div><\/div><div id=\"reto-juego-container\" class=\"vc_row wpb_row row top-row vc_custom_1755195387807 vc_row-has-fill wpb_custom_034b39d9bc6c6b310d69e39f0ccf274f\"><div class=\"vc_column_container col-md-12\"><div class=\"wpb_wrapper vc_column-inner\">\n\t<div class=\"wpb_raw_code wpb_raw_html wpb_content_element\" id=\"juego-codigo\">\n\t\t<div class=\"wpb_wrapper\">\n\t\t\t        <div class=\"continer-videojuego\">\r\n            <div id=\"unity-container\" class=\"unity-desktop\">\r\n                <div id=\"loading-logo\" style=\"position: absolute; top: 50%; left: 50%; transform: translate(-50%, -50%); display: flex; align-items: center; justify-content: center; flex-direction: column;\">\r\n                    <img decoding=\"async\" src=\"https:\/\/latradi.pe\/wp-content\/uploads\/2025\/08\/loading.gif\" style=\"width: 60%;\" alt=\"Loading...\" \/>\r\n                    <h2 style=\"text-align: center; font-family: PressStart2P;\" class=\"cargando\">Cargando...<\/h2>\r\n                <\/div>\r\n                <canvas id=\"unity-canvas\" tabindex=\"-1\"><\/canvas>\r\n                <div id=\"unity-loading-bar\">\r\n                    <div id=\"unity-progress-bar-empty\">\r\n                        <div id=\"unity-progress-bar-full\"><\/div>\r\n                    <\/div>\r\n                <\/div>\r\n                <div id=\"unity-warning\"><\/div>\r\n                <div id=\"unity-footer\">\r\n                    <div id=\"unity-webgl-logo\"><\/div>\r\n                    <div id=\"unity-fullscreen-button\"><\/div>\r\n                    <div id=\"unity-build-title\"><\/div>\r\n                <\/div>\r\n            <\/div>\r\n\r\n            <script>\r\n                var container = document.querySelector(\"#unity-container\");\r\n                var canvas = document.querySelector(\"#unity-canvas\");\r\n                var loadingBar = document.querySelector(\"#unity-loading-bar\");\r\n                var progressBarFull = document.querySelector(\"#unity-progress-bar-full\");\r\n                var fullscreenButton = document.querySelector(\"#unity-fullscreen-button\");\r\n                var warningBanner = document.querySelector(\"#unity-warning\");\r\n                var loadingLogo = document.querySelector(\"#loading-logo\");\r\n\r\n                function unityShowBanner(msg, type) {\r\n                    function updateBannerVisibility() {\r\n                        warningBanner.style.display = warningBanner.children.length ? 'block' : 'none';\r\n                    }\r\n                    var div = document.createElement('div');\r\n                    div.innerHTML = msg;\r\n                    warningBanner.appendChild(div);\r\n                    if (type == 'error') div.style = 'background: red; padding: 10px;';\r\n                    else {\r\n                        if (type == 'warning') div.style = 'background: yellow; padding: 10px;';\r\n                        setTimeout(function () {\r\n                            warningBanner.removeChild(div);\r\n                            updateBannerVisibility();\r\n                        \/\/ }, 1000);\r\n                        }, 0);\r\n                    }\r\n                    updateBannerVisibility();\r\n                }\r\n\r\n                var buildUrl = \"https:\/\/latradi.pe\/wp-content\/uploads\/juego-rocoto\/Build\";\r\n                var loaderUrl = buildUrl + \"\/El Reto del Rocoto.loader.js\";\r\n                var config = {\r\n                    dataUrl: buildUrl + \"\/El Reto del Rocoto.data\",\r\n                    frameworkUrl: buildUrl + \"\/El Reto del Rocoto.framework.js\",\r\n                    codeUrl: buildUrl + \"\/El Reto del Rocoto.wasm\",\r\n                    streamingAssetsUrl: \"StreamingAssets\",\r\n                    companyName: \"Tradicion Arequipe\u00f1a\",\r\n                    productName: \"El Reto del Rocoto\",\r\n                    productVersion: \"1.0\",\r\n                    showBanner: unityShowBanner,\r\n                };\r\n\r\n                if (\/iPhone|iPad|iPod|Android\/i.test(navigator.userAgent)) {\r\n                    var meta = document.createElement('meta');\r\n                    meta.name = 'viewport';\r\n                    meta.content = 'width=device-width, height=device-height, initial-scale=1.0, user-scalable=no, shrink-to-fit=yes';\r\n                    document.getElementsByTagName('head')[0].appendChild(meta);\r\n                    container.className = \"unity-mobile\";\r\n                    canvas.className = \"unity-mobile\";\r\n                } else {\r\n                    canvas.style.width = \"1024px\";\r\n                    canvas.style.height = \"768px\";\r\n                }\r\n\r\n                loadingBar.style.display = \"block\";\r\n\r\n                var script = document.createElement(\"script\");\r\n                script.src = loaderUrl;\r\n                script.onload = () => {\r\n                    createUnityInstance(canvas, config, (progress) => {\r\n                        progressBarFull.style.width = 100 * progress + \"%\";\r\n                    }).then((unityInstance) => {\r\n                        loadingBar.style.display = \"none\";\r\n                        loadingLogo.style.display = \"none\"; \/\/ Oculta el logo de carga\r\n                        fullscreenButton.onclick = () => {\r\n                            unityInstance.SetFullscreen(1);\r\n                        };\r\n                    }).catch((message) => {\r\n                        alert(message);\r\n                    });\r\n                };\r\n\r\n                document.body.appendChild(script);\r\n            <\/script>\r\n        <\/div>\n\t\t<\/div>\n\t<\/div>\n<\/div><\/div><\/div><div id=\"reto-banner-final-container\" class=\"vc_row wpb_row row top-row wpb_custom_034b39d9bc6c6b310d69e39f0ccf274f\"><div class=\"vc_column_container col-md-12\"><div class=\"wpb_wrapper vc_column-inner\">\r\n\t<div class=\"wpb_single_image wpb_content_element vc_align_left wpb_content_element  vc_custom_1755194745703 wpb_custom_81a4f7ef9830bf958462581aa01150fb\"><div class=\"wpb_wrapper\">\r\n\t\t\t\r\n\t\t\t<div class=\"vc_single_image-wrapper   vc_box_border_grey\"><img loading=\"lazy\" decoding=\"async\" width=\"1921\" height=\"329\" src=\"https:\/\/latradi.pe\/wp-content\/uploads\/2025\/08\/reto-rocoto-fondo-2.webp\" class=\"vc_single_image-img attachment-full\" alt=\"banner del juego del rocoto\" title=\"reto-rocoto-fondo-2\" srcset=\"https:\/\/latradi.pe\/wp-content\/uploads\/2025\/08\/reto-rocoto-fondo-2.webp 1921w, https:\/\/latradi.pe\/wp-content\/uploads\/2025\/08\/reto-rocoto-fondo-2-1024x175.webp 1024w, https:\/\/latradi.pe\/wp-content\/uploads\/2025\/08\/reto-rocoto-fondo-2-768x132.webp 768w, https:\/\/latradi.pe\/wp-content\/uploads\/2025\/08\/reto-rocoto-fondo-2-1536x263.webp 1536w, https:\/\/latradi.pe\/wp-content\/uploads\/2025\/08\/reto-rocoto-fondo-2-640x110.webp 640w, https:\/\/latradi.pe\/wp-content\/uploads\/2025\/08\/reto-rocoto-fondo-2-400x69.webp 400w\" sizes=\"auto, (max-width: 1921px) 100vw, 1921px\" \/><\/div>\r\n\t\t<\/div>\r\n\t<\/div>\r\n<\/div><\/div><\/div>\n<\/div>","protected":false},"excerpt":{"rendered":"Loading...","protected":false},"author":1,"featured_media":0,"parent":0,"menu_order":0,"comment_status":"closed","ping_status":"closed","template":"","meta":{"_acf_changed":false,"_joinchat":[],"footnotes":""},"class_list":["post-1704","page","type-page","status-publish","hentry"],"acf":[],"yoast_head":"<!-- This site is optimized with the Yoast SEO plugin v27.5 - https:\/\/yoast.com\/product\/yoast-seo-wordpress\/ -->\n<title>Reto del rocoto - Tradici\u00f3n Arequipe\u00f1a<\/title>\n<meta name=\"description\" content=\"Participa en el Reto del Rocoto de la Tradici\u00f3n Arequipe\u00f1a, el desaf\u00edo gastron\u00f3mico m\u00e1s picante de Arequipa. Juega y divi\u00e9rtete mientras celebras nuestra tradici\u00f3n.\" \/>\n<meta name=\"robots\" content=\"index, follow, max-snippet:-1, max-image-preview:large, max-video-preview:-1\" \/>\n<link rel=\"canonical\" href=\"https:\/\/latradi.pe\/en\/reto-del-rocoto\/\" \/>\n<meta property=\"og:locale\" content=\"en_US\" \/>\n<meta property=\"og:type\" content=\"article\" \/>\n<meta property=\"og:title\" content=\"Reto del rocoto - Tradici\u00f3n Arequipe\u00f1a\" \/>\n<meta property=\"og:description\" content=\"Participa en el Reto del Rocoto de la Tradici\u00f3n Arequipe\u00f1a, el desaf\u00edo gastron\u00f3mico m\u00e1s picante de Arequipa. Juega y divi\u00e9rtete mientras celebras nuestra tradici\u00f3n.\" \/>\n<meta property=\"og:url\" content=\"https:\/\/latradi.pe\/en\/reto-del-rocoto\/\" \/>\n<meta property=\"og:site_name\" content=\"Tradici\u00f3n Arequipe\u00f1a\" \/>\n<meta property=\"article:publisher\" content=\"https:\/\/www.facebook.com\/latradi\/?locale=es_LA\" \/>\n<meta property=\"article:modified_time\" content=\"2025-08-20T15:54:01+00:00\" \/>\n<meta name=\"twitter:card\" content=\"summary_large_image\" \/>\n<meta name=\"twitter:label1\" content=\"Est. reading time\" \/>\n\t<meta name=\"twitter:data1\" content=\"1 minute\" \/>\n<script type=\"application\/ld+json\" class=\"yoast-schema-graph\">{\"@context\":\"https:\\\/\\\/schema.org\",\"@graph\":[{\"@type\":\"WebPage\",\"@id\":\"https:\\\/\\\/latradi.pe\\\/reto-del-rocoto\\\/\",\"url\":\"https:\\\/\\\/latradi.pe\\\/reto-del-rocoto\\\/\",\"name\":\"Reto del rocoto - Tradici\u00f3n Arequipe\u00f1a\",\"isPartOf\":{\"@id\":\"https:\\\/\\\/latradi.pe\\\/#website\"},\"datePublished\":\"2025-08-14T14:13:44+00:00\",\"dateModified\":\"2025-08-20T15:54:01+00:00\",\"description\":\"Participa en el Reto del Rocoto de la Tradici\u00f3n Arequipe\u00f1a, el desaf\u00edo gastron\u00f3mico m\u00e1s picante de Arequipa. Juega y divi\u00e9rtete mientras celebras nuestra tradici\u00f3n.\",\"breadcrumb\":{\"@id\":\"https:\\\/\\\/latradi.pe\\\/reto-del-rocoto\\\/#breadcrumb\"},\"inLanguage\":\"en-US\",\"potentialAction\":[{\"@type\":\"ReadAction\",\"target\":[\"https:\\\/\\\/latradi.pe\\\/reto-del-rocoto\\\/\"]}]},{\"@type\":\"BreadcrumbList\",\"@id\":\"https:\\\/\\\/latradi.pe\\\/reto-del-rocoto\\\/#breadcrumb\",\"itemListElement\":[{\"@type\":\"ListItem\",\"position\":1,\"name\":\"Portada\",\"item\":\"https:\\\/\\\/latradi.pe\\\/\"},{\"@type\":\"ListItem\",\"position\":2,\"name\":\"Reto del rocoto\"}]},{\"@type\":\"WebSite\",\"@id\":\"https:\\\/\\\/latradi.pe\\\/#website\",\"url\":\"https:\\\/\\\/latradi.pe\\\/\",\"name\":\"Tradici\u00f3n Arequipe\u00f1a\",\"description\":\"Somos parte de la m\u00e1s pura tradici\u00f3n arequipe\u00f1a, en #LaTradi conservamos los sabores de anta\u00f1o. \u00a1Ven a disfrutar de nuestros deliciosos platos arequipe\u00f1os ...\",\"publisher\":{\"@id\":\"https:\\\/\\\/latradi.pe\\\/#organization\"},\"potentialAction\":[{\"@type\":\"SearchAction\",\"target\":{\"@type\":\"EntryPoint\",\"urlTemplate\":\"https:\\\/\\\/latradi.pe\\\/?s={search_term_string}\"},\"query-input\":{\"@type\":\"PropertyValueSpecification\",\"valueRequired\":true,\"valueName\":\"search_term_string\"}}],\"inLanguage\":\"en-US\"},{\"@type\":\"Organization\",\"@id\":\"https:\\\/\\\/latradi.pe\\\/#organization\",\"name\":\"Tradici\u00f3n Arequipe\u00f1a\",\"url\":\"https:\\\/\\\/latradi.pe\\\/\",\"logo\":{\"@type\":\"ImageObject\",\"inLanguage\":\"en-US\",\"@id\":\"https:\\\/\\\/latradi.pe\\\/#\\\/schema\\\/logo\\\/image\\\/\",\"url\":\"https:\\\/\\\/latradi.pe\\\/wp-content\\\/uploads\\\/2025\\\/07\\\/logo-tradi.png\",\"contentUrl\":\"https:\\\/\\\/latradi.pe\\\/wp-content\\\/uploads\\\/2025\\\/07\\\/logo-tradi.png\",\"width\":301,\"height\":131,\"caption\":\"Tradici\u00f3n Arequipe\u00f1a\"},\"image\":{\"@id\":\"https:\\\/\\\/latradi.pe\\\/#\\\/schema\\\/logo\\\/image\\\/\"},\"sameAs\":[\"https:\\\/\\\/www.facebook.com\\\/latradi\\\/?locale=es_LA\",\"https:\\\/\\\/www.instagram.com\\\/tradicionarequipena\\\/?hl=es\",\"https:\\\/\\\/www.tiktok.com\\\/@tradicionarequipena\",\"https:\\\/\\\/www.youtube.com\\\/channel\\\/UCRac_-jicMVpKKSbvDgqSdw\"]}]}<\/script>\n<!-- \/ Yoast SEO plugin. -->","yoast_head_json":{"title":"Reto del rocoto - Tradici\u00f3n Arequipe\u00f1a","description":"Participa en el Reto del Rocoto de la Tradici\u00f3n Arequipe\u00f1a, el desaf\u00edo gastron\u00f3mico m\u00e1s picante de Arequipa. Juega y divi\u00e9rtete mientras celebras nuestra tradici\u00f3n.","robots":{"index":"index","follow":"follow","max-snippet":"max-snippet:-1","max-image-preview":"max-image-preview:large","max-video-preview":"max-video-preview:-1"},"canonical":"https:\/\/latradi.pe\/en\/reto-del-rocoto\/","og_locale":"en_US","og_type":"article","og_title":"Reto del rocoto - Tradici\u00f3n Arequipe\u00f1a","og_description":"Participa en el Reto del Rocoto de la Tradici\u00f3n Arequipe\u00f1a, el desaf\u00edo gastron\u00f3mico m\u00e1s picante de Arequipa. Juega y divi\u00e9rtete mientras celebras nuestra tradici\u00f3n.","og_url":"https:\/\/latradi.pe\/en\/reto-del-rocoto\/","og_site_name":"Tradici\u00f3n Arequipe\u00f1a","article_publisher":"https:\/\/www.facebook.com\/latradi\/?locale=es_LA","article_modified_time":"2025-08-20T15:54:01+00:00","twitter_card":"summary_large_image","twitter_misc":{"Est. reading time":"1 minute"},"schema":{"@context":"https:\/\/schema.org","@graph":[{"@type":"WebPage","@id":"https:\/\/latradi.pe\/reto-del-rocoto\/","url":"https:\/\/latradi.pe\/reto-del-rocoto\/","name":"Reto del rocoto - Tradici\u00f3n Arequipe\u00f1a","isPartOf":{"@id":"https:\/\/latradi.pe\/#website"},"datePublished":"2025-08-14T14:13:44+00:00","dateModified":"2025-08-20T15:54:01+00:00","description":"Participa en el Reto del Rocoto de la Tradici\u00f3n Arequipe\u00f1a, el desaf\u00edo gastron\u00f3mico m\u00e1s picante de Arequipa. Juega y divi\u00e9rtete mientras celebras nuestra tradici\u00f3n.","breadcrumb":{"@id":"https:\/\/latradi.pe\/reto-del-rocoto\/#breadcrumb"},"inLanguage":"en-US","potentialAction":[{"@type":"ReadAction","target":["https:\/\/latradi.pe\/reto-del-rocoto\/"]}]},{"@type":"BreadcrumbList","@id":"https:\/\/latradi.pe\/reto-del-rocoto\/#breadcrumb","itemListElement":[{"@type":"ListItem","position":1,"name":"Portada","item":"https:\/\/latradi.pe\/"},{"@type":"ListItem","position":2,"name":"Reto del rocoto"}]},{"@type":"WebSite","@id":"https:\/\/latradi.pe\/#website","url":"https:\/\/latradi.pe\/","name":"Tradici\u00f3n Arequipe\u00f1a","description":"Somos parte de la m\u00e1s pura tradici\u00f3n arequipe\u00f1a, en #LaTradi conservamos los sabores de anta\u00f1o. \u00a1Ven a disfrutar de nuestros deliciosos platos arequipe\u00f1os ...","publisher":{"@id":"https:\/\/latradi.pe\/#organization"},"potentialAction":[{"@type":"SearchAction","target":{"@type":"EntryPoint","urlTemplate":"https:\/\/latradi.pe\/?s={search_term_string}"},"query-input":{"@type":"PropertyValueSpecification","valueRequired":true,"valueName":"search_term_string"}}],"inLanguage":"en-US"},{"@type":"Organization","@id":"https:\/\/latradi.pe\/#organization","name":"Tradici\u00f3n Arequipe\u00f1a","url":"https:\/\/latradi.pe\/","logo":{"@type":"ImageObject","inLanguage":"en-US","@id":"https:\/\/latradi.pe\/#\/schema\/logo\/image\/","url":"https:\/\/latradi.pe\/wp-content\/uploads\/2025\/07\/logo-tradi.png","contentUrl":"https:\/\/latradi.pe\/wp-content\/uploads\/2025\/07\/logo-tradi.png","width":301,"height":131,"caption":"Tradici\u00f3n Arequipe\u00f1a"},"image":{"@id":"https:\/\/latradi.pe\/#\/schema\/logo\/image\/"},"sameAs":["https:\/\/www.facebook.com\/latradi\/?locale=es_LA","https:\/\/www.instagram.com\/tradicionarequipena\/?hl=es","https:\/\/www.tiktok.com\/@tradicionarequipena","https:\/\/www.youtube.com\/channel\/UCRac_-jicMVpKKSbvDgqSdw"]}]}},"_links":{"self":[{"href":"https:\/\/latradi.pe\/en\/wp-json\/wp\/v2\/pages\/1704","targetHints":{"allow":["GET"]}}],"collection":[{"href":"https:\/\/latradi.pe\/en\/wp-json\/wp\/v2\/pages"}],"about":[{"href":"https:\/\/latradi.pe\/en\/wp-json\/wp\/v2\/types\/page"}],"author":[{"embeddable":true,"href":"https:\/\/latradi.pe\/en\/wp-json\/wp\/v2\/users\/1"}],"replies":[{"embeddable":true,"href":"https:\/\/latradi.pe\/en\/wp-json\/wp\/v2\/comments?post=1704"}],"version-history":[{"count":23,"href":"https:\/\/latradi.pe\/en\/wp-json\/wp\/v2\/pages\/1704\/revisions"}],"predecessor-version":[{"id":1780,"href":"https:\/\/latradi.pe\/en\/wp-json\/wp\/v2\/pages\/1704\/revisions\/1780"}],"wp:attachment":[{"href":"https:\/\/latradi.pe\/en\/wp-json\/wp\/v2\/media?parent=1704"}],"curies":[{"name":"wp","href":"https:\/\/api.w.org\/{rel}","templated":true}]}}