{"id":1873,"date":"2025-11-27T15:56:55","date_gmt":"2025-11-27T15:56:55","guid":{"rendered":"https:\/\/latradi.pe\/?page_id=1873"},"modified":"2025-11-27T16:35:29","modified_gmt":"2025-11-27T16:35:29","slug":"loncco","status":"publish","type":"page","link":"https:\/\/latradi.pe\/en\/loncco\/","title":{"rendered":"Loncco"},"content":{"rendered":"<div class=\"wpb-content-wrapper\"><div id=\"loncco-hero-container\" class=\"vc_row wpb_row row top-row vc_custom_1764259280360 wpb_custom_034b39d9bc6c6b310d69e39f0ccf274f\"><div class=\"hero-column vc_column_container col-md-12\"><div class=\"wpb_wrapper vc_column-inner\">\r\n\t<div class=\"wpb_single_image wpb_content_element vc_align_left wpb_content_element  wpb_custom_81a4f7ef9830bf958462581aa01150fb\"><div class=\"wpb_wrapper\">\r\n\t\t\t\r\n\t\t\t<div class=\"vc_single_image-wrapper   vc_box_border_grey\"><img loading=\"lazy\" decoding=\"async\" width=\"1920\" height=\"1000\" src=\"https:\/\/latradi.pe\/wp-content\/uploads\/2025\/11\/hero-loncco.jpg\" class=\"vc_single_image-img attachment-full\" alt=\"Loncco Guardi\u00e1n del Sabor Arequipe\u00f1o\" title=\"hero-loncco\" srcset=\"https:\/\/latradi.pe\/wp-content\/uploads\/2025\/11\/hero-loncco.jpg 1920w, https:\/\/latradi.pe\/wp-content\/uploads\/2025\/11\/hero-loncco-1024x533.jpg 1024w, https:\/\/latradi.pe\/wp-content\/uploads\/2025\/11\/hero-loncco-768x400.jpg 768w, https:\/\/latradi.pe\/wp-content\/uploads\/2025\/11\/hero-loncco-1536x800.jpg 1536w, https:\/\/latradi.pe\/wp-content\/uploads\/2025\/11\/hero-loncco-640x333.jpg 640w, https:\/\/latradi.pe\/wp-content\/uploads\/2025\/11\/hero-loncco-400x208.jpg 400w, https:\/\/latradi.pe\/wp-content\/uploads\/2025\/11\/hero-loncco-393x205.jpg 393w\" sizes=\"auto, (max-width: 1920px) 100vw, 1920px\" \/><\/div>\r\n\t\t<\/div>\r\n\t<\/div>\r\n\n\t<div class=\"wpb_raw_code wpb_raw_html wpb_content_element vc_custom_1764260462487\" >\n\t\t<div class=\"wpb_wrapper\">\n\t\t\t<div class=\"nosotros-hero-contenido\">\n    <div class=\"linea-img\">\n        <div class=\"punto\"><\/div>\n        <div class=\"linea\"><\/div>\n        <div class=\"punto\"><\/div>\n    <\/div>\n        \n    <h1 class=\"nosotros-hero-title\">Loncco - Guardian of Arequipa's Flavor<\/h1>    \n    \n    <div class=\"linea-img\">\n        <div class=\"punto\"><\/div>\n        <div class=\"linea\"><\/div>\n        <div class=\"punto\"><\/div>\n    <\/div>\n<\/div>\n\t\t<\/div>\n\t<\/div>\n<\/div><\/div><\/div><div id=\"loncco-medio-siglo-container\" class=\"vc_row wpb_row row top-row vc_custom_1764259315276 vc_row-has-fill wpb_custom_034b39d9bc6c6b310d69e39f0ccf274f\"><div class=\"vc_column_container col-md-12\"><div class=\"wpb_wrapper vc_column-inner\">\r\n\t<div class=\"wpb_text_column wpb_content_element vc_custom_1764260511689 titulo-contenido wpb_custom_5392c419c8728f2eea2c9a5bddd865fd\" >\r\n\t\t<div class=\"wpb_wrapper\">\r\n\t\t\t<h2 style=\"text-align: center;\">Over half a century of tradition<\/h2>\n\r\n\t\t<\/div>\r\n\t<\/div>\r\n\r\n\t<div class=\"wpb_text_column wpb_content_element vc_custom_1764261327471 nosotros-medio-siglo-parrafo wpb_custom_db1417af99f3ff68752d7da287260c63\" >\r\n\t\t<div class=\"wpb_wrapper\">\r\n\t\t\t<p style=\"text-align: center;\" data-path-to-node=\"5\">When the Misti volcano awakens covered in light, <b>Loncco<\/b>also awakens: a cheerful, stubborn, and proud Arequipan man, with a noble heart and a spicy soul.<\/p>\n<p style=\"text-align: center;\" data-path-to-node=\"6\">He walks through the streets of Arequipa, following the aromas that tell stories: the roasted rocoto chili, the stew cooked for hours, the shrimp chupe that steams like a volcano, and the chicha de jora that cheers up even the silence.<\/p>\n<p style=\"text-align: center;\" data-path-to-node=\"7\">Every afternoon, Loncco arrives at his usual picanter\u00eda (traditional restaurant), where the tables hold memories and the clay pots smell of history. He knows that the pots, the sun, and the picanter\u00eda are the soul of Arequipa. He understands that tradition is not taught... it is lived.<\/p>\n<p style=\"text-align: center;\" data-path-to-node=\"8\">Cuentan que una vez, mientras brindaba con su chicha, una picantera antigua le dijo con voz serena: \u2014 \u00abLoncco, en cada plato de esta tierra late el alma arequipe\u00f1a. Cu\u00eddala bien, porque es lo m\u00e1s valioso que tenemos.\u00bb<\/p>\n<p style=\"text-align: center;\" data-path-to-node=\"9\">Since then, Loncco not only enjoys his food... he defends tradition. Because he knows that in every living dish there is a story, and in every sip of chicha there is a commitment. Loncco is the Arequipan man who fervently guards the flavor that has come out of the picanter\u00edas to accompany you. Take it with you and remember: in his hands beats the magic of Arequipa, the one that is savored, felt... and never forgotten.<\/p>\n\r\n\t\t<\/div>\r\n\t<\/div>\r\n<\/div><\/div><\/div><div id=\"loncco-nuestra-carta\" class=\"vc_row wpb_row row top-row vc_custom_1764259824495 vc_row-has-fill wpb_custom_034b39d9bc6c6b310d69e39f0ccf274f\"><div class=\"vc_column_container col-md-12\"><div class=\"wpb_wrapper vc_column-inner\">\r\n\t<div class=\"wpb_text_column wpb_content_element vc_custom_1764259811284 nuestra-carta--titulo wpb_custom_dfc05119d9a1c8717c52891fd45bcd38\" >\r\n\t\t<div class=\"wpb_wrapper\">\r\n\t\t\t<h3>Wherever you are, we are ready to share the best of our tradition with you<\/h3>\n\r\n\t\t<\/div>\r\n\t<\/div>\r\n<div class=\"porto-btn-ctn-center nuestra-carta--btn\"><a class=\"porto-btn  vc_custom_1764259860755 porto-adjust-bottom-margin porto-btn-normal porto-btn-no-hover-bg   wpb_custom_8a303fab47f853d418f8efc06ced5666  porto-btn-center\"  rel='' href = \"https:\/\/drive.google.com\/file\/d\/19HaVS7ocAn9arWuFZ3HvahGKsYU-ptsU\/view?usp=sharing\" target='_blank' data-hover=\"\" data-border-color=\"\" data-bg=\"#ed7515\" data-hover-bg=\"\" data-border-hover=\"\" data-shadow-click=\"none\" data-shadow=\"\" style=\"border:none;background: #ed7515;color: #f9b725;\"><span class=\"porto-btn-hover\"><\/span><span class=\"porto-btn-data porto-btn-text\" >Explore our menu<\/span><\/a><\/div><\/div><\/div><\/div>\n<\/div>","protected":false},"excerpt":{"rendered":"Loncco - Guardi\u00e1n del Sabor Arequipe\u00f1o M\u00e1s de medio siglo de tradici\u00f3n Cuando el Misti despierta cubierto de luz, tambi\u00e9n despierta Loncco: un characato alegre, terco y orgulloso, de coraz\u00f3n noble y alma picante. Camina por las calles de Arequipa siguiendo los aromas que cuentan historias: el rocoto relleno reci\u00e9n salido del horno, el chupe [...]","protected":false},"author":1,"featured_media":0,"parent":0,"menu_order":0,"comment_status":"closed","ping_status":"closed","template":"","meta":{"_acf_changed":false,"_joinchat":[],"footnotes":""},"class_list":["post-1873","page","type-page","status-publish","hentry"],"acf":[],"yoast_head":"<!-- This site is optimized with the Yoast SEO plugin v27.5 - https:\/\/yoast.com\/product\/yoast-seo-wordpress\/ -->\n<title>Loncco - Tradici\u00f3n Arequipe\u00f1a<\/title>\n<meta name=\"description\" content=\"Descubre el verdadero significado del Loncco arequipe\u00f1o: el guardi\u00e1n de la tradici\u00f3n y el sabor m\u00e1s picante de Arequipa. Conoce su historia y c\u00f3mo vive en La Tradici\u00f3n.\" \/>\n<meta name=\"robots\" content=\"index, follow, max-snippet:-1, max-image-preview:large, max-video-preview:-1\" \/>\n<link rel=\"canonical\" href=\"https:\/\/latradi.pe\/en\/loncco\/\" \/>\n<meta property=\"og:locale\" content=\"en_US\" \/>\n<meta property=\"og:type\" content=\"article\" \/>\n<meta property=\"og:title\" content=\"Loncco - Tradici\u00f3n Arequipe\u00f1a\" \/>\n<meta property=\"og:description\" content=\"Descubre el verdadero significado del Loncco arequipe\u00f1o: el guardi\u00e1n de la tradici\u00f3n y el sabor m\u00e1s picante de Arequipa. Conoce su historia y c\u00f3mo vive en La Tradici\u00f3n.\" \/>\n<meta property=\"og:url\" content=\"https:\/\/latradi.pe\/en\/loncco\/\" \/>\n<meta property=\"og:site_name\" content=\"Tradici\u00f3n Arequipe\u00f1a\" \/>\n<meta property=\"article:publisher\" content=\"https:\/\/www.facebook.com\/latradi\/?locale=es_LA\" \/>\n<meta property=\"article:modified_time\" content=\"2025-11-27T16:35:29+00:00\" \/>\n<meta name=\"twitter:card\" content=\"summary_large_image\" \/>\n<meta name=\"twitter:label1\" content=\"Est. reading time\" \/>\n\t<meta name=\"twitter:data1\" content=\"2 minutes\" \/>\n<script type=\"application\/ld+json\" class=\"yoast-schema-graph\">{\"@context\":\"https:\\\/\\\/schema.org\",\"@graph\":[{\"@type\":\"WebPage\",\"@id\":\"https:\\\/\\\/latradi.pe\\\/loncco\\\/\",\"url\":\"https:\\\/\\\/latradi.pe\\\/loncco\\\/\",\"name\":\"Loncco - Tradici\u00f3n Arequipe\u00f1a\",\"isPartOf\":{\"@id\":\"https:\\\/\\\/latradi.pe\\\/#website\"},\"datePublished\":\"2025-11-27T15:56:55+00:00\",\"dateModified\":\"2025-11-27T16:35:29+00:00\",\"description\":\"Descubre el verdadero significado del Loncco arequipe\u00f1o: el guardi\u00e1n de la tradici\u00f3n y el sabor m\u00e1s picante de Arequipa. Conoce su historia y c\u00f3mo vive en La Tradici\u00f3n.\",\"breadcrumb\":{\"@id\":\"https:\\\/\\\/latradi.pe\\\/loncco\\\/#breadcrumb\"},\"inLanguage\":\"en-US\",\"potentialAction\":[{\"@type\":\"ReadAction\",\"target\":[\"https:\\\/\\\/latradi.pe\\\/loncco\\\/\"]}]},{\"@type\":\"BreadcrumbList\",\"@id\":\"https:\\\/\\\/latradi.pe\\\/loncco\\\/#breadcrumb\",\"itemListElement\":[{\"@type\":\"ListItem\",\"position\":1,\"name\":\"Portada\",\"item\":\"https:\\\/\\\/latradi.pe\\\/\"},{\"@type\":\"ListItem\",\"position\":2,\"name\":\"Loncco\"}]},{\"@type\":\"WebSite\",\"@id\":\"https:\\\/\\\/latradi.pe\\\/#website\",\"url\":\"https:\\\/\\\/latradi.pe\\\/\",\"name\":\"Tradici\u00f3n Arequipe\u00f1a\",\"description\":\"Somos parte de la m\u00e1s pura tradici\u00f3n arequipe\u00f1a, en #LaTradi conservamos los sabores de anta\u00f1o. \u00a1Ven a disfrutar de nuestros deliciosos platos arequipe\u00f1os ...\",\"publisher\":{\"@id\":\"https:\\\/\\\/latradi.pe\\\/#organization\"},\"potentialAction\":[{\"@type\":\"SearchAction\",\"target\":{\"@type\":\"EntryPoint\",\"urlTemplate\":\"https:\\\/\\\/latradi.pe\\\/?s={search_term_string}\"},\"query-input\":{\"@type\":\"PropertyValueSpecification\",\"valueRequired\":true,\"valueName\":\"search_term_string\"}}],\"inLanguage\":\"en-US\"},{\"@type\":\"Organization\",\"@id\":\"https:\\\/\\\/latradi.pe\\\/#organization\",\"name\":\"Tradici\u00f3n Arequipe\u00f1a\",\"url\":\"https:\\\/\\\/latradi.pe\\\/\",\"logo\":{\"@type\":\"ImageObject\",\"inLanguage\":\"en-US\",\"@id\":\"https:\\\/\\\/latradi.pe\\\/#\\\/schema\\\/logo\\\/image\\\/\",\"url\":\"https:\\\/\\\/latradi.pe\\\/wp-content\\\/uploads\\\/2025\\\/07\\\/logo-tradi.png\",\"contentUrl\":\"https:\\\/\\\/latradi.pe\\\/wp-content\\\/uploads\\\/2025\\\/07\\\/logo-tradi.png\",\"width\":301,\"height\":131,\"caption\":\"Tradici\u00f3n Arequipe\u00f1a\"},\"image\":{\"@id\":\"https:\\\/\\\/latradi.pe\\\/#\\\/schema\\\/logo\\\/image\\\/\"},\"sameAs\":[\"https:\\\/\\\/www.facebook.com\\\/latradi\\\/?locale=es_LA\",\"https:\\\/\\\/www.instagram.com\\\/tradicionarequipena\\\/?hl=es\",\"https:\\\/\\\/www.tiktok.com\\\/@tradicionarequipena\",\"https:\\\/\\\/www.youtube.com\\\/channel\\\/UCRac_-jicMVpKKSbvDgqSdw\"]}]}<\/script>\n<!-- \/ Yoast SEO plugin. -->","yoast_head_json":{"title":"Loncco - Tradici\u00f3n Arequipe\u00f1a","description":"Descubre el verdadero significado del Loncco arequipe\u00f1o: el guardi\u00e1n de la tradici\u00f3n y el sabor m\u00e1s picante de Arequipa. Conoce su historia y c\u00f3mo vive en La Tradici\u00f3n.","robots":{"index":"index","follow":"follow","max-snippet":"max-snippet:-1","max-image-preview":"max-image-preview:large","max-video-preview":"max-video-preview:-1"},"canonical":"https:\/\/latradi.pe\/en\/loncco\/","og_locale":"en_US","og_type":"article","og_title":"Loncco - Tradici\u00f3n Arequipe\u00f1a","og_description":"Descubre el verdadero significado del Loncco arequipe\u00f1o: el guardi\u00e1n de la tradici\u00f3n y el sabor m\u00e1s picante de Arequipa. Conoce su historia y c\u00f3mo vive en La Tradici\u00f3n.","og_url":"https:\/\/latradi.pe\/en\/loncco\/","og_site_name":"Tradici\u00f3n Arequipe\u00f1a","article_publisher":"https:\/\/www.facebook.com\/latradi\/?locale=es_LA","article_modified_time":"2025-11-27T16:35:29+00:00","twitter_card":"summary_large_image","twitter_misc":{"Est. reading time":"2 minutes"},"schema":{"@context":"https:\/\/schema.org","@graph":[{"@type":"WebPage","@id":"https:\/\/latradi.pe\/loncco\/","url":"https:\/\/latradi.pe\/loncco\/","name":"Loncco - Tradici\u00f3n Arequipe\u00f1a","isPartOf":{"@id":"https:\/\/latradi.pe\/#website"},"datePublished":"2025-11-27T15:56:55+00:00","dateModified":"2025-11-27T16:35:29+00:00","description":"Descubre el verdadero significado del Loncco arequipe\u00f1o: el guardi\u00e1n de la tradici\u00f3n y el sabor m\u00e1s picante de Arequipa. Conoce su historia y c\u00f3mo vive en La Tradici\u00f3n.","breadcrumb":{"@id":"https:\/\/latradi.pe\/loncco\/#breadcrumb"},"inLanguage":"en-US","potentialAction":[{"@type":"ReadAction","target":["https:\/\/latradi.pe\/loncco\/"]}]},{"@type":"BreadcrumbList","@id":"https:\/\/latradi.pe\/loncco\/#breadcrumb","itemListElement":[{"@type":"ListItem","position":1,"name":"Portada","item":"https:\/\/latradi.pe\/"},{"@type":"ListItem","position":2,"name":"Loncco"}]},{"@type":"WebSite","@id":"https:\/\/latradi.pe\/#website","url":"https:\/\/latradi.pe\/","name":"Tradici\u00f3n Arequipe\u00f1a","description":"Somos parte de la m\u00e1s pura tradici\u00f3n arequipe\u00f1a, en #LaTradi conservamos los sabores de anta\u00f1o. \u00a1Ven a disfrutar de nuestros deliciosos platos arequipe\u00f1os ...","publisher":{"@id":"https:\/\/latradi.pe\/#organization"},"potentialAction":[{"@type":"SearchAction","target":{"@type":"EntryPoint","urlTemplate":"https:\/\/latradi.pe\/?s={search_term_string}"},"query-input":{"@type":"PropertyValueSpecification","valueRequired":true,"valueName":"search_term_string"}}],"inLanguage":"en-US"},{"@type":"Organization","@id":"https:\/\/latradi.pe\/#organization","name":"Tradici\u00f3n Arequipe\u00f1a","url":"https:\/\/latradi.pe\/","logo":{"@type":"ImageObject","inLanguage":"en-US","@id":"https:\/\/latradi.pe\/#\/schema\/logo\/image\/","url":"https:\/\/latradi.pe\/wp-content\/uploads\/2025\/07\/logo-tradi.png","contentUrl":"https:\/\/latradi.pe\/wp-content\/uploads\/2025\/07\/logo-tradi.png","width":301,"height":131,"caption":"Tradici\u00f3n Arequipe\u00f1a"},"image":{"@id":"https:\/\/latradi.pe\/#\/schema\/logo\/image\/"},"sameAs":["https:\/\/www.facebook.com\/latradi\/?locale=es_LA","https:\/\/www.instagram.com\/tradicionarequipena\/?hl=es","https:\/\/www.tiktok.com\/@tradicionarequipena","https:\/\/www.youtube.com\/channel\/UCRac_-jicMVpKKSbvDgqSdw"]}]}},"_links":{"self":[{"href":"https:\/\/latradi.pe\/en\/wp-json\/wp\/v2\/pages\/1873","targetHints":{"allow":["GET"]}}],"collection":[{"href":"https:\/\/latradi.pe\/en\/wp-json\/wp\/v2\/pages"}],"about":[{"href":"https:\/\/latradi.pe\/en\/wp-json\/wp\/v2\/types\/page"}],"author":[{"embeddable":true,"href":"https:\/\/latradi.pe\/en\/wp-json\/wp\/v2\/users\/1"}],"replies":[{"embeddable":true,"href":"https:\/\/latradi.pe\/en\/wp-json\/wp\/v2\/comments?post=1873"}],"version-history":[{"count":10,"href":"https:\/\/latradi.pe\/en\/wp-json\/wp\/v2\/pages\/1873\/revisions"}],"predecessor-version":[{"id":1884,"href":"https:\/\/latradi.pe\/en\/wp-json\/wp\/v2\/pages\/1873\/revisions\/1884"}],"wp:attachment":[{"href":"https:\/\/latradi.pe\/en\/wp-json\/wp\/v2\/media?parent=1873"}],"curies":[{"name":"wp","href":"https:\/\/api.w.org\/{rel}","templated":true}]}}