{"id":982,"date":"2025-07-25T16:28:48","date_gmt":"2025-07-25T16:28:48","guid":{"rendered":"https:\/\/carlosa270.sg-host.com\/?page_id=982"},"modified":"2025-08-27T16:41:47","modified_gmt":"2025-08-27T16:41:47","slug":"contacto","status":"publish","type":"page","link":"https:\/\/latradi.pe\/en\/contacto\/","title":{"rendered":"Contact"},"content":{"rendered":"<div class=\"wpb-content-wrapper\"><div id=\"contacto-hero-container\" class=\"vc_row wpb_row row top-row vc_custom_1754406971796 wpb_custom_034b39d9bc6c6b310d69e39f0ccf274f\"><div class=\"hero-column vc_column_container col-md-12\"><div class=\"wpb_wrapper vc_column-inner\">\r\n\t<div class=\"wpb_single_image wpb_content_element vc_align_left wpb_content_element  vc_custom_1755151625449 wpb_custom_81a4f7ef9830bf958462581aa01150fb\"><div class=\"wpb_wrapper\">\r\n\t\t\t\r\n\t\t\t<div class=\"vc_single_image-wrapper   vc_box_border_grey\"><img loading=\"lazy\" decoding=\"async\" width=\"1920\" height=\"1000\" src=\"https:\/\/latradi.pe\/wp-content\/uploads\/2025\/08\/hero-contacto.jpg\" class=\"vc_single_image-img attachment-full\" alt=\"mesero de Tradici\u00f3n Arequipe\u00f1a\" title=\"hero-contacto\" srcset=\"https:\/\/latradi.pe\/wp-content\/uploads\/2025\/08\/hero-contacto.jpg 1920w, https:\/\/latradi.pe\/wp-content\/uploads\/2025\/08\/hero-contacto-1024x533.jpg 1024w, https:\/\/latradi.pe\/wp-content\/uploads\/2025\/08\/hero-contacto-768x400.jpg 768w, https:\/\/latradi.pe\/wp-content\/uploads\/2025\/08\/hero-contacto-1536x800.jpg 1536w, https:\/\/latradi.pe\/wp-content\/uploads\/2025\/08\/hero-contacto-640x333.jpg 640w, https:\/\/latradi.pe\/wp-content\/uploads\/2025\/08\/hero-contacto-400x208.jpg 400w, https:\/\/latradi.pe\/wp-content\/uploads\/2025\/08\/hero-contacto-393x205.jpg 393w\" sizes=\"auto, (max-width: 1920px) 100vw, 1920px\" \/><\/div>\r\n\t\t<\/div>\r\n\t<\/div>\r\n\n\t<div class=\"wpb_raw_code wpb_raw_html wpb_content_element vc_custom_1754407392273\" >\n\t\t<div class=\"wpb_wrapper\">\n\t\t\t<div class=\"contacto-hero-contenido\">\n    <div class=\"linea-img\">\n        <div class=\"punto\"><\/div>\n        <div class=\"linea\"><\/div>\n        <div class=\"punto\"><\/div>\n    <\/div>\n        \n    <h1 class=\"contacto-hero-title\">Your next visit starts here<\/h1>    \n    \n    <div class=\"linea-img\">\n        <div class=\"punto\"><\/div>\n        <div class=\"linea\"><\/div>\n        <div class=\"punto\"><\/div>\n    <\/div>\n<\/div>\n\t\t<\/div>\n\t<\/div>\n<\/div><\/div><\/div><div id=\"contacto-ubicacion-container\" class=\"vc_row wpb_row row top-row vc_custom_1753466371597 vc_row-has-fill vc_row-o-content-middle vc_row-flex wpb_custom_034b39d9bc6c6b310d69e39f0ccf274f\"><div class=\"contacto-mapa-container vc_column_container col-md-6\"><div class=\"wpb_wrapper vc_column-inner\"><div class=\"wpb_gmaps_widget wpb_content_element vc_map_responsive vc_custom_1754675012168 mapa\"><div class=\"wpb_wrapper\"><div class=\"wpb_map_wraper\"><iframe loading=\"lazy\" src=\"https:\/\/maps.google.com\/maps?q=Tradici%C3%B3n%20Arequipe%C3%B1a%2C%20Av.%20Dolores%20111%2C%20Arequipa%2004009&#038;t=m&#038;z=15&#038;output=embed&#038;iwloc=near\" title=\"Tradici\u00f3n Arequipe\u00f1a, Av. Dolores 111, Arequipa 04009\" aria-label=\"Tradici\u00f3n Arequipe\u00f1a, Av. Dolores 111, Arequipa 04009\" ><\/iframe><\/div><\/div><\/div><\/div><\/div><div class=\"contacto-info-container vc_column_container col-md-6\"><div class=\"wpb_wrapper vc_column-inner\">\r\n\t<div class=\"wpb_single_image wpb_content_element vc_align_left wpb_content_element  vc_custom_1753468740607  icon-ubi wpb_custom_a79fdc254c23fee580fa0b845c4d10a2\"><div class=\"wpb_wrapper\">\r\n\t\t\t\r\n\t\t\t<div class=\"vc_single_image-wrapper   vc_box_border_grey\"><img loading=\"lazy\" decoding=\"async\" width=\"81\" height=\"81\" src=\"https:\/\/latradi.pe\/wp-content\/uploads\/2025\/07\/ubi-icono.png\" class=\"vc_single_image-img attachment-full\" alt=\"Logo de ubicaci\u00f3n\" title=\"ubi-icono\" \/><\/div>\r\n\t\t<\/div>\r\n\t<\/div>\r\n\r\n\t<div class=\"wpb_text_column wpb_content_element vc_custom_1754496042405 wpb_custom_05954ef3ea2371af9dec060442ccc384\" >\r\n\t\t<div class=\"wpb_wrapper\">\r\n\t\t\t<h2>Contact Information<\/h2>\n\r\n\t\t<\/div>\r\n\t<\/div>\r\n\r\n\t<div class=\"wpb_text_column wpb_content_element vc_custom_1754496641338 contanto-descripcion wpb_custom_e40900143e027e35a280dbf07b324197\" >\r\n\t\t<div class=\"wpb_wrapper\">\r\n\t\t\t<p>Come and discover the heart of Arequipa\u2019s cuisine.<\/p>\n\r\n\t\t<\/div>\r\n\t<\/div>\r\n<div class=\"vc_row wpb_row vc_inner row info-ubi vc_custom_1753464939361\"><div class=\"vc_column_container col-md-2 vc_custom_1753464654626\"><div class=\"wpb_wrapper vc_column-inner\">\r\n\t<div class=\"wpb_single_image wpb_content_element vc_align_right wpb_content_element  vc_custom_1754495633529 wpb_custom_9ce5a5bb2364e4aecac5b274b63688d9\"><div class=\"wpb_wrapper\">\r\n\t\t\t\r\n\t\t\t<div class=\"vc_single_image-wrapper   vc_box_border_grey\"><img loading=\"lazy\" decoding=\"async\" width=\"31\" height=\"41\" src=\"https:\/\/latradi.pe\/wp-content\/uploads\/2025\/07\/ubi-icono-mini.png\" class=\"vc_single_image-img attachment-full\" alt=\"\u00edcono de ubicaci\u00f3n\" title=\"ubi-icono-mini\" \/><\/div>\r\n\t\t<\/div>\r\n\t<\/div>\r\n<\/div><\/div><div class=\"vc_column_container col-md-10\"><div class=\"wpb_wrapper vc_column-inner\">\r\n\t<div class=\"wpb_text_column wpb_content_element vc_custom_1754495532605 contanto-info-p wpb_custom_a8c508c99af22985f9085a7d6f2c2156\" >\r\n\t\t<div class=\"wpb_wrapper\">\r\n\t\t\t<p>Av. Dolores 111, J.L. Bustamante y Rivero &#8211; Arequipa 054 &#8211; 426 467 | 054 399 791 | 980 810 988<\/p>\n\r\n\t\t<\/div>\r\n\t<\/div>\r\n<\/div><\/div><\/div><div class=\"vc_row wpb_row vc_inner row info-horario vc_custom_1753466208286\"><div class=\"vc_column_container col-md-2\"><div class=\"wpb_wrapper vc_column-inner\">\r\n\t<div class=\"wpb_single_image wpb_content_element vc_align_left wpb_content_element  vc_custom_1753464609268 wpb_custom_f5aaadb873b2c9139aa29bc1a4f62bd8\"><div class=\"wpb_wrapper\">\r\n\t\t\t\r\n\t\t\t<div class=\"vc_single_image-wrapper   vc_box_border_grey\"><img loading=\"lazy\" decoding=\"async\" width=\"35\" height=\"35\" src=\"https:\/\/latradi.pe\/wp-content\/uploads\/2025\/07\/reloj-icono-mini.png\" class=\"vc_single_image-img attachment-full\" alt=\"\u00edcono de horario\" title=\"reloj-icono-mini\" \/><\/div>\r\n\t\t<\/div>\r\n\t<\/div>\r\n<\/div><\/div><div class=\"vc_column_container col-md-10\"><div class=\"wpb_wrapper vc_column-inner\">\r\n\t<div class=\"wpb_text_column wpb_content_element vc_custom_1754495550669 contanto-info-p wpb_custom_a8c508c99af22985f9085a7d6f2c2156\" >\r\n\t\t<div class=\"wpb_wrapper\">\r\n\t\t\t<p>Monday to Saturday: 10:00 AM \u2013 6:00 PM (Closed on Wednesdays)\u2028Sundays: 9:00 AM \u2013 6:00 PM\u2028Hours subject to change on holidays.<\/p>\n\r\n\t\t<\/div>\r\n\t<\/div>\r\n<\/div><\/div><\/div><div class=\"porto-btn-ctn-left info-button\"><a class=\"porto-btn  vc_custom_1754495203519 porto-adjust-bottom-margin porto-btn-normal porto-btn-no-hover-bg   wpb_custom_8a303fab47f853d418f8efc06ced5666  porto-btn-left\"  rel='' href = \"https:\/\/maps.app.goo.gl\/UkXXcmYmcU6cNrLi8\" target='_blank' data-hover=\"\" data-border-color=\"\" data-bg=\"#ed7515\" data-hover-bg=\"\" data-border-hover=\"\" data-shadow-click=\"none\" data-shadow=\"\" style=\"border:none;background: #ed7515;color: #b21d19;\"><span class=\"porto-btn-hover\"><\/span><span class=\"porto-btn-data porto-btn-text\" >View map<\/span><\/a><\/div><\/div><\/div><\/div><div id=\"contacto-opinion-container\" class=\"vc_row wpb_row row top-row vc_custom_1753574828182 text-center vc_row-has-fill vc_row-o-content-middle vc_row-flex wpb_custom_034b39d9bc6c6b310d69e39f0ccf274f\"><div class=\"vc_column_container col-md-12 text-center\"><div class=\"wpb_wrapper vc_column-inner\">\r\n\t<div class=\"wpb_text_column wpb_content_element vc_custom_1756312812698 wpb_custom_20863676b92a8a2d5cfe0971bd23d976\" >\r\n\t\t<div class=\"wpb_wrapper\">\r\n\t\t\t<h3 style=\"text-align: center;\">Your opinion matters<\/h3>\n\r\n\t\t<\/div>\r\n\t<\/div>\r\n<div class=\"porto-btn-ctn-center opinion-btn\"><a class=\"porto-btn  vc_custom_1754497709902 porto-adjust-bottom-margin porto-btn-normal porto-btn-no-hover-bg   wpb_custom_8a303fab47f853d418f8efc06ced5666  porto-btn-center\"  rel='' href = \"https:\/\/docs.google.com\/forms\/d\/e\/1FAIpQLSe0YV63QL4u5_ojNpd2GjB1EWq3EgLeMjYdmXFMuHg6ddt0lA\/viewform\" target='_blank' data-hover=\"\" data-border-color=\"\" data-bg=\"#ed7515\" data-hover-bg=\"\" data-border-hover=\"\" data-shadow-click=\"none\" data-shadow=\"\" style=\"border:none;background: #ed7515;color: #f9b725;\"><span class=\"porto-btn-hover\"><\/span><span class=\"porto-btn-data porto-btn-text\" >Leave your review<\/span><\/a><\/div><\/div><\/div><\/div>\n<\/div>","protected":false},"excerpt":{"rendered":"Tu pr\u00f3xima visita empieza aqu\u00ed Informaci\u00f3n de contacto Ven y descubre el coraz\u00f3n de la cocina arequipe\u00f1a. Av. Dolores 111, J.L. Bustamante y Rivero - Arequipa 054 - 426 467 | 054 399 791 | 980 810 988 Lunes a S\u00e1bado: 10:00 A.M. \u2013 6:00 P.M. (Cerramos los mi\u00e9rcoles)\u2028Domingos: 9:00 A.M. \u2013 6:00 P.M.\u2028Horario sujeto [...]","protected":false},"author":1,"featured_media":0,"parent":0,"menu_order":0,"comment_status":"closed","ping_status":"closed","template":"","meta":{"_acf_changed":false,"_joinchat":[],"footnotes":""},"class_list":["post-982","page","type-page","status-publish","hentry"],"acf":[],"yoast_head":"<!-- This site is optimized with the Yoast SEO plugin v27.5 - https:\/\/yoast.com\/product\/yoast-seo-wordpress\/ -->\n<title>Contacto - Tradici\u00f3n Arequipe\u00f1a<\/title>\n<meta name=\"description\" content=\"Entra en contacto con la Tradici\u00f3n Arequipe\u00f1a. Vis\u00edtanos en Av. Dolores y disfruta la aut\u00e9ntica gastronom\u00eda arequipe\u00f1a con m\u00e1s de 50 a\u00f1os de tradici\u00f3n.\" \/>\n<meta name=\"robots\" content=\"index, follow, max-snippet:-1, max-image-preview:large, max-video-preview:-1\" \/>\n<link rel=\"canonical\" href=\"https:\/\/latradi.pe\/en\/contacto\/\" \/>\n<meta property=\"og:locale\" content=\"en_US\" \/>\n<meta property=\"og:type\" content=\"article\" \/>\n<meta property=\"og:title\" content=\"Contacto - Tradici\u00f3n Arequipe\u00f1a\" \/>\n<meta property=\"og:description\" content=\"Entra en contacto con la Tradici\u00f3n Arequipe\u00f1a. Vis\u00edtanos en Av. Dolores y disfruta la aut\u00e9ntica gastronom\u00eda arequipe\u00f1a con m\u00e1s de 50 a\u00f1os de tradici\u00f3n.\" \/>\n<meta property=\"og:url\" content=\"https:\/\/latradi.pe\/en\/contacto\/\" \/>\n<meta property=\"og:site_name\" content=\"Tradici\u00f3n Arequipe\u00f1a\" \/>\n<meta property=\"article:publisher\" content=\"https:\/\/www.facebook.com\/latradi\/?locale=es_LA\" \/>\n<meta property=\"article:modified_time\" content=\"2025-08-27T16:41:47+00:00\" \/>\n<meta name=\"twitter:card\" content=\"summary_large_image\" \/>\n<meta name=\"twitter:label1\" content=\"Est. reading time\" \/>\n\t<meta name=\"twitter:data1\" content=\"2 minutes\" \/>\n<script type=\"application\/ld+json\" class=\"yoast-schema-graph\">{\"@context\":\"https:\\\/\\\/schema.org\",\"@graph\":[{\"@type\":\"WebPage\",\"@id\":\"https:\\\/\\\/latradi.pe\\\/contacto\\\/\",\"url\":\"https:\\\/\\\/latradi.pe\\\/contacto\\\/\",\"name\":\"Contacto - Tradici\u00f3n Arequipe\u00f1a\",\"isPartOf\":{\"@id\":\"https:\\\/\\\/latradi.pe\\\/#website\"},\"datePublished\":\"2025-07-25T16:28:48+00:00\",\"dateModified\":\"2025-08-27T16:41:47+00:00\",\"description\":\"Entra en contacto con la Tradici\u00f3n Arequipe\u00f1a. Vis\u00edtanos en Av. Dolores y disfruta la aut\u00e9ntica gastronom\u00eda arequipe\u00f1a con m\u00e1s de 50 a\u00f1os de tradici\u00f3n.\",\"breadcrumb\":{\"@id\":\"https:\\\/\\\/latradi.pe\\\/contacto\\\/#breadcrumb\"},\"inLanguage\":\"en-US\",\"potentialAction\":[{\"@type\":\"ReadAction\",\"target\":[\"https:\\\/\\\/latradi.pe\\\/contacto\\\/\"]}]},{\"@type\":\"BreadcrumbList\",\"@id\":\"https:\\\/\\\/latradi.pe\\\/contacto\\\/#breadcrumb\",\"itemListElement\":[{\"@type\":\"ListItem\",\"position\":1,\"name\":\"Portada\",\"item\":\"https:\\\/\\\/latradi.pe\\\/\"},{\"@type\":\"ListItem\",\"position\":2,\"name\":\"Contacto\"}]},{\"@type\":\"WebSite\",\"@id\":\"https:\\\/\\\/latradi.pe\\\/#website\",\"url\":\"https:\\\/\\\/latradi.pe\\\/\",\"name\":\"Tradici\u00f3n Arequipe\u00f1a\",\"description\":\"Somos parte de la m\u00e1s pura tradici\u00f3n arequipe\u00f1a, en #LaTradi conservamos los sabores de anta\u00f1o. \u00a1Ven a disfrutar de nuestros deliciosos platos arequipe\u00f1os ...\",\"publisher\":{\"@id\":\"https:\\\/\\\/latradi.pe\\\/#organization\"},\"potentialAction\":[{\"@type\":\"SearchAction\",\"target\":{\"@type\":\"EntryPoint\",\"urlTemplate\":\"https:\\\/\\\/latradi.pe\\\/?s={search_term_string}\"},\"query-input\":{\"@type\":\"PropertyValueSpecification\",\"valueRequired\":true,\"valueName\":\"search_term_string\"}}],\"inLanguage\":\"en-US\"},{\"@type\":\"Organization\",\"@id\":\"https:\\\/\\\/latradi.pe\\\/#organization\",\"name\":\"Tradici\u00f3n Arequipe\u00f1a\",\"url\":\"https:\\\/\\\/latradi.pe\\\/\",\"logo\":{\"@type\":\"ImageObject\",\"inLanguage\":\"en-US\",\"@id\":\"https:\\\/\\\/latradi.pe\\\/#\\\/schema\\\/logo\\\/image\\\/\",\"url\":\"https:\\\/\\\/latradi.pe\\\/wp-content\\\/uploads\\\/2025\\\/07\\\/logo-tradi.png\",\"contentUrl\":\"https:\\\/\\\/latradi.pe\\\/wp-content\\\/uploads\\\/2025\\\/07\\\/logo-tradi.png\",\"width\":301,\"height\":131,\"caption\":\"Tradici\u00f3n Arequipe\u00f1a\"},\"image\":{\"@id\":\"https:\\\/\\\/latradi.pe\\\/#\\\/schema\\\/logo\\\/image\\\/\"},\"sameAs\":[\"https:\\\/\\\/www.facebook.com\\\/latradi\\\/?locale=es_LA\",\"https:\\\/\\\/www.instagram.com\\\/tradicionarequipena\\\/?hl=es\",\"https:\\\/\\\/www.tiktok.com\\\/@tradicionarequipena\",\"https:\\\/\\\/www.youtube.com\\\/channel\\\/UCRac_-jicMVpKKSbvDgqSdw\"]}]}<\/script>\n<!-- \/ Yoast SEO plugin. -->","yoast_head_json":{"title":"Contacto - Tradici\u00f3n Arequipe\u00f1a","description":"Entra en contacto con la Tradici\u00f3n Arequipe\u00f1a. Vis\u00edtanos en Av. Dolores y disfruta la aut\u00e9ntica gastronom\u00eda arequipe\u00f1a con m\u00e1s de 50 a\u00f1os de tradici\u00f3n.","robots":{"index":"index","follow":"follow","max-snippet":"max-snippet:-1","max-image-preview":"max-image-preview:large","max-video-preview":"max-video-preview:-1"},"canonical":"https:\/\/latradi.pe\/en\/contacto\/","og_locale":"en_US","og_type":"article","og_title":"Contacto - Tradici\u00f3n Arequipe\u00f1a","og_description":"Entra en contacto con la Tradici\u00f3n Arequipe\u00f1a. Vis\u00edtanos en Av. Dolores y disfruta la aut\u00e9ntica gastronom\u00eda arequipe\u00f1a con m\u00e1s de 50 a\u00f1os de tradici\u00f3n.","og_url":"https:\/\/latradi.pe\/en\/contacto\/","og_site_name":"Tradici\u00f3n Arequipe\u00f1a","article_publisher":"https:\/\/www.facebook.com\/latradi\/?locale=es_LA","article_modified_time":"2025-08-27T16:41:47+00:00","twitter_card":"summary_large_image","twitter_misc":{"Est. reading time":"2 minutes"},"schema":{"@context":"https:\/\/schema.org","@graph":[{"@type":"WebPage","@id":"https:\/\/latradi.pe\/contacto\/","url":"https:\/\/latradi.pe\/contacto\/","name":"Contacto - Tradici\u00f3n Arequipe\u00f1a","isPartOf":{"@id":"https:\/\/latradi.pe\/#website"},"datePublished":"2025-07-25T16:28:48+00:00","dateModified":"2025-08-27T16:41:47+00:00","description":"Entra en contacto con la Tradici\u00f3n Arequipe\u00f1a. Vis\u00edtanos en Av. Dolores y disfruta la aut\u00e9ntica gastronom\u00eda arequipe\u00f1a con m\u00e1s de 50 a\u00f1os de tradici\u00f3n.","breadcrumb":{"@id":"https:\/\/latradi.pe\/contacto\/#breadcrumb"},"inLanguage":"en-US","potentialAction":[{"@type":"ReadAction","target":["https:\/\/latradi.pe\/contacto\/"]}]},{"@type":"BreadcrumbList","@id":"https:\/\/latradi.pe\/contacto\/#breadcrumb","itemListElement":[{"@type":"ListItem","position":1,"name":"Portada","item":"https:\/\/latradi.pe\/"},{"@type":"ListItem","position":2,"name":"Contacto"}]},{"@type":"WebSite","@id":"https:\/\/latradi.pe\/#website","url":"https:\/\/latradi.pe\/","name":"Tradici\u00f3n Arequipe\u00f1a","description":"Somos parte de la m\u00e1s pura tradici\u00f3n arequipe\u00f1a, en #LaTradi conservamos los sabores de anta\u00f1o. \u00a1Ven a disfrutar de nuestros deliciosos platos arequipe\u00f1os ...","publisher":{"@id":"https:\/\/latradi.pe\/#organization"},"potentialAction":[{"@type":"SearchAction","target":{"@type":"EntryPoint","urlTemplate":"https:\/\/latradi.pe\/?s={search_term_string}"},"query-input":{"@type":"PropertyValueSpecification","valueRequired":true,"valueName":"search_term_string"}}],"inLanguage":"en-US"},{"@type":"Organization","@id":"https:\/\/latradi.pe\/#organization","name":"Tradici\u00f3n Arequipe\u00f1a","url":"https:\/\/latradi.pe\/","logo":{"@type":"ImageObject","inLanguage":"en-US","@id":"https:\/\/latradi.pe\/#\/schema\/logo\/image\/","url":"https:\/\/latradi.pe\/wp-content\/uploads\/2025\/07\/logo-tradi.png","contentUrl":"https:\/\/latradi.pe\/wp-content\/uploads\/2025\/07\/logo-tradi.png","width":301,"height":131,"caption":"Tradici\u00f3n Arequipe\u00f1a"},"image":{"@id":"https:\/\/latradi.pe\/#\/schema\/logo\/image\/"},"sameAs":["https:\/\/www.facebook.com\/latradi\/?locale=es_LA","https:\/\/www.instagram.com\/tradicionarequipena\/?hl=es","https:\/\/www.tiktok.com\/@tradicionarequipena","https:\/\/www.youtube.com\/channel\/UCRac_-jicMVpKKSbvDgqSdw"]}]}},"_links":{"self":[{"href":"https:\/\/latradi.pe\/en\/wp-json\/wp\/v2\/pages\/982","targetHints":{"allow":["GET"]}}],"collection":[{"href":"https:\/\/latradi.pe\/en\/wp-json\/wp\/v2\/pages"}],"about":[{"href":"https:\/\/latradi.pe\/en\/wp-json\/wp\/v2\/types\/page"}],"author":[{"embeddable":true,"href":"https:\/\/latradi.pe\/en\/wp-json\/wp\/v2\/users\/1"}],"replies":[{"embeddable":true,"href":"https:\/\/latradi.pe\/en\/wp-json\/wp\/v2\/comments?post=982"}],"version-history":[{"count":97,"href":"https:\/\/latradi.pe\/en\/wp-json\/wp\/v2\/pages\/982\/revisions"}],"predecessor-version":[{"id":1798,"href":"https:\/\/latradi.pe\/en\/wp-json\/wp\/v2\/pages\/982\/revisions\/1798"}],"wp:attachment":[{"href":"https:\/\/latradi.pe\/en\/wp-json\/wp\/v2\/media?parent=982"}],"curies":[{"name":"wp","href":"https:\/\/api.w.org\/{rel}","templated":true}]}}